{"id":1129,"date":"2024-11-04T13:10:28","date_gmt":"2024-11-04T13:10:28","guid":{"rendered":"https:\/\/medalab.us\/?page_id=1129"},"modified":"2026-04-14T07:52:59","modified_gmt":"2026-04-14T07:52:59","slug":"contacto","status":"publish","type":"page","link":"https:\/\/medalab.us\/es\/contacto\/","title":{"rendered":"Contacto"},"content":{"rendered":"\n<div class=\"container mx-auto max-w-1000 my-5 pt-md-3 px-3\">\n<div class=\"row\">\n\n<div class=\"col-md-6 px-3 mb-5 pb-3\">\n<h3 class=\"fs-5 mb-2 pb-1\">CONTACTO<\/h3>\n<h2 class=\"lh-1 mb-4 like-woocommerce\"><i>Estamos aqu\u00ed para ayudarte<\/i><br><strong>no dudes en ponerte en contacto<\/strong><\/h2>\n<p>\u00bfTienes preguntas, necesitas m\u00e1s informaci\u00f3n?<\/p>\n<p>Estamos disponibles a trav\u00e9s del formulario que puedes encontrar en esta p\u00e1gina o por correo electr\u00f3nico para ofrecerte todo el soporte que requieras.<\/p>\n<p class=\"pb-4\"><strong>Tu \u00e9xito es nuestra prioridad.<\/strong><\/p>\n<a href=\"tel:+529995142016\" class=\"btn btn-fill d-none px-3 py-2 justify-content-start rounded-0 mt-1\">\n<i class=\"icon-user-contact display-4 max-h-50\"><\/i>\n<span class=\"fs-6 text-start fw-normal ps-2\">Tlf. +52 999 514 2016<br><span class=\"d-none\">Horario: De 00:00 a 00:00h (CEST)<\/span><\/span>\n<\/a>\n<a href=\"mailto:sales@medalab.mx\" class=\"btn btn-fill d-flex px-3 py-2 justify-content-start rounded-0 mt-1\">\n<i class=\"icon-mail display-5 max-h-45\"><\/i>\n<span class=\"fs-6 text-start fw-normal ps-2\">sales@medalab.mx<\/span>\n<\/a>\n<\/div>\n\n<div class=\"col-md-6 px-3\">\n<div class=\"wpcf7 no-js\" id=\"wpcf7-f1166-o1\" lang=\"es-ES\" dir=\"ltr\" data-wpcf7-id=\"1166\">\n<div class=\"screen-reader-response\"><p role=\"status\" aria-live=\"polite\" aria-atomic=\"true\"><\/p> <ul><\/ul><\/div>\n<form action=\"\/es\/wp-json\/wp\/v2\/pages\/1129#wpcf7-f1166-o1\" method=\"post\" class=\"wpcf7-form init\" aria-label=\"Formulario de contacto\" novalidate=\"novalidate\" data-status=\"init\">\n<fieldset class=\"hidden-fields-container\"><input type=\"hidden\" name=\"_wpcf7\" value=\"1166\" \/><input type=\"hidden\" name=\"_wpcf7_version\" value=\"6.1.5\" \/><input type=\"hidden\" name=\"_wpcf7_locale\" value=\"es_ES\" \/><input type=\"hidden\" name=\"_wpcf7_unit_tag\" value=\"wpcf7-f1166-o1\" \/><input type=\"hidden\" name=\"_wpcf7_container_post\" value=\"0\" \/><input type=\"hidden\" name=\"_wpcf7_posted_data_hash\" value=\"\" \/><input type=\"hidden\" name=\"_wpcf7_recaptcha_response\" value=\"\" \/>\n<\/fieldset>\n<p><label> Nombre y Apellido<span class=\"red\">*<\/span><\/label><br \/>\n<span class=\"wpcf7-form-control-wrap\" data-name=\"your-name\"><input size=\"40\" maxlength=\"400\" class=\"wpcf7-form-control wpcf7-text wpcf7-validates-as-required\" autocomplete=\"name\" aria-required=\"true\" aria-invalid=\"false\" value=\"\" type=\"text\" name=\"your-name\" \/><\/span>\n<\/p>\n<p><label> Email<span class=\"red\">*<\/span><\/label><br \/>\n<span class=\"wpcf7-form-control-wrap\" data-name=\"your-email\"><input size=\"40\" maxlength=\"400\" class=\"wpcf7-form-control wpcf7-email wpcf7-validates-as-required wpcf7-text wpcf7-validates-as-email\" autocomplete=\"email\" aria-required=\"true\" aria-invalid=\"false\" value=\"\" type=\"email\" name=\"your-email\" \/><\/span>\n<\/p>\n<p><label> En qu\u00e9 podemos ayudarte<\/label><br \/>\n<span class=\"wpcf7-form-control-wrap\" data-name=\"your-message\"><textarea cols=\"40\" rows=\"10\" maxlength=\"2000\" class=\"wpcf7-form-control wpcf7-textarea\" aria-invalid=\"false\" name=\"your-message\"><\/textarea><\/span>\n<\/p>\n<p><label><strong>Acuerdo RGPD<\/strong><span class=\"red\">*<\/span><\/label><br \/>\n<span class=\"wpcf7-form-control-wrap\" data-name=\"rgpd\"><span class=\"wpcf7-form-control wpcf7-acceptance\"><span class=\"wpcf7-list-item\"><label><input type=\"checkbox\" name=\"rgpd\" value=\"1\" aria-invalid=\"false\" \/><span class=\"wpcf7-list-item-label\">He le\u00eddo y acepto la pol\u00edtica de privacidad.<\/span><\/label><\/span><\/span><\/span>\n<\/p>\n<p><input class=\"wpcf7-form-control wpcf7-submit has-spinner\" type=\"submit\" value=\"ENVIAR\" \/>\n<\/p><div class=\"wpcf7-response-output\" aria-hidden=\"true\"><\/div>\n<\/form>\n<\/div>\n<\/div>\n\n<\/div>\n<\/div>\n\n\n\n<style>\nheader {\n  position: relative;\n  background-color: #00dcf7;\n  box-shadow: 0px 3px 6px #00000029;\n}\n.cart-menu-item a {\n  background-color: #FFFEFD;\n  color: #00dcf7 !important;\n}\n.menu > li > a:hover {\n    color: #008CA0 !important;\n  }\n.logo-menu svg {\n  fill: #FFFEFD;\n}\n.wpml-ls-item .sub-menu {background: #00000029;}\n<\/style>\n","protected":false},"excerpt":{"rendered":"<p>CONTACTO Estamos aqu\u00ed para ayudarteno dudes en ponerte en contacto \u00bfTienes preguntas, necesitas m\u00e1s informaci\u00f3n? Estamos disponibles a trav\u00e9s del formulario que puedes encontrar en esta p\u00e1gina o por correo electr\u00f3nico para ofrecerte todo el soporte que requieras. Tu \u00e9xito es nuestra prioridad. Tlf. +52 999 514 2016Horario: De 00:00 a 00:00h (CEST) sales@medalab.mx<\/p>\n","protected":false},"author":1,"featured_media":0,"parent":0,"menu_order":0,"comment_status":"closed","ping_status":"closed","template":"","meta":{"footnotes":""},"class_list":["post-1129","page","type-page","status-publish","hentry"],"_links":{"self":[{"href":"https:\/\/medalab.us\/es\/wp-json\/wp\/v2\/pages\/1129","targetHints":{"allow":["GET"]}}],"collection":[{"href":"https:\/\/medalab.us\/es\/wp-json\/wp\/v2\/pages"}],"about":[{"href":"https:\/\/medalab.us\/es\/wp-json\/wp\/v2\/types\/page"}],"author":[{"embeddable":true,"href":"https:\/\/medalab.us\/es\/wp-json\/wp\/v2\/users\/1"}],"replies":[{"embeddable":true,"href":"https:\/\/medalab.us\/es\/wp-json\/wp\/v2\/comments?post=1129"}],"version-history":[{"count":38,"href":"https:\/\/medalab.us\/es\/wp-json\/wp\/v2\/pages\/1129\/revisions"}],"predecessor-version":[{"id":5045,"href":"https:\/\/medalab.us\/es\/wp-json\/wp\/v2\/pages\/1129\/revisions\/5045"}],"wp:attachment":[{"href":"https:\/\/medalab.us\/es\/wp-json\/wp\/v2\/media?parent=1129"}],"curies":[{"name":"wp","href":"https:\/\/api.w.org\/{rel}","templated":true}]}}