{"id":1198,"date":"2024-11-06T11:37:12","date_gmt":"2024-11-06T11:37:12","guid":{"rendered":"https:\/\/medalab.us\/?page_id=1198"},"modified":"2025-07-15T08:14:06","modified_gmt":"2025-07-15T08:14:06","slug":"politica-de-privacidad","status":"publish","type":"page","link":"https:\/\/medalab.us\/es\/politica-de-privacidad\/","title":{"rendered":"Pol\u00edtica de privacidad"},"content":{"rendered":"\n<div class=\"container my-5 py-md-3\">\n<div class=\"row\">\n\n<div class=\"col-md-4 px-3 mb-5 pb-3\">\n<nav class=\"legal-menu\">\n<h3 class=\"pb-3 border-bottom\"><strong>POL\u00cdTICA DE PRIVACIDAD<\/strong><\/h3>\n<ul class=\"unstyled\">\n<li class=\"py-3 border-bottom\"><h3><a href=\"#tc1\">1. Qui\u00e9n es el responsable del tratamiento de los datos personales<\/a><\/h3><\/li>\n<li class=\"py-3 border-bottom\"><h3><a href=\"#tc2\">2. Qu\u00e9 datos personales se recopilan y c\u00f3mo se obtienen<\/a><\/h3><\/li>\n<li class=\"py-3 border-bottom\"><h3><a href=\"#tc3\">3. Durante cu\u00e1nto tiempo se mantienen los datos<\/a><\/h3><\/li>\n<li class=\"py-3 border-bottom\"><h3><a href=\"#tc4\">4. Con qui\u00e9n se comparten los datos<\/a><\/h3><\/li>\n<\/ul>\n<\/nav>\n<\/div>\n\n<div class=\"col-md-8 px-3\">\n\n<h3 class=\"mb-4\" id=\"tc1\">1. Qui\u00e9n es el responsable del tratamiento de los datos personales<\/h3>\n\n<p>Nombre del titular: SAMVETE S.A. de C.V. <br>\nDomicilio fiscal: Calle 43 No.541-o, Col. Centro, M\u00e9rida, Yucat\u00e1n. CP.97000, M\u00e9xico<br>\nRFC: SAM2309181K7<br>\nTel\u00e9fono de contacto: 999 514 2016<br>\nCorreo electr\u00f3nico: sales@medalab.mx<\/p>\n\n<h3 class=\"mb-4 mt-5\" id=\"tc2\">2. Qu\u00e9 datos personales se recopilan y c\u00f3mo se obtienen<\/h3>\n\n<p>En SAMVETE SA DE CV tratamos la informaci\u00f3n que nos facilita con el fin de prestarles el servicio solicitado y realizar su facturaci\u00f3n. Por ello recabamos los datos de nombre, apellidos, direcci\u00f3n, tel\u00e9fono, DNI\/NIF\/N\u00ba de pasaporte o cualquier documento equivalente que nos permita realizar las facturas seg\u00fan el Real Decreto 1619\/2012, de 30 de noviembre.<\/p>\n\n<p>Estos datos proceden de:<\/p>\n\n<ul>\n<li>Formularios de contacto.<\/li>\n<li>Formularios de registro de clientes.<\/li>\n<\/ul>\n\n<h3 class=\"mb-4 mt-5\" id=\"tc3\">3. Durante cu\u00e1nto tiempo se mantienen los datos<\/h3>\n\n<p>Los datos proporcionados se conservar\u00e1n mientras se mantenga la relaci\u00f3n comercial o durante el tiempo necesario para cumplir con las obligaciones legales y atender las posibles responsabilidades que pudieran derivar del cumplimiento de la finalidad para la que los datos fueron recabados.<\/p>\n\n<h3 class=\"mb-4 mt-5\" id=\"tc4\">4. Con qui\u00e9n se comparten los datos<\/h3>\n\n<p>No se comunicar\u00e1n datos a terceros, salvo obligaci\u00f3n legal o cuando, para la prestaci\u00f3n contratada, sea imprescindible contar con un proveedor de servicios ajeno a SAMVETE SA DE CV En este caso, se recabar\u00e1 el expreso consentimiento formal del usuario.<\/p>\n\n<p>En este punto, como regla general, SAMVETE SA DE CV, comparte datos con los siguientes proveedores, bajo sus correspondientes condiciones de privacidad:<\/p>\n\n<p>Asesor\u00eda Castilla S.L para prestar servicios financieros y contables.<\/p>\n\n<p>Google Analytics: Enlace a sus condiciones de tratamiento de datos.<\/p>\n\n<p>Webempresa SL: Para ofrecer el servicio de alojamiento web y correo electr\u00f3nico.<\/p>\n\n<p>Usted tiene derecho a obtener informaci\u00f3n sobre si en SAMVETE estamos tratando sus datos personales, por lo que puede ejercer sus derechos de acceso, rectificaci\u00f3n, supresi\u00f3n y portabilidad de datos y oposici\u00f3n y limitaci\u00f3n a su tratamiento ante SAMVETE CA DE CV, con domicilio social en Calle 43 no.541- O Centro, CP 97000, M\u00e9rida, Yucat\u00e1n, M\u00e9xico o en la direcci\u00f3n de correo electr\u00f3nico sales@medalab.mx, adjuntando copia de su DNI o documento equivalente.<\/p>\n\n<p>Asimismo, y especialmente si considera que no ha obtenido satisfacci\u00f3n plena en el ejercicio de sus derechos, podr\u00e1 presentar una reclamaci\u00f3n ante la autoridad nacional de control dirigi\u00e9ndose a estos.<\/p>\n<\/div>\n\n<\/div>\n<\/div>\n\n\n\n<style>\nheader {position: relative;background-color: #00dcf7;box-shadow: 0px 3px 6px #00000029;}\n.cart-menu-item a {background-color: #FFFEFD;color: #00dcf7 !important;}\n.menu > li > a:hover {color: #008CA0 !important;}\n.logo-menu svg {fill: #FFFEFD;}\n.wpml-ls-item .sub-menu {background: #00000029;}\n<\/style>\n","protected":false},"excerpt":{"rendered":"<p>POL\u00cdTICA DE PRIVACIDAD 1. Qui\u00e9n es el responsable del tratamiento de los datos personales 2. Qu\u00e9 datos personales se recopilan y c\u00f3mo se obtienen 3. Durante cu\u00e1nto tiempo se mantienen los datos 4. Con qui\u00e9n se comparten los datos 1. Qui\u00e9n es el responsable del tratamiento de los datos personales Nombre del titular: SAMVETE S.A. [&hellip;]<\/p>\n","protected":false},"author":1,"featured_media":0,"parent":0,"menu_order":0,"comment_status":"closed","ping_status":"closed","template":"","meta":{"footnotes":""},"class_list":["post-1198","page","type-page","status-publish","hentry"],"_links":{"self":[{"href":"https:\/\/medalab.us\/es\/wp-json\/wp\/v2\/pages\/1198","targetHints":{"allow":["GET"]}}],"collection":[{"href":"https:\/\/medalab.us\/es\/wp-json\/wp\/v2\/pages"}],"about":[{"href":"https:\/\/medalab.us\/es\/wp-json\/wp\/v2\/types\/page"}],"author":[{"embeddable":true,"href":"https:\/\/medalab.us\/es\/wp-json\/wp\/v2\/users\/1"}],"replies":[{"embeddable":true,"href":"https:\/\/medalab.us\/es\/wp-json\/wp\/v2\/comments?post=1198"}],"version-history":[{"count":9,"href":"https:\/\/medalab.us\/es\/wp-json\/wp\/v2\/pages\/1198\/revisions"}],"predecessor-version":[{"id":3448,"href":"https:\/\/medalab.us\/es\/wp-json\/wp\/v2\/pages\/1198\/revisions\/3448"}],"wp:attachment":[{"href":"https:\/\/medalab.us\/es\/wp-json\/wp\/v2\/media?parent=1198"}],"curies":[{"name":"wp","href":"https:\/\/api.w.org\/{rel}","templated":true}]}}