{"id":1207,"date":"2024-11-06T11:50:37","date_gmt":"2024-11-06T11:50:37","guid":{"rendered":"https:\/\/medalab.us\/?page_id=1207"},"modified":"2025-02-20T15:40:29","modified_gmt":"2025-02-20T15:40:29","slug":"programa-de-afiliacion","status":"publish","type":"page","link":"https:\/\/medalab.us\/es\/programa-de-afiliacion\/","title":{"rendered":"Programa de afiliaci\u00f3n"},"content":{"rendered":"\n<div class=\"container my-5 py-md-3\">\n<div class=\"row\">\n\n<div class=\"col-md-4 px-3 mb-5 pb-3\">\n<nav class=\"legal-menu\">\n<h3 class=\"pb-3 border-bottom\"><strong>PROGRAMA DE AFILIACI\u00d3N A MEDALAB<\/strong><\/h3>\n<ul class=\"unstyled\">\n<li class=\"py-3 border-bottom\"><h3><a href=\"#tc1\">1. Elegibilidad para el programa<\/a><\/h3><\/li>\n<li class=\"py-3 border-bottom\"><h3><a href=\"#tc2\">2. Procedimiento<\/a><\/h3><\/li>\n<li class=\"py-3 border-bottom\"><h3><a href=\"#tc3\">3. Pago de comisiones<\/a><\/h3><\/li>\n<li class=\"py-3 border-bottom\"><h3><a href=\"#tc4\">4. Condiciones de permanencia<\/a><\/h3><\/li>\n<li class=\"py-3 border-bottom\"><h3><a href=\"#tc5\">5. Canales de comunicaci\u00f3n<\/a><\/h3><\/li>\n<li class=\"py-3 border-bottom\"><h3><a href=\"#tc6\">6. Uso de materiales de Medalab<\/a><\/h3><\/li>\n<li class=\"py-3 border-bottom\"><h3><a href=\"#tc7\">7. Condiciones de uso y pr\u00e1cticas prohibidas<\/a><\/h3><\/li>\n<li class=\"py-3 border-bottom\"><h3><a href=\"#tc8\">8. Cambios en la pol\u00edtica de afiliaci\u00f3n<\/strong><\/a><\/h3><\/li>\n<\/ul>\n<\/nav>\n<\/div>\n\n<div class=\"col-md-8 px-3\">\n<p>Esta pol\u00edtica de afiliaci\u00f3n establece los t\u00e9rminos y condiciones bajo los cuales Distribuciones Samvete S.L (NIF: B13889324), con direcci\u00f3n en Madfrid, C\/ Princesa 31 2\u00aa-3y correo electr\u00f3nico info@medalab.com, ofrece su programa de afiliados. Al participar en el programa de afiliados, usted acepta cumplir con las condiciones aqu\u00ed establecidas.<\/p>\n\n<h3 class=\"mb-4 mt-5\" id=\"tc1\">1. Elegibilidad para el programa<\/h3>\n\n<p>El Afiliado deber\u00e1 estar directamente relacionado con asociaciones, grupos, webs, redes sociales, etc\u2026 afines al sector del bienestar, salud, medicina alternativa o similar.<\/p>\n\n<p>Puede ser una persona f\u00edsica o una empresa, y tiene que estar en disposici\u00f3n de emitir factura para poder abonar sus comisiones.<\/p>\n\n<h3 class=\"mb-4 mt-5\" id=\"tc2\">2. Procedimiento<\/h3>\n\n<p>Distribuciones Samvete S.L proporcionar\u00e1 al Afiliado una URL espec\u00edfica que deber\u00e1 utilizar para promocionar los productos. Las compras realizadas usando esa URL generar\u00e1n las comisiones que podr\u00e1 monitorizar desde el panel de afiliados en la web de Medalab (URL de panel de afiliados).<\/p>\n\n<p>Para ello se proporcionar\u00e1 al afiliado un usuario y una contrase\u00f1a que le permitir\u00e1 acceder a su resumen de ventas y comisiones. Se adjunta anexo con informaci\u00f3n detallada del funcionamiento.<\/p>\n\n<p>Los productos elegibles para ser comisionados son: Plasmatrohn, Biotrohn, Generador de ClO<sub>2<\/sub> y Mara.<\/p>\n\n<h3 class=\"mb-4 mt-5\" id=\"tc3\">3. Pago de comisiones<\/h3>\n\n<p>La comisi\u00f3n se establece en un 10% sobre el importe de cada venta (sin impuestos). Excepto en el caso del Plasmatrohn cuya comisi\u00f3n ser\u00e1 del 5%<\/p>\n\n<p>Si un cliente realiza la devoluci\u00f3n del producto dentro del periodo legal de desistimiento la comisi\u00f3n se anula autom\u00e1ticamente.<\/p>\n\n<p>Las comisiones se abonar\u00e1n cada 3 meses, entre el d\u00eda 15 y el d\u00eda 30 de los meses de enero, abril, julio y octubre.<\/p>\n\n<p>El ingreso de las comisiones generadas se producir\u00e1 siempre que estas alcancen un m\u00ednimo de 300 \u20ac en los tres meses anteriores al mes de pago de la comisi\u00f3n.<\/p>\n\n<p>El medio de pago de las comisiones ser\u00e1 PayPal. Obligatoriamente el Afiliado debe poseer una cuenta de PayPal donde se puedan abonar dichas comisiones.<\/p>\n\n<p>Si no se cumplen las condiciones m\u00ednimas para el ingreso de las comisiones de un periodo, \u00e9stas se abonar\u00e1n en el siguiente periodo de pago, siempre y cuando se llegue al cupo m\u00ednimo de comisiones establecido (300 \u20ac en los tres meses anteriores al mes de pago de la comisi\u00f3n).<\/p>\n\n<p>El afiliado es el \u00fanico responsable de consultar su actividad en el \u00e1rea de afiliados y de enviar las facturas a Distribuciones Samvete S.L. en el periodo requerido (segunda quincena de los meses de enero, abril, julio y octubre). Si el afiliado no se responsabiliza de enviar sus facturas en el plazo acordado, Distribuciones Samvete S.L. no realizar\u00e1 el pago pasado ese plazo. Distribuciones Samvete S.L. no realizar\u00e1 ning\u00fan comunicado informando de los periodos de pago o de la falta de env\u00edo de las facturas correspondientes.<\/p>\n\n<p>El afiliado tiene la posibilidad de ofrecer un cup\u00f3n del 5% de descuento a sus clientes. En este caso el afiliado recibir\u00e1 un 5% de comisi\u00f3n sobre el importe de la compra menos el descuento del cup\u00f3n . Si el afiliado desea acogerse a esta posibilidad debe indicarlo en el formulario de solicitud y se crear\u00e1 un cup\u00f3n exclusivo para el afiliado que podr\u00e1 proporcionar a sus clientes.<\/p>\n\n<h3 class=\"mb-4 mt-5\" id=\"tc4\">4. Condiciones de permanencia<\/h3>\n\n<p>Para mantenerse en el Programa de Afiliados, el Afiliado deber\u00e1 generar un m\u00ednimo de 1.200 \u20ac de comisiones pasado un a\u00f1o desde la fecha de su inscripci\u00f3n en el programa.<\/p>\n\n<p>Si no se cumplen estas condiciones Distribuciones Samvete S.L proceder\u00e1 a dar de baja la cuenta del Afiliado y le abonar\u00e1 las comisiones que tuviera pendientes de cobrar, siempre y cuando el Afiliado haya generado 300 \u20ac en comisiones, como m\u00ednimo, durante ese periodo de un a\u00f1o.<\/p>\n\n<h3 class=\"mb-4 mt-5\" id=\"tc5\">5. Canales de comunicaci\u00f3n<\/h3>\n\n<p>El Afiliado deber\u00e1 proporcionar informaci\u00f3n sobre los canales de comunicaci\u00f3n que prefiera utilizar para hacer un seguimiento de los clientes potenciales, como p\u00e1gina web, perfiles de redes sociales, o cualquier otro canal donde se vaya a promocionar los productos de Medalab.<\/p>\n\n<h3 class=\"mb-4 mt-5\" id=\"tc6\">6. Uso de materiales de la marca Medalab<\/h3>\n\n<p>El Afiliado no podr\u00e1 modificar los archivos de medios o de branding proporcionados por la marca. Todo material proporcionado por la marca deber\u00e1 ser utilizado tal y como se entrega.<\/p>\n\n<h3 class=\"mb-4 mt-5\" id=\"tc7\">7. Condiciones de uso y pr\u00e1cticas prohibidas<\/h3>\n\n<p>El Afiliado no podr\u00e1 realizar una compra utilizando su propio enlace de afiliado. Esta pr\u00e1ctica ser\u00e1 considerada abuso de la plataforma y puede resultar en el bloqueo permanente de la cuenta del Afiliado.<\/p>\n\n<p>Adem\u00e1s, se considerar\u00e1n pr\u00e1cticas prohibidas y motivo de bloqueo de la cuenta y p\u00e9rdida de los importes no bonificados:<\/p>\n\n<ul>\n<li>La creaci\u00f3n de cuentas falsas o m\u00faltiples para beneficiarse de las comisiones.<\/li>\n<li>El uso de t\u00e9cnicas de spam para promocionar los productos de la Empresa.<\/li>\n<li>La realizaci\u00f3n de cualquier actividad ilegal o fraudulenta en relaci\u00f3n con el Programa de Afiliados.<\/li>\n<\/ul>\n\n<h3 class=\"mb-4 mt-5\" id=\"tc8\">8. Cambios en la pol\u00edtica de afiliaci\u00f3n<\/h3>\n\n<p>Distribuciones Samvete S.L se reserva el derecho de aplicar cambios o modificaciones en la prestaci\u00f3n del servicio de afiliaci\u00f3n sin previo aviso.<\/p>\n\n<p>Los afiliados ser\u00e1n notificados de los cambios en la pol\u00edtica de afiliaci\u00f3n a trav\u00e9s de su correo electr\u00f3nico registrado o mediante una actualizaci\u00f3n en el panel de afiliados. Es responsabilidad de los afiliados mantenerse informados sobre las actualizaciones y cumplir con las modificaciones en la pol\u00edtica de afiliaci\u00f3n.<\/p>\n\n<p>Al participar en el programa de afiliados de Distribuciones Samvete S.L, usted acepta y reconoce haber le\u00eddo, comprendido y aceptado los t\u00e9rminos y condiciones establecidos en esta pol\u00edtica de afiliaci\u00f3n. Si tiene alguna pregunta o inquietud, no dude en ponerse en contacto con nosotros en info@medalab.com o al tel\u00e9fono 682640553.\n<\/p> \n\n<\/div>\n\n<\/div>\n<\/div>\n\n\n\n<style>\nheader {position: relative;background-color: #00dcf7;box-shadow: 0px 3px 6px #00000029;}\n.cart-menu-item a {background-color: #FFFEFD;color: #00dcf7 !important;}\n.menu > li > a:hover {color: #008CA0 !important;}\n.logo-menu svg {fill: #FFFEFD;}\n.wpml-ls-item .sub-menu {background: #00000029;}\n<\/style>\n","protected":false},"excerpt":{"rendered":"<p>PROGRAMA DE AFILIACI\u00d3N A MEDALAB 1. Elegibilidad para el programa 2. Procedimiento 3. Pago de comisiones 4. Condiciones de permanencia 5. Canales de comunicaci\u00f3n 6. Uso de materiales de Medalab 7. Condiciones de uso y pr\u00e1cticas prohibidas 8. Cambios en la pol\u00edtica de afiliaci\u00f3n Esta pol\u00edtica de afiliaci\u00f3n establece los t\u00e9rminos y condiciones bajo los [&hellip;]<\/p>\n","protected":false},"author":1,"featured_media":0,"parent":0,"menu_order":0,"comment_status":"closed","ping_status":"closed","template":"","meta":{"footnotes":""},"class_list":["post-1207","page","type-page","status-publish","hentry"],"_links":{"self":[{"href":"https:\/\/medalab.us\/es\/wp-json\/wp\/v2\/pages\/1207","targetHints":{"allow":["GET"]}}],"collection":[{"href":"https:\/\/medalab.us\/es\/wp-json\/wp\/v2\/pages"}],"about":[{"href":"https:\/\/medalab.us\/es\/wp-json\/wp\/v2\/types\/page"}],"author":[{"embeddable":true,"href":"https:\/\/medalab.us\/es\/wp-json\/wp\/v2\/users\/1"}],"replies":[{"embeddable":true,"href":"https:\/\/medalab.us\/es\/wp-json\/wp\/v2\/comments?post=1207"}],"version-history":[{"count":15,"href":"https:\/\/medalab.us\/es\/wp-json\/wp\/v2\/pages\/1207\/revisions"}],"predecessor-version":[{"id":2853,"href":"https:\/\/medalab.us\/es\/wp-json\/wp\/v2\/pages\/1207\/revisions\/2853"}],"wp:attachment":[{"href":"https:\/\/medalab.us\/es\/wp-json\/wp\/v2\/media?parent=1207"}],"curies":[{"name":"wp","href":"https:\/\/api.w.org\/{rel}","templated":true}]}}