{"id":417,"date":"2024-09-14T06:59:04","date_gmt":"2024-09-14T06:59:04","guid":{"rendered":"https:\/\/medalab.us\/?post_type=product&#038;p=417"},"modified":"2026-04-30T18:29:52","modified_gmt":"2026-04-30T18:29:52","slug":"generador-de-frecuencias-plasmatrohn","status":"publish","type":"product","link":"https:\/\/medalab.us\/es\/product\/generador-de-frecuencias-plasmatrohn\/","title":{"rendered":"Plasmatrohn\u00ae"},"content":{"rendered":"<p class=\"blue-alert\"><strong>Impuestos no Incluidos.<\/strong> Ver\u00e1s el precio con los impuestos incluidos cuando selecciones tu pa\u00eds en la p\u00e1gina de compra.<\/p>\n<div class=\"metabox-own\">\n<div class=\"bg-red\">\n<div class=\"container py-5 fs-4\">\n<div class=\"mx-auto p-sm-5\">\n<h2 class=\"has-text-align-center mx-md-5 pb-3 mb-3 fw-lighter lh-1\"><i>Mucho m\u00e1s que un <\/i> <strong class=\"fw-light\">dispositivo<\/strong><\/h2>\n<h4 class=\"has-text-align-center mx-sm-5\">Con la compra de Plasmatrohn, tendr\u00e1s acceso a contenido exclusivo que te permitir\u00e1 disfrutar de su uso de forma eficiente<\/h4>\n<\/div>\n<div class=\"col-12 row mx-auto pb-5 justify-content-center\">\n<div class=\"col-lg-4 col-6 text-center px-sm-5 fs-sm-4 fs-6 my-5\"><i class=\"icon-docs d-block text-center display-1\"><\/i>Manuales completos e informaci\u00f3n ampliada de preguntas frecuentes.<\/div>\n<div class=\"bg-white my-5 separador-vertical\"><\/div>\n<div class=\"col-lg-4 col-6 text-center px-sm-5 fs-sm-4 fs-6 my-5\"><i class=\"icon-video-docs d-block text-center display-1\"><\/i>Documentaci\u00f3n y videos exclusivos relacionados con terapias.<\/div>\n<div class=\"bg-white my-5 separador-vertical d-lg-block d-none\"><\/div>\n<div class=\"col-lg-4 col-6 text-center px-sm-5 fs-sm-4 fs-6 my-5\"><i class=\"icon-promos d-block text-center display-1\"><\/i>Promociones exclusivas y acceso prioritario a nuevos contenidos.<\/div>\n<div class=\"bg-white my-5 separador-vertical d-lg-none\"><\/div>\n<div class=\"col-lg-4 col-6 text-center px-sm-5 fs-sm-4 fs-6 my-5\"><i class=\"icon-user-contact d-block text-center display-1\"><\/i>Asistencia t\u00e9cnica internacional<\/div>\n<div class=\"bg-white my-5 separador-vertical d-lg-block d-none\"><\/div>\n<div class=\"col-lg-4 col-6 text-center px-sm-5 fs-sm-4 fs-6 my-5\"><i class=\"icon-support d-block text-center display-1\"><\/i>Llamada onboarding del producto previo uso<\/div>\n<\/div>\n<\/div>\n<\/div>\n<p><!-- TESTIMONIALS --><\/p>\n<div id=\"reviews\" class=\"container py-sm-5 red-page\">\n<div class=\"p-sm-5 mb-4\">\n<h2 class=\"has-text-align-center fw-lighter lh-1\">Experiencias <strong class=\"fw-light d-block\">de usuarios<\/strong><\/h2>\n<\/div>\n<div class=\"cr-reviews-grid\" id=\"cr-reviews-grid-69f4b7ec52870\" style=\"border-color:;\" data-attributes=\"{&quot;count&quot;:6,&quot;show_products&quot;:false,&quot;product_links&quot;:false,&quot;sort_by&quot;:&quot;date&quot;,&quot;sort&quot;:&quot;DESC&quot;,&quot;categories&quot;:[],&quot;products&quot;:[],&quot;color_ex_brdr&quot;:&quot;&quot;,&quot;color_brdr&quot;:&quot;#e8e6e1&quot;,&quot;color_ex_bcrd&quot;:&quot;&quot;,&quot;color_bcrd&quot;:&quot;#ffffff&quot;,&quot;color_pr_bcrd&quot;:&quot;&quot;,&quot;color_stars&quot;:&quot;#FF3F60&quot;,&quot;shop_reviews&quot;:false,&quot;count_shop_reviews&quot;:1,&quot;inactive_products&quot;:false,&quot;avatars&quot;:&quot;false&quot;,&quot;show_more&quot;:6,&quot;count_total&quot;:0,&quot;product_tags&quot;:[],&quot;tags&quot;:[&quot;plasmatrohn&quot;],&quot;max_chars&quot;:0,&quot;min_chars&quot;:100,&quot;show_summary_bar&quot;:false,&quot;add_review&quot;:false,&quot;schema_markup&quot;:false,&quot;comment__not_in&quot;:[]}\">\n\t\t<div class=\"cr-reviews-grid-inner\">\n\t\t<div class=\"cr-reviews-grid-col cr-reviews-grid-col1\"><\/div>\n\t\t<div class=\"cr-reviews-grid-col cr-reviews-grid-col2\"><\/div>\n\t\t<div class=\"cr-reviews-grid-col cr-reviews-grid-col3\"><\/div>\n\t\t\t\t\t<div class=\"cr-review-card cr-card-product abrir-modal\" style=\"border-color:#e8e6e1;background-color:#ffffff;\" data-reviewid=\"67\">\n\t\t\t\t<div class=\"cr-review-card-content\">\n\t\t\t\t\t\t\t\t\t\t\n\t\t\t\t\t\n\t\t\t\t\t<div class=\"middle-row p-0 bg-transparent border-0 mt-3\">\n\t\t\t\t\t\t<div class=\"review-content\">\n\t\t\t\t\t\t\t<p><strong>Plasmatrohn y Lyme\/Borreliosis<\/strong><br \/>\nOs quiero contar la evoluci\u00f3n de un paciente que est\u00e1 viniendo a mi consulta:<\/p>\n<p>Paciente diagnosticado de Gammapatia Monoclonal de significado incierto, Neuropat\u00eda Desmielizante con afectaci\u00f3n en miembros superiores e inferiores (Positivo en Borreliosis en laboratorio fuera de Espa\u00f1a: Posible Lyme cr\u00f3nico).<\/p>\n<p>Hombre de 62 a\u00f1os (era deportista antes de enfermar) que hace 4 a\u00f1os sufre picaduras de insectos.<\/p>\n<p>Desde entonces su vida es un calvario, dolor y entumecimiento de los miembros, no siente de rodillas para abajo, las manos dolorosas y entumecidas, no puede ejercer como abogado por la falta de energ\u00eda, se va apagando y encorvando.<\/p>\n<p>Todo este tiempo se somete a pruebas de todo tipo, con biopsias incluidas. Los m\u00e9dicos le dicen al cabo de este tiempo que tal vez tenga c\u00e1ncer porque no saben que le pasa. Le retiran el tratamiento con inmunoglobulinas que lejos de ayudarle lo estaban perjudicando.<\/p>\n<p>Finalmente una doctora le indica que lo que le puede ayudar es el Plasmatrohn y el CDS.<\/p>\n<p>Acude a mi consulta y le planteo de entrada Plasmatrohn y CDS, adem\u00e1s de suplementos que poco a poco comienza a tomar.<\/p>\n<p>Primera sesi\u00f3n con Plasmatrohn: Programa Borrelia Burgdorferi. Durante la sesi\u00f3n se duerme casi todo el tiempo.<br \/>\nRegresa a los 3 d\u00edas y manifiesta que le han dejado de doler las manos.<br \/>\nComienza a tomar CDS protocolo principiante, de 1 ml a 10 en aproximadamente una semana.<\/p>\n<p>Segunda sesi\u00f3n: Programa Borrelia Burgdorferi. Se vuelve a dormir.<\/p>\n<p>Tercera sesi\u00f3n: Me comenta antes del inicio de la sesi\u00f3n que est\u00e1 trabajando y ha podido realizar tareas que unas semanas antes no hubiera podido. M\u00e1s animado y buen color. Programa Espiroquetas con Biotronh.<\/p>\n<p>Cuarta sesi\u00f3n: Antes de recibir las frecuencias me comenta que unos d\u00edas antes camin\u00f3 13 kil\u00f3metros, cuatro de ellos trotando. Tambi\u00e9n me comenta que est\u00e1 recuperando sensibilidad en los pies y se tambalea menos (p\u00e9rdida de equilibrio al no sentir los pies). Programa Borrelia Burgdorferi. No se duerme.<\/p>\n<p>Quinta sesi\u00f3n: Ya est\u00e1 tomando 18 ml de CDS, la idea es llegar a 20 ml durante tres meses y luego bajar a 10 ml (Protocolo C10).<br \/>\nMe comenta que se ha sorprendido al darse cuenta que sube y baja las escaleras sin agarrarse al posa manos. Llevaba casi cuatro a\u00f1os teni\u00e9ndose que apoyar para subir y bajar. Programa Borrelia Burgdorferi. No se duerme.<\/p>\n<p>Sexta sesi\u00f3n: Mantiene buen color, m\u00e1s energ\u00eda, ya no anda encorvado. Ha recuperado la alegr\u00eda y la vitalidad. Programas Detox Dr. Beck y Armon\u00eda Interior con Biotronh.<\/p>\n<p>El paciente ha empezado a tomar Zeolita, magnesio y Omega 3 por indicaci\u00f3n m\u00eda.<\/p>\n<p>Tambi\u00e9n le he facilitado unos imanes para que los use impactando Pares Biomagn\u00e9ticos que pueden ayudarle con infecciones a\u00f1adidas a Borrelia (Babesia, Virus Estein Barr\u2026). Todav\u00eda no los ha usado.<\/p>\n<p>Hasta aqu\u00ed os puedo contar.<\/p>\n\t\t\t\t\t\t<\/div>\n\t\t\t\t\t\t\t\t\t\t\t\t\n\t\t\t\t\t<\/div>\n\t\t\t\t\t<div class=\"rating-row pb-0\">\n\t\t\t\t\t\t<div class=\"rating\">\n\t\t\t\t\t\t\t<div class=\"crstar-rating\" style=\"#FF3F60\"><span style=\"width:100%;\"><\/span><\/div>\n\t\t\t\t\t\t<\/div>\n\t\t\t\t\t\t<div class=\"rating-label\">\n\t\t\t\t\t\t\t5\/5\t\t\t\t\t\t<\/div>\n\t\t\t\t\t<\/div>\n\t\t\t\t\t<div class=\"top-row border-0 pt-0\">\n\t\t\t\t\t\t<div class=\"reviewer\">\n\t\t\t\t\t\t\t<div class=\"reviewer-name\">\n\t\t\t\t\t\t\t\tInvitado\t\t\t\t\t\t\t<\/div>\n\t\t\t\t\t\t\t<div class=\"datetime\">\n\t\t\t\t\t\t\t\tHace 2 a\u00f1os\t\t\t\t\t\t\t<\/div>\n\t\t\t\t\t\t<\/div>\n\t\t\t\t\t<\/div>\n\t\t\t\t\t\t\t\t\t\t\t\t\t\t<\/div>\n\t\t\t<\/div>\n\t\t\t\t\t<div class=\"cr-review-card cr-card-product abrir-modal\" style=\"border-color:#e8e6e1;background-color:#ffffff;\" data-reviewid=\"68\">\n\t\t\t\t<div class=\"cr-review-card-content\">\n\t\t\t\t\t\t\t\t\t\t\n\t\t\t\t\t\n\t\t\t\t\t<div class=\"middle-row p-0 bg-transparent border-0 mt-3\">\n\t\t\t\t\t\t<div class=\"review-content\">\n\t\t\t\t\t\t\t<p><strong>Plasmatrohn, Biotrohn y C\u00e1ncer de huesos\/mama<\/strong><br \/>\nEn septiembre del 23 me diagnosticaron c\u00e1ncer de mama y met\u00e1stasis en huesos.<\/p>\n<p>Me operaron y me lo extrajeron. En noviembre comenc\u00e9 a tomar CDS. En enero se produjo una proliferaci\u00f3n del tumor a nivel cut\u00e1neo. Llevaba 2 meses tomando CDS y no entend\u00eda como algo as\u00ed podr\u00eda haber pasado pero nunca perd\u00ed la confianza en el CDS y persist\u00ed.<\/p>\n<p>Comenc\u00e9 tratamiento hormonal porque pens\u00e9 que ser\u00eda un refuerzo pero el onc\u00f3logo me dec\u00eda que nunca tendr\u00eda una remisi\u00f3n total y que con los huesos lo que pasar\u00eda es que o mejoraba un poco o por lo menos parar\u00edamos la evoluci\u00f3n de la enfermedad pero nunca remisi\u00f3n total.<br \/>\nYo segu\u00ed con el CDS: protocolo C hasta llegar a los 30-50 ml\/dia, enemas 2 veces por semana, vaginal tambi\u00e9n desde hace 2 meses 1-2 veces semana.<\/p>\n<p>Desde hace un par de meses tambi\u00e9n uso Biotrohn y Plasmatrohn.<\/p>\n<p>He tomado adapt\u00f3genos y me hice 2 endovenosos con CDS y DMSO. Tomo Zeolita y hago dieta alcalina. La gran noticia es que el c\u00e1ncer ha desaparecido en los huesos, hay residuos dice el informe.<\/p>\n<p>Estoy que no me lo creo!!!!! As\u00ed que contin\u00fao con el CDS sin parar!!!!!!!<\/p>\n<p>Lo de la mama est\u00e1 yendo m\u00e1s lento pero s\u00e9 que debo hacer desparasitaci\u00f3n y otros protocolos de CDS.<\/p>\n<p>Ha habido momentos de ansiedad, dudas de si a mi me funcionar\u00eda como a otros y desesperaci\u00f3n pero mi mensaje es que siempre siempre se puede hacer algo m\u00e1s de lo que se hace y siempre se puede seguir luchando.<\/p>\n<p>\u00c1nimo a todos<\/p>\n\t\t\t\t\t\t<\/div>\n\t\t\t\t\t\t\t\t\t\t\t\t\n\t\t\t\t\t<\/div>\n\t\t\t\t\t<div class=\"rating-row pb-0\">\n\t\t\t\t\t\t<div class=\"rating\">\n\t\t\t\t\t\t\t<div class=\"crstar-rating\" style=\"#FF3F60\"><span style=\"width:100%;\"><\/span><\/div>\n\t\t\t\t\t\t<\/div>\n\t\t\t\t\t\t<div class=\"rating-label\">\n\t\t\t\t\t\t\t5\/5\t\t\t\t\t\t<\/div>\n\t\t\t\t\t<\/div>\n\t\t\t\t\t<div class=\"top-row border-0 pt-0\">\n\t\t\t\t\t\t<div class=\"reviewer\">\n\t\t\t\t\t\t\t<div class=\"reviewer-name\">\n\t\t\t\t\t\t\t\tInvitado\t\t\t\t\t\t\t<\/div>\n\t\t\t\t\t\t\t<div class=\"datetime\">\n\t\t\t\t\t\t\t\tHace 2 a\u00f1os\t\t\t\t\t\t\t<\/div>\n\t\t\t\t\t\t<\/div>\n\t\t\t\t\t<\/div>\n\t\t\t\t\t\t\t\t\t\t\t\t\t\t<\/div>\n\t\t\t<\/div>\n\t\t\t\t\t<div class=\"cr-review-card cr-card-product abrir-modal\" style=\"border-color:#e8e6e1;background-color:#ffffff;\" data-reviewid=\"70\">\n\t\t\t\t<div class=\"cr-review-card-content\">\n\t\t\t\t\t\t\t\t\t\t\n\t\t\t\t\t\n\t\t\t\t\t<div class=\"middle-row p-0 bg-transparent border-0 mt-3\">\n\t\t\t\t\t\t<div class=\"review-content\">\n\t\t\t\t\t\t\t<p><strong>Plasmatrohn y C\u00e1ncer de P\u00e1ncreas<\/strong><br \/>\nUn paciente de c\u00e1ncer de p\u00e1ncreas grado 4 met\u00e1stasis en h\u00edgado, en dos meses, sus an\u00e1lisis cl\u00ednicos salieron dentro de rango normal.<\/p>\n<p>Los programas que us\u00f3 con el Plasmatrohn fueron: Frecuencia Universal, C\u00e1ncer de p\u00e1ncreas y C\u00e1ncer de h\u00edgado<br \/>\n(tratamiento de tres sesiones a la semana).<\/p>\n<p>Despu\u00e9s de la mejora, continu\u00f3 su tratamiento por un a\u00f1o por recomendaci\u00f3n del Dr. Andreas Ludwig Kalcker<\/p>\n\t\t\t\t\t\t<\/div>\n\t\t\t\t\t\t\t\t\t\t\t\t\n\t\t\t\t\t<\/div>\n\t\t\t\t\t<div class=\"rating-row pb-0\">\n\t\t\t\t\t\t<div class=\"rating\">\n\t\t\t\t\t\t\t<div class=\"crstar-rating\" style=\"#FF3F60\"><span style=\"width:100%;\"><\/span><\/div>\n\t\t\t\t\t\t<\/div>\n\t\t\t\t\t\t<div class=\"rating-label\">\n\t\t\t\t\t\t\t5\/5\t\t\t\t\t\t<\/div>\n\t\t\t\t\t<\/div>\n\t\t\t\t\t<div class=\"top-row border-0 pt-0\">\n\t\t\t\t\t\t<div class=\"reviewer\">\n\t\t\t\t\t\t\t<div class=\"reviewer-name\">\n\t\t\t\t\t\t\t\tInvitado\t\t\t\t\t\t\t<\/div>\n\t\t\t\t\t\t\t<div class=\"datetime\">\n\t\t\t\t\t\t\t\tHace 2 a\u00f1os\t\t\t\t\t\t\t<\/div>\n\t\t\t\t\t\t<\/div>\n\t\t\t\t\t<\/div>\n\t\t\t\t\t\t\t\t\t\t\t\t\t\t<\/div>\n\t\t\t<\/div>\n\t\t\t\t\t<div class=\"cr-review-card cr-card-product abrir-modal\" style=\"border-color:#e8e6e1;background-color:#ffffff;\" data-reviewid=\"71\">\n\t\t\t\t<div class=\"cr-review-card-content\">\n\t\t\t\t\t\t\t\t\t\t\n\t\t\t\t\t\n\t\t\t\t\t<div class=\"middle-row p-0 bg-transparent border-0 mt-3\">\n\t\t\t\t\t\t<div class=\"review-content\">\n\t\t\t\t\t\t\t<p><strong>Plasmatrohn, Fibromialgia y Artrosis<\/strong><br \/>\nDespu\u00e9s de a\u00f1os de sufrimiento provocado por la fibromialgia y la artrosis, sin obtener resultados de los innumerables tratamientos realizados, finalmente con Biotrohn puedo decir que tengo una notable y progresiva mejor\u00eda.<br \/>\nLo uso regularmente durante cuatro horas al d\u00eda, durante unos tres meses, con los programas de artritis, acidosis, inflamaci\u00f3n y sistema linf\u00e1tico.<br \/>\nMe gustar\u00eda se\u00f1alar que durante el primer per\u00edodo tuve un empeoramiento de los s\u00edntomas, probablemente debido a la desintoxicaci\u00f3n en curso.<br \/>\nLo importante es no darse por vencido y no desanimarse, como me aconsej\u00f3 uno de sus amables asistentes.<\/p>\n\t\t\t\t\t\t<\/div>\n\t\t\t\t\t\t\t\t\t\t\t\t\n\t\t\t\t\t<\/div>\n\t\t\t\t\t<div class=\"rating-row pb-0\">\n\t\t\t\t\t\t<div class=\"rating\">\n\t\t\t\t\t\t\t<div class=\"crstar-rating\" style=\"#FF3F60\"><span style=\"width:100%;\"><\/span><\/div>\n\t\t\t\t\t\t<\/div>\n\t\t\t\t\t\t<div class=\"rating-label\">\n\t\t\t\t\t\t\t5\/5\t\t\t\t\t\t<\/div>\n\t\t\t\t\t<\/div>\n\t\t\t\t\t<div class=\"top-row border-0 pt-0\">\n\t\t\t\t\t\t<div class=\"reviewer\">\n\t\t\t\t\t\t\t<div class=\"reviewer-name\">\n\t\t\t\t\t\t\t\tInvitado\t\t\t\t\t\t\t<\/div>\n\t\t\t\t\t\t\t<div class=\"datetime\">\n\t\t\t\t\t\t\t\tHace 2 a\u00f1os\t\t\t\t\t\t\t<\/div>\n\t\t\t\t\t\t<\/div>\n\t\t\t\t\t<\/div>\n\t\t\t\t\t\t\t\t\t\t\t\t\t\t<\/div>\n\t\t\t<\/div>\n\t\t\t\t\t<div class=\"cr-review-card cr-card-product abrir-modal\" style=\"border-color:#e8e6e1;background-color:#ffffff;\" data-reviewid=\"72\">\n\t\t\t\t<div class=\"cr-review-card-content\">\n\t\t\t\t\t\t\t\t\t\t\n\t\t\t\t\t\n\t\t\t\t\t<div class=\"middle-row p-0 bg-transparent border-0 mt-3\">\n\t\t\t\t\t\t<div class=\"review-content\">\n\t\t\t\t\t\t\t<p><strong>Plasmatrohn, Biotrohn y c\u00e1ncer de pr\u00f3stata con met\u00e1stasis<\/strong><br \/>\nQuiero compartir el testimonio de un paciente con c\u00e1ncer de pr\u00f3stata met\u00e1stasis en columna, los resultados de los an\u00e1lisis cl\u00ednicos eran en un inicio de 308 de ant\u00edgeno prost\u00e1tico y en dos meses bajo a 0.407, a los siguientes dos meses volvi\u00f3 a bajar a 0.1 de ant\u00edgenos prost\u00e1tico.<br \/>\nLos programas que se pusieron fueron:<br \/>\nFrecuencia Universal<br \/>\nC\u00e1ncer de Pr\u00f3stata<br \/>\nC\u00e1ncer General<br \/>\nMet\u00e1stasis<br \/>\nDetox<br \/>\n(Sigui\u00f3 su tratamiento por un a\u00f1o por recomendaci\u00f3n de Andreas Kalcker)<\/p>\n\t\t\t\t\t\t<\/div>\n\t\t\t\t\t\t\t\t\t\t\t\t\n\t\t\t\t\t<\/div>\n\t\t\t\t\t<div class=\"rating-row pb-0\">\n\t\t\t\t\t\t<div class=\"rating\">\n\t\t\t\t\t\t\t<div class=\"crstar-rating\" style=\"#FF3F60\"><span style=\"width:100%;\"><\/span><\/div>\n\t\t\t\t\t\t<\/div>\n\t\t\t\t\t\t<div class=\"rating-label\">\n\t\t\t\t\t\t\t5\/5\t\t\t\t\t\t<\/div>\n\t\t\t\t\t<\/div>\n\t\t\t\t\t<div class=\"top-row border-0 pt-0\">\n\t\t\t\t\t\t<div class=\"reviewer\">\n\t\t\t\t\t\t\t<div class=\"reviewer-name\">\n\t\t\t\t\t\t\t\tInvitado\t\t\t\t\t\t\t<\/div>\n\t\t\t\t\t\t\t<div class=\"datetime\">\n\t\t\t\t\t\t\t\tHace 2 a\u00f1os\t\t\t\t\t\t\t<\/div>\n\t\t\t\t\t\t<\/div>\n\t\t\t\t\t<\/div>\n\t\t\t\t\t\t\t\t\t\t\t\t\t\t<\/div>\n\t\t\t<\/div>\n\t\t\t\t\t<div class=\"cr-review-card cr-card-product abrir-modal\" style=\"border-color:#e8e6e1;background-color:#ffffff;\" data-reviewid=\"74\">\n\t\t\t\t<div class=\"cr-review-card-content\">\n\t\t\t\t\t\t\t\t\t\t\n\t\t\t\t\t\n\t\t\t\t\t<div class=\"middle-row p-0 bg-transparent border-0 mt-3\">\n\t\t\t\t\t\t<div class=\"review-content\">\n\t\t\t\t\t\t\t<p><strong>Biotrohn + Plasmatrohn, dolor del supraespinoso<\/strong><br \/>\nUn amigo con fisura del 50% del m\u00fasculo supraespinoso estaba viniendo a mi casa a ponerse el Biotrohn y el Plasmatrohn para ver si aliviaba el dolor.<\/p>\n<p>Empez\u00f3 el domingo con Biotrohn y Plasmatrohn simult\u00e1neamente, el programa que le estoy poniendo en ambos es el de dolor de cuello (eleg\u00ed ese porque es la zona m\u00e1s cercana a la lesi\u00f3n).<\/p>\n<p>Desde la primera sesi\u00f3n ha tenido una disminuci\u00f3n muy grande del dolor,  levanta el brazo sin molestias y tambi\u00e9n desde que empez\u00f3 con ambos aparatos duerme profundamente (antes no!)<\/p>\n\t\t\t\t\t\t<\/div>\n\t\t\t\t\t\t\t\t\t\t\t\t\n\t\t\t\t\t<\/div>\n\t\t\t\t\t<div class=\"rating-row pb-0\">\n\t\t\t\t\t\t<div class=\"rating\">\n\t\t\t\t\t\t\t<div class=\"crstar-rating\" style=\"#FF3F60\"><span style=\"width:100%;\"><\/span><\/div>\n\t\t\t\t\t\t<\/div>\n\t\t\t\t\t\t<div class=\"rating-label\">\n\t\t\t\t\t\t\t5\/5\t\t\t\t\t\t<\/div>\n\t\t\t\t\t<\/div>\n\t\t\t\t\t<div class=\"top-row border-0 pt-0\">\n\t\t\t\t\t\t<div class=\"reviewer\">\n\t\t\t\t\t\t\t<div class=\"reviewer-name\">\n\t\t\t\t\t\t\t\tInvitado\t\t\t\t\t\t\t<\/div>\n\t\t\t\t\t\t\t<div class=\"datetime\">\n\t\t\t\t\t\t\t\tHace 3 a\u00f1os\t\t\t\t\t\t\t<\/div>\n\t\t\t\t\t\t<\/div>\n\t\t\t\t\t<\/div>\n\t\t\t\t\t\t\t\t\t\t\t\t\t\t<\/div>\n\t\t\t<\/div>\n\t\t\t<\/div>\n\t\t\t<div class=\"cr-show-more\">\n\t\t\t<button class=\"cr-show-more-button\" type=\"button\">Mostrar m\u00e1s<\/button>\n\t\t\t<span class=\"cr-show-more-spinner\" style=\"display:none;\"><\/span>\n\t\t<\/div>\n\t<\/div>\n\n\n<!-- Modal HTML -->\n<div class=\"testimonial-modal modal fade\">\n\t<div class=\"modal-dialog modal-dialog-centered modal-lg\">\n  \t\t<div class=\"modal-content\">\n\t\t\t<div class=\"modal-body\">\n    \t\t<!-- Aqu\u00ed se cargar\u00e1 el contenido completo del testimonio -->\n\t\t\t<\/div>\n\t\t\t<button class=\"close-modal\"><\/button>\n\t\t<\/div>\n\t<\/div>\n<\/div>\n<\/div>\n<p><!-- EXCELENCIA --><\/p>\n<div class=\"bg-dark-green\">\n<div class=\"container py-sm-5 py-1 fs-4\">\n<div class=\"col-xl-4 col-sm-6 col-9 mx-auto py-5\">\n<p><i class=\"icon-excellence d-block text-center display-1\">\u00a0<\/i><\/p>\n<h4 class=\"has-text-align-center\">Compromiso con la excelencia<\/h4>\n<\/div>\n<div class=\"col-xl-9 mx-auto mb-5 text-center fs-sm-4 fs-6\">En Medalab, nuestro compromiso con la excelencia es absoluto. Entendemos que el soporte y la capacitaci\u00f3n son cruciales para el \u00e9xito en el uso de nuestras tecnolog\u00edas avanzadas, por lo que dispondr\u00e1 de una primera videollamada para funcionamiento y configuraciones iniciales.<\/div>\n<\/div>\n<\/div>\n<p><!-- REDES SOCIALES --><\/p>\n<div class=\"container py-5 d-none\">\n<h2 class=\"has-text-align-center mb-3 fw-lighter lh-1 pt-sm-5 mt-sm-3\">\u00danete a <span class=\"fw-light d-sm-block\">la comunidad<\/span><\/h2>\n<div class=\"text-center fs-2 mb-4 pb-1\">PLASMATROHN\u00ae<\/div>\n<p class=\"text-center w-sm-50 mx-auto px-sm-4 fs-5 mb-5 pb-2\">Comparte tu experiencia con otros usuarios a trav\u00e9s de tus redes sociales <strong>@plasmatrohn #plasmatrohn<\/strong><\/p>\n<ul class=\"unstyled d-flex justify-content-center gap-3 red-content mb-sm-5 mb-0\">\n<li><a class=\"link text-decoration-none display-4\" title=\"Facebook Medalab\"><i class=\"icon-facebook\">\u00a0<\/i><\/a><\/li>\n<li><a class=\"link text-decoration-none display-4\" title=\"Instagram Medalab\"><i class=\"icon-instagram\">\u00a0<\/i><\/a><\/li>\n<li><a class=\"link text-decoration-none display-4\" title=\"Youtube Medalab\"><i class=\"icon-youtube\">\u00a0<\/i><\/a><\/li>\n<\/ul>\n<\/div>\n<\/div>\n<style>\n.entry-summary form.cart{display:block}\n.woocommerce div.product form.cart .variations th{display:none;}\n.woocommerce div.product form.cart .variations{margin-bottom:1.5rem!important;}\n<\/style>\n","protected":false},"excerpt":{"rendered":"<h1 class=\"product_title_own\"><span class=\"d-flex flex-wrap\"><span class=\"insert-plasmatrohn-logo entry-logo\"><strong class=\"hidden-text\">Plasmatrohn\u00ae<\/strong><\/span><span class=\"insert-firma entry-sign\"><strong class=\"hidden-text\">by Dr.Kalcker<\/strong><\/span><\/span><\/h1>\n<h4><strong>Generador de pulsos de plasma fr\u00edo que ayuda en el tratamiento de patolog\u00edas a nivel celular<\/strong><\/h4>\n<ul>\n<li>Induce la comunicaci\u00f3n celular coherente mediante la resonancia de impulsos electromagn\u00e9ticos del plasma de alta tensi\u00f3n.<\/li>\n<li>Capaz de generar impulsos profundos de baja frecuencia con una precisi\u00f3n muy alta de s\u00f3lo 0,001 Hz.<\/li>\n<li>Se basa en los trabajos del doctor Rife y Lakhowsky, relativos a sus investigaciones con frecuencias que comenzaron ya en la d\u00e9cada de 1940 y exhibieron sorprendentes resultados en el c\u00e1ncer de huesos y otras enfermedades cr\u00f3nicas.<\/li>\n<\/ul>\n<ul class=\"unstyled d-lg-flex d-md-block d-sm-flex gap-4 equal-w text-center\">\n<li><i class=\"d-block text-center icon-programming\"><\/i>Muy f\u00e1cil de usar<\/li>\n<li><span class=\"d-block text-center fs-2 fw-lighter h-84px d-flex justify-content-center align-items-center\"><strong>0,001<\/strong>Hz<\/span>Alta precisi\u00f3n<\/li>\n<li><i class=\"d-block text-center icon-group\"><\/i>Inducci\u00f3n de frecuencias por resonancia<\/li>\n<\/ul>\n<p class=\"m-0 fw-bolder d-block border-top pt-3\">Idioma del dispositivo<\/p>\n<p style=\"font-size: .8rem;\" class=\"mb-2\">Se entrega ya configurado en el idioma seleccionado<\/p>\n","protected":false},"featured_media":3417,"comment_status":"open","ping_status":"closed","template":"","meta":[],"product_brand":[],"product_cat":[27],"product_tag":[36],"class_list":{"0":"post-417","1":"product","2":"type-product","3":"status-publish","4":"has-post-thumbnail","6":"product_cat-producto","7":"product_tag-plasmatrohn","8":"product_shipping_class-prohibido-argentina","10":"first","11":"instock","12":"taxable","13":"shipping-taxable","14":"purchasable","15":"product-type-variable"},"bundled_by":[],"bundle_stock_status":"instock","bundle_stock_quantity":2,"bundle_virtual":false,"bundle_layout":"","bundle_add_to_cart_form_location":"","bundle_editable_in_cart":false,"bundle_sold_individually_context":"","bundle_item_grouping":"","bundle_min_size":"","bundle_max_size":"","bundle_price":[],"bundled_items":[],"bundle_sell_ids":[],"_links":{"self":[{"href":"https:\/\/medalab.us\/es\/wp-json\/wp\/v2\/product\/417","targetHints":{"allow":["GET"]}}],"collection":[{"href":"https:\/\/medalab.us\/es\/wp-json\/wp\/v2\/product"}],"about":[{"href":"https:\/\/medalab.us\/es\/wp-json\/wp\/v2\/types\/product"}],"replies":[{"embeddable":true,"href":"https:\/\/medalab.us\/es\/wp-json\/wp\/v2\/comments?post=417"}],"wp:featuredmedia":[{"embeddable":true,"href":"https:\/\/medalab.us\/es\/wp-json\/wp\/v2\/media\/3417"}],"wp:attachment":[{"href":"https:\/\/medalab.us\/es\/wp-json\/wp\/v2\/media?parent=417"}],"wp:term":[{"taxonomy":"product_brand","embeddable":true,"href":"https:\/\/medalab.us\/es\/wp-json\/wp\/v2\/product_brand?post=417"},{"taxonomy":"product_cat","embeddable":true,"href":"https:\/\/medalab.us\/es\/wp-json\/wp\/v2\/product_cat?post=417"},{"taxonomy":"product_tag","embeddable":true,"href":"https:\/\/medalab.us\/es\/wp-json\/wp\/v2\/product_tag?post=417"}],"curies":[{"name":"wp","href":"https:\/\/api.w.org\/{rel}","templated":true}]}}