{"id":486,"date":"2024-09-16T21:13:45","date_gmt":"2024-09-16T21:13:45","guid":{"rendered":"https:\/\/medalab.us\/?post_type=product&#038;p=486"},"modified":"2026-05-01T06:36:03","modified_gmt":"2026-05-01T06:36:03","slug":"generador-de-dioxido-de-cloro-cds-gen","status":"publish","type":"product","link":"https:\/\/medalab.us\/es\/product\/generador-de-dioxido-de-cloro-cds-gen\/","title":{"rendered":"CDS GEN\u00ae"},"content":{"rendered":"<p class=\"blue-alert\"><strong>Impuestos no Incluidos.<\/strong> Ver\u00e1s el precio con los impuestos incluidos cuando selecciones tu pa\u00eds en la p\u00e1gina de compra.<\/p>\n<div class=\"metabox-own\">\n<div class=\"bg-green\">\n<div class=\"container py-5 fs-4\">\n<div class=\"col-12 mx-auto p-sm-5 mb-5\">\n<h2 class=\"has-text-align-center mx-md-5 pb-3 mb-3 fw-lighter lh-1\"><i>Mucho m\u00e1s que un <\/i> <strong class=\"fw-light\">dispositivo<\/strong><\/h2>\n<h4 class=\"has-text-align-center mx-sm-5\">Con la compra de CDS GEN, tendr\u00e1s acceso a contenido exclusivo que te permitir\u00e1 disfrutar de su uso de forma eficiente<\/h4>\n<\/div>\n<div class=\"col-xl-9 row mx-auto pb-sm-5 mb-5\">\n<div class=\"col-6 text-center px-sm-5 border-end border-white fs-sm-4 fs-6\"><i class=\"icon-docs d-block text-center display-1\"><\/i>Manuales completos e informaci\u00f3n ampliada de preguntas frecuentes.<\/div>\n<div class=\"col-6 text-center px-sm-5 fs-sm-4 fs-6\"><i class=\"icon-video-docs d-block text-center display-1\"><\/i>Documentaci\u00f3n y videos exclusivos relacionados con terapias.<\/div>\n<\/div>\n<div class=\"col-xl-9 row mx-auto pb-sm-5 mb-5\">\n<div class=\"col-6 text-center px-sm-5 border-end border-white fs-sm-4 fs-6\"><i class=\"icon-promos d-block text-center display-1\"><\/i>Promociones exclusivas y acceso prioritario a nuevos contenidos.<\/div>\n<div class=\"col-6 text-center px-sm-5 fs-sm-4 fs-6\"><i class=\"icon-user-contact d-block text-center display-1\"><\/i>Asistencia t\u00e9cnica internacional<\/div>\n<\/div>\n<\/div>\n<\/div>\n<p><!-- TESTIMONIALS --><\/p>\n<div id=\"reviews\" class=\"container py-5 green-page\">\n<div class=\"p-sm-5 mb-4\">\n<h2 class=\"has-text-align-center fw-lighter lh-1\">Experiencias <strong class=\"fw-light d-block\">de usuarios<\/strong><\/h2>\n<\/div>\n<div class=\"cr-reviews-grid\" id=\"cr-reviews-grid-69f4b4f5d938d\" style=\"border-color:;\" data-attributes=\"{&quot;count&quot;:6,&quot;show_products&quot;:false,&quot;product_links&quot;:false,&quot;sort_by&quot;:&quot;date&quot;,&quot;sort&quot;:&quot;DESC&quot;,&quot;categories&quot;:[],&quot;products&quot;:[],&quot;color_ex_brdr&quot;:&quot;&quot;,&quot;color_brdr&quot;:&quot;#e8e6e1&quot;,&quot;color_ex_bcrd&quot;:&quot;&quot;,&quot;color_bcrd&quot;:&quot;#ffffff&quot;,&quot;color_pr_bcrd&quot;:&quot;&quot;,&quot;color_stars&quot;:&quot;#2CC4A7&quot;,&quot;shop_reviews&quot;:false,&quot;count_shop_reviews&quot;:1,&quot;inactive_products&quot;:false,&quot;avatars&quot;:&quot;false&quot;,&quot;show_more&quot;:6,&quot;count_total&quot;:0,&quot;product_tags&quot;:[],&quot;tags&quot;:[&quot;cdsgen&quot;],&quot;max_chars&quot;:0,&quot;min_chars&quot;:100,&quot;show_summary_bar&quot;:false,&quot;add_review&quot;:false,&quot;schema_markup&quot;:false,&quot;comment__not_in&quot;:[]}\">\n\t\t<div class=\"cr-reviews-grid-inner\">\n\t\t<div class=\"cr-reviews-grid-col cr-reviews-grid-col1\"><\/div>\n\t\t<div class=\"cr-reviews-grid-col cr-reviews-grid-col2\"><\/div>\n\t\t<div class=\"cr-reviews-grid-col cr-reviews-grid-col3\"><\/div>\n\t\t\t\t\t<div class=\"cr-review-card cr-card-product abrir-modal\" style=\"border-color:#e8e6e1;background-color:#ffffff;\" data-reviewid=\"83\">\n\t\t\t\t<div class=\"cr-review-card-content\">\n\t\t\t\t\t\t\t\t\t\t\n\t\t\t\t\t\n\t\t\t\t\t<div class=\"middle-row p-0 bg-transparent border-0 mt-3\">\n\t\t\t\t\t\t<div class=\"review-content\">\n\t\t\t\t\t\t\t<p><strong>Insomnio<\/strong><br \/>\nEn mi opini\u00f3n, en lo que respecta a la salud, considero al Plasmatron, al cds y al hata yoga, como la sant\u00edsima trinidad. Impresionante e instant\u00e1neo resultado del programa 23_insomnio, efecto persistente durante todo el d\u00eda en estado de relajaci\u00f3n mental.<\/p>\n\t\t\t\t\t\t<\/div>\n\t\t\t\t\t\t\t\t\t\t\t\t\n\t\t\t\t\t<\/div>\n\t\t\t\t\t<div class=\"rating-row pb-0\">\n\t\t\t\t\t\t<div class=\"rating\">\n\t\t\t\t\t\t\t<div class=\"crstar-rating\" style=\"#2CC4A7\"><span style=\"width:100%;\"><\/span><\/div>\n\t\t\t\t\t\t<\/div>\n\t\t\t\t\t\t<div class=\"rating-label\">\n\t\t\t\t\t\t\t5\/5\t\t\t\t\t\t<\/div>\n\t\t\t\t\t<\/div>\n\t\t\t\t\t<div class=\"top-row border-0 pt-0\">\n\t\t\t\t\t\t<div class=\"reviewer\">\n\t\t\t\t\t\t\t<div class=\"reviewer-name\">\n\t\t\t\t\t\t\t\tInvitado\t\t\t\t\t\t\t<\/div>\n\t\t\t\t\t\t\t<div class=\"datetime\">\n\t\t\t\t\t\t\t\tHace 4 a\u00f1os\t\t\t\t\t\t\t<\/div>\n\t\t\t\t\t\t<\/div>\n\t\t\t\t\t<\/div>\n\t\t\t\t\t\t\t\t\t\t\t\t\t\t<\/div>\n\t\t\t<\/div>\n\t\t\t\t\t<div class=\"cr-review-card cr-card-product abrir-modal\" style=\"border-color:#e8e6e1;background-color:#ffffff;\" data-reviewid=\"157\">\n\t\t\t\t<div class=\"cr-review-card-content\">\n\t\t\t\t\t\t\t\t\t\t\n\t\t\t\t\t\n\t\t\t\t\t<div class=\"middle-row p-0 bg-transparent border-0 mt-3\">\n\t\t\t\t\t\t<div class=\"review-content\">\n\t\t\t\t\t\t\t<p><strong>Muy feliz con el equipo generador de di\u00f3xido de cloro<\/strong><br \/>\nYo he quedado muy feliz de que el equipo generador de di\u00f3xido de cloro lleg\u00f3 a Chile en el tiempo previsto y el seguimiento que se da por la empresa de transporte es muy util.<br \/>\nRespecto al rendimiento del equipo considero que es muy eficaz para la producci\u00f3n de la soluci\u00f3n madre concentrada de CLO2, si por ejemplo obtengo 1000 ml a m\u00e1xima concentraci\u00f3n y utilizo 10 ml por cada litro de agua, resultan en 100 diluciones para diferentes utilidades para las vidas de mi familia y amigos.<\/p>\n\t\t\t\t\t\t<\/div>\n\t\t\t\t\t\t\t\t\t\t\t\t\n\t\t\t\t\t<\/div>\n\t\t\t\t\t<div class=\"rating-row pb-0\">\n\t\t\t\t\t\t<div class=\"rating\">\n\t\t\t\t\t\t\t<div class=\"crstar-rating\" style=\"#2CC4A7\"><span style=\"width:100%;\"><\/span><\/div>\n\t\t\t\t\t\t<\/div>\n\t\t\t\t\t\t<div class=\"rating-label\">\n\t\t\t\t\t\t\t5\/5\t\t\t\t\t\t<\/div>\n\t\t\t\t\t<\/div>\n\t\t\t\t\t<div class=\"top-row border-0 pt-0\">\n\t\t\t\t\t\t<div class=\"reviewer\">\n\t\t\t\t\t\t\t<div class=\"reviewer-name\">\n\t\t\t\t\t\t\t\tInvitado\t\t\t\t\t\t\t<\/div>\n\t\t\t\t\t\t\t<div class=\"datetime\">\n\t\t\t\t\t\t\t\tHace 6 a\u00f1os\t\t\t\t\t\t\t<\/div>\n\t\t\t\t\t\t<\/div>\n\t\t\t\t\t<\/div>\n\t\t\t\t\t\t\t\t\t\t\t\t\t\t<\/div>\n\t\t\t<\/div>\n\t\t\t\t\t<div class=\"cr-review-card cr-card-product abrir-modal\" style=\"border-color:#e8e6e1;background-color:#ffffff;\" data-reviewid=\"156\">\n\t\t\t\t<div class=\"cr-review-card-content\">\n\t\t\t\t\t\t\t\t\t\t\n\t\t\t\t\t\n\t\t\t\t\t<div class=\"middle-row p-0 bg-transparent border-0 mt-3\">\n\t\t\t\t\t\t<div class=\"review-content\">\n\t\t\t\t\t\t\t<p><strong>Mi experiencia es con el generador de CLO2<\/strong><br \/>\nEs una maravilla su practicidad y eficacia. Hago 5 litros de CDS ultrapuro a 3000 ppm en 5 horas y media con una carga de 150 ml de clorito de sodio (media hora para depurar primero el clorito de sodio antes de empezar a recolectar el gas en el agua destilada). Siempre corroborando con las tiras reactivas que se logran los 3000 ppm que recomienda A.K.<\/p>\n<p>Para m\u00ed ha sido un s\u00faper plus que estoy ofreciendo a mis allegados porque he tenido mucha retroalimentaci\u00f3n positiva de ellos, sobre lo suave y tolerable que ha sido el CDS por electr\u00f3lisis comparado con el CDS activado con \u00e1cido clorh\u00eddrico. Aquellos que dejaron de tomar el CDS activado con \u00e1cido por crisis curativas violentas, los alent\u00e9 a probar esta nueva versi\u00f3n y est\u00e1n felices. Gracias a los cient\u00edficos que dise\u00f1aron este tesoro y gracias a Medalab por su presto servicio, porque fue sorprendente lo r\u00e1pido lo que me lleg\u00f3 el Generador siendo que en menos de 7 d\u00edas ya hab\u00eda llegado de Europa a mi P.O. BOX en Texas.<\/p>\n\t\t\t\t\t\t<\/div>\n\t\t\t\t\t\t\t\t\t\t\t\t\n\t\t\t\t\t<\/div>\n\t\t\t\t\t<div class=\"rating-row pb-0\">\n\t\t\t\t\t\t<div class=\"rating\">\n\t\t\t\t\t\t\t<div class=\"crstar-rating\" style=\"#2CC4A7\"><span style=\"width:100%;\"><\/span><\/div>\n\t\t\t\t\t\t<\/div>\n\t\t\t\t\t\t<div class=\"rating-label\">\n\t\t\t\t\t\t\t5\/5\t\t\t\t\t\t<\/div>\n\t\t\t\t\t<\/div>\n\t\t\t\t\t<div class=\"top-row border-0 pt-0\">\n\t\t\t\t\t\t<div class=\"reviewer\">\n\t\t\t\t\t\t\t<div class=\"reviewer-name\">\n\t\t\t\t\t\t\t\tInvitado\t\t\t\t\t\t\t<\/div>\n\t\t\t\t\t\t\t<div class=\"datetime\">\n\t\t\t\t\t\t\t\tHace 6 a\u00f1os\t\t\t\t\t\t\t<\/div>\n\t\t\t\t\t\t<\/div>\n\t\t\t\t\t<\/div>\n\t\t\t\t\t\t\t\t\t\t\t\t\t\t<\/div>\n\t\t\t<\/div>\n\t\t\t<\/div>\n\t\t\t<div class=\"cr-show-more\">\n\t\t\t<button class=\"cr-show-more-button\" type=\"button\">Mostrar m\u00e1s<\/button>\n\t\t\t<span class=\"cr-show-more-spinner\" style=\"display:none;\"><\/span>\n\t\t<\/div>\n\t<\/div>\n\n\n<!-- Modal HTML -->\n<div class=\"testimonial-modal modal fade\">\n\t<div class=\"modal-dialog modal-dialog-centered modal-lg\">\n  \t\t<div class=\"modal-content\">\n\t\t\t<div class=\"modal-body\">\n    \t\t<!-- Aqu\u00ed se cargar\u00e1 el contenido completo del testimonio -->\n\t\t\t<\/div>\n\t\t\t<button class=\"close-modal\"><\/button>\n\t\t<\/div>\n\t<\/div>\n<\/div>\n<\/div>\n<p><!-- EXCELENCIA --><\/p>\n<div class=\"bg-dark-green\">\n<div class=\"container py-sm-5 py-1 fs-4\">\n<div class=\"col-xl-4 col-sm-6 col-9 mx-auto py-5\">\n<p><i class=\"icon-excellence d-block text-center display-1\">\u00a0<\/i><\/p>\n<h4 class=\"has-text-align-center\">Compromiso con la excelencia<\/h4>\n<\/div>\n<div class=\"col-xl-9 mx-auto mb-5 text-center fs-sm-4 fs-6\">En Medalab, nuestro compromiso con la excelencia es absoluto. Entendemos que el soporte y la capacitaci\u00f3n son cruciales para el \u00e9xito en el uso de nuestras tecnolog\u00edas avanzadas, por lo que nos esforzamos en asegurar que cada cliente no solo reciba un producto de calidad como CDS GEN, sino tambi\u00e9n el conocimiento y apoyo necesarios para utilizarlo de manera efectiva.<\/div>\n<\/div>\n<\/div>\n<p><!-- REDES SOCIALES --><\/p>\n<div class=\"container py-5 d-none\">\n<h2 class=\"has-text-align-center mb-3 fw-lighter lh-1 pt-sm-5 mt-sm-3\">\u00danete a <span class=\"fw-light d-sm-block\">la comunidad<\/span><\/h2>\n<div class=\"text-center fs-2 mb-4 pb-1\">CDS GEN\u00ae<\/div>\n<p class=\"text-center w-sm-50 mx-auto px-sm-4 fs-5 mb-5 pb-2\">Comparte tu experiencia con otros usuarios a trav\u00e9s de tus redes sociales <strong>@cdsgen #cdsgen<\/strong><\/p>\n<ul class=\"unstyled d-flex justify-content-center gap-3 green-content mb-sm-5 mb-0\">\n<li><a class=\"link text-decoration-none display-4\" title=\"Facebook Medalab\"><i class=\"icon-facebook\">\u00a0<\/i><\/a><\/li>\n<li><a class=\"link text-decoration-none display-4\" title=\"Instagram Medalab\"><i class=\"icon-instagram\">\u00a0<\/i><\/a><\/li>\n<li><a class=\"link text-decoration-none display-4\" title=\"Youtube Medalab\"><i class=\"icon-youtube\">\u00a0<\/i><\/a><\/li>\n<\/ul>\n<\/div>\n<\/div>\n","protected":false},"excerpt":{"rendered":"<h1 class=\"product_title_own\"><span class=\"insert-cdsgen-logo\"><strong class=\"hidden-text\">CDS GEN<\/strong><\/span><\/h1>\n<p><!-- BEGIN PROMO --><\/p>\n<div class=\"blue-band p-sm-4 p-3 mb-4\">\n<div class=\"row align-items-center\">\n<div class=\"col-6\">Promoci\u00f3n <span class=\"d-block\">CDSGen + Mara<\/span><\/div>\n<div class=\"col-6 ps-0\">\n<div class=\"promo-pill\">-20% Dto.<\/div>\n<\/div>\n<\/div>\n<\/div>\n<style>\n.blue-band {background-color: #00DCF7;color: #fff;font-size: 1.875rem;font-weight: 300;text-align: center;line-height: 101.5%;}<br \/>.blue-band span{font-weight:500;}<br \/>.promo-pill{border-radius: 14px;font-size: 2.875rem;font-weight: 500;line-height: 117.5%;padding: 3px 5px;border: 2px solid #fff;}<br \/>@media (max-width: 767.5px){<br \/>.blue-band {font-size: 1.125rem;}<br \/>.promo-pill {font-size: 1.625rem;}<br \/>}<br \/><\/style>\n<p><!-- END PROMO --><\/p>\n<h4><strong>Generador de Di\u00f3xido de cloro (CDS) ultrapuro<\/strong><\/h4>\n<ul>\n<li>Generaci\u00f3n de di\u00f3xido de cloro mediante electr\u00f3lisis alcanzando m\u00e1xima pureza del 99,99 % sin residuos.<\/li>\n<li>\u00danicamente requiere clorito de sodio para generar CDS (no necesita activador).<\/li>\n<li>Alta velocidad y volumen de producci\u00f3n.<\/li>\n<\/ul>\n<ul class=\"unstyled d-lg-flex d-md-block d-sm-flex gap-4\">\n<li><i class=\"d-block text-center icon-leafe\"><\/i>Gas ClO\u2082 sin impurezas qu\u00edmicas<\/li>\n<li><i class=\"d-block text-center icon-soft\"><\/i>ClO\u2082 m\u00e1s seguro y suave<\/li>\n<li><i class=\"d-block text-center icon-ready\"><\/i>Generador compacto y port\u00e1til<\/li>\n<\/ul>\n","protected":false},"featured_media":487,"comment_status":"open","ping_status":"closed","template":"","meta":[],"product_brand":[],"product_cat":[27],"product_tag":[37],"class_list":{"0":"post-486","1":"product","2":"type-product","3":"status-publish","4":"has-post-thumbnail","6":"product_cat-producto","7":"product_tag-cdsgen","9":"first","10":"instock","11":"taxable","12":"shipping-taxable","13":"purchasable","14":"product-type-simple"},"bundled_by":["4161"],"bundle_stock_status":"instock","bundle_stock_quantity":11,"bundle_virtual":false,"bundle_layout":"","bundle_add_to_cart_form_location":"","bundle_editable_in_cart":false,"bundle_sold_individually_context":"","bundle_item_grouping":"","bundle_min_size":"","bundle_max_size":"","bundle_price":[],"bundled_items":[],"bundle_sell_ids":[],"_links":{"self":[{"href":"https:\/\/medalab.us\/es\/wp-json\/wp\/v2\/product\/486","targetHints":{"allow":["GET"]}}],"collection":[{"href":"https:\/\/medalab.us\/es\/wp-json\/wp\/v2\/product"}],"about":[{"href":"https:\/\/medalab.us\/es\/wp-json\/wp\/v2\/types\/product"}],"replies":[{"embeddable":true,"href":"https:\/\/medalab.us\/es\/wp-json\/wp\/v2\/comments?post=486"}],"wp:featuredmedia":[{"embeddable":true,"href":"https:\/\/medalab.us\/es\/wp-json\/wp\/v2\/media\/487"}],"wp:attachment":[{"href":"https:\/\/medalab.us\/es\/wp-json\/wp\/v2\/media?parent=486"}],"wp:term":[{"taxonomy":"product_brand","embeddable":true,"href":"https:\/\/medalab.us\/es\/wp-json\/wp\/v2\/product_brand?post=486"},{"taxonomy":"product_cat","embeddable":true,"href":"https:\/\/medalab.us\/es\/wp-json\/wp\/v2\/product_cat?post=486"},{"taxonomy":"product_tag","embeddable":true,"href":"https:\/\/medalab.us\/es\/wp-json\/wp\/v2\/product_tag?post=486"}],"curies":[{"name":"wp","href":"https:\/\/api.w.org\/{rel}","templated":true}]}}