{"id":4893,"date":"2026-03-11T10:56:00","date_gmt":"2026-03-11T10:56:00","guid":{"rendered":"https:\/\/medalab.us\/?post_type=product&#038;p=4893"},"modified":"2026-04-16T11:31:22","modified_gmt":"2026-04-16T11:31:22","slug":"kit-de-inicio-de-cds-preparacion-segura-por-dr-kalcker","status":"publish","type":"product","link":"https:\/\/medalab.us\/es\/product\/kit-de-inicio-de-cds-preparacion-segura-por-dr-kalcker\/","title":{"rendered":"CDS Starter Kit &#8211; Preparaci\u00f3n segura por Dr. Kalcker"},"content":{"rendered":"<p class=\"blue-alert mb-1\"><strong>Impuestos no Incluidos.<\/strong> Ver\u00e1s el precio con los impuestos incluidos cuando selecciones tu pa\u00eds en la p\u00e1gina de compra.<\/p>\n<p class=\"blue-alert\">Pueden existir tasas aduaneras en pa\u00edses no pertenecientes a la Uni\u00f3n Europea.<\/p>\n","protected":false},"excerpt":{"rendered":"<p>CDS Starter Kit re\u00fane en una sola caja el material necesario para preparar CDS de forma m\u00e1s sencilla, ordenada y guiada.<\/p>\n<p class=\"border-bottom pb-4 mb-3\">Cada elemento del kit ha sido seleccionado para facilitar el proceso y evitar improvisaciones, de manera que cualquier persona pueda contar con las herramientas adecuadas para seguir el m\u00e9todo del Dr. Kalcker.<\/p>\n","protected":false},"featured_media":5051,"comment_status":"closed","ping_status":"closed","template":"","meta":[],"product_brand":[],"product_cat":[15],"product_tag":[],"class_list":{"0":"post-4893","1":"product","2":"type-product","3":"status-publish","4":"has-post-thumbnail","6":"product_cat-uncategorized","8":"first","9":"instock","10":"virtual","11":"taxable","12":"purchasable","13":"product-type-bundle"},"bundled_by":[],"bundle_stock_status":"instock","bundle_stock_quantity":74,"bundle_virtual":false,"bundle_layout":"default","bundle_add_to_cart_form_location":"default","bundle_editable_in_cart":false,"bundle_sold_individually_context":"product","bundle_item_grouping":"parent","bundle_min_size":"","bundle_max_size":"","bundle_price":{"price":{"min":{"incl_tax":"43.9","excl_tax":"43.9"},"max":{"incl_tax":"43.9","excl_tax":"43.9"}},"regular_price":{"min":{"incl_tax":"43.9","excl_tax":"43.9"},"max":{"incl_tax":"43.9","excl_tax":"43.9"}}},"bundled_items":[{"bundled_item_id":51,"product_id":4866,"menu_order":0,"quantity_min":1,"quantity_max":1,"quantity_default":1,"priced_individually":false,"shipped_individually":false,"override_title":true,"title":"","override_description":true,"description":"","optional":false,"hide_thumbnail":false,"discount":"","override_variations":true,"allowed_variations":[4867,4868,4869,4870,4871],"override_default_variation_attributes":false,"default_variation_attributes":[],"single_product_visibility":"visible","cart_visibility":"visible","order_visibility":"visible","single_product_price_visibility":"visible","cart_price_visibility":"visible","order_price_visibility":"visible","stock_status":"in_stock"}],"bundle_sell_ids":[],"_links":{"self":[{"href":"https:\/\/medalab.us\/es\/wp-json\/wp\/v2\/product\/4893","targetHints":{"allow":["GET"]}}],"collection":[{"href":"https:\/\/medalab.us\/es\/wp-json\/wp\/v2\/product"}],"about":[{"href":"https:\/\/medalab.us\/es\/wp-json\/wp\/v2\/types\/product"}],"replies":[{"embeddable":true,"href":"https:\/\/medalab.us\/es\/wp-json\/wp\/v2\/comments?post=4893"}],"wp:featuredmedia":[{"embeddable":true,"href":"https:\/\/medalab.us\/es\/wp-json\/wp\/v2\/media\/5051"}],"wp:attachment":[{"href":"https:\/\/medalab.us\/es\/wp-json\/wp\/v2\/media?parent=4893"}],"wp:term":[{"taxonomy":"product_brand","embeddable":true,"href":"https:\/\/medalab.us\/es\/wp-json\/wp\/v2\/product_brand?post=4893"},{"taxonomy":"product_cat","embeddable":true,"href":"https:\/\/medalab.us\/es\/wp-json\/wp\/v2\/product_cat?post=4893"},{"taxonomy":"product_tag","embeddable":true,"href":"https:\/\/medalab.us\/es\/wp-json\/wp\/v2\/product_tag?post=4893"}],"curies":[{"name":"wp","href":"https:\/\/api.w.org\/{rel}","templated":true}]}}