{"id":951,"date":"2024-10-10T10:50:17","date_gmt":"2024-10-10T10:50:17","guid":{"rendered":"https:\/\/medalab.us\/?post_type=product&#038;p=951"},"modified":"2026-04-21T14:08:21","modified_gmt":"2026-04-21T14:08:21","slug":"medidor-de-dioxido-de-cloro-ppm-mara","status":"publish","type":"product","link":"https:\/\/medalab.us\/es\/product\/medidor-de-dioxido-de-cloro-ppm-mara\/","title":{"rendered":"Mara ClO\u2082 WR\u00ae"},"content":{"rendered":"<p class=\"blue-alert\"><strong>Impuestos no Incluidos.<\/strong> Ver\u00e1s el precio con los impuestos incluidos cuando selecciones tu pa\u00eds en la p\u00e1gina de compra.<\/p>\n<div class=\"metabox-own\">\n<div class=\"bg-yellow\">\n<div class=\"container py-5 fs-4\">\n<div class=\"col-12 mx-auto p-sm-5 mb-5\">\n<h2 class=\"has-text-align-center mx-md-5 pb-3 mb-3 fw-lighter lh-1\"><i>Mucho m\u00e1s que un <\/i> <strong class=\"fw-light\">dispositivo<\/strong><\/h2>\n<h4 class=\"has-text-align-center mx-sm-5\">Con la compra de MARA, tendr\u00e1s acceso a contenido exclusivo que te permitir\u00e1 disfrutar de su uso de forma eficiente<\/h4>\n<\/div>\n<div class=\"col-xl-9 row mx-auto pb-sm-5 mb-5\">\n<div class=\"col-6 text-center px-sm-5 border-end border-color-dark fs-sm-4 fs-6\"><i class=\"icon-docs d-block text-center display-1\"><\/i>Manuales completos e informaci\u00f3n ampliada de preguntas frecuentes.<\/div>\n<div class=\"col-6 text-center px-sm-5 fs-sm-4 fs-6\"><i class=\"icon-video-docs d-block text-center display-1\"><\/i>Documentaci\u00f3n y videos exclusivos relacionados con terapias.<\/div>\n<\/div>\n<div class=\"col-xl-9 row mx-auto pb-sm-5 mb-5\">\n<div class=\"col-6 text-center px-sm-5 border-end border-color-dark fs-sm-4 fs-6\"><i class=\"icon-promos d-block text-center display-1\"><\/i>Promociones exclusivas y acceso prioritario a nuevos contenidos.<\/div>\n<div class=\"col-6 text-center px-sm-5 fs-sm-4 fs-6\"><i class=\"icon-user-contact d-block text-center display-1\"><\/i>Asistencia t\u00e9cnica internacional<\/div>\n<\/div>\n<\/div>\n<\/div>\n<p><!-- EXCELENCIA --><\/p>\n<div class=\"bg-dark-green\">\n<div class=\"container py-sm-5 py-1 fs-4\">\n<div class=\"col-xl-4 col-sm-6 col-9 mx-auto py-5\"><i class=\"icon-excellence d-block text-center display-1\">\u00a0<\/i><\/p>\n<h4 class=\"has-text-align-center\">Compromiso con la excelencia<\/h4>\n<\/div>\n<div class=\"col-xl-9 mx-auto mb-5 text-center fs-sm-4 fs-6\">En Medalab, nuestro compromiso con la excelencia es absoluto. Entendemos que el soporte y la capacitaci\u00f3n son cruciales para el \u00e9xito en el uso de nuestras tecnolog\u00edas avanzadas, por lo que nos esforzamos en asegurar que cada cliente no solo reciba un producto de calidad como CDS GEN, sino tambi\u00e9n el conocimiento y apoyo necesarios para utilizarlo de manera efectiva.<\/div>\n<\/div>\n<\/div>\n<p><!-- REDES SOCIALES --><\/p>\n<div class=\"container py-5 d-none\">\n<h2 class=\"has-text-align-center mb-3 fw-lighter lh-1 pt-sm-5 mt-sm-3\">\u00danete a <span class=\"fw-light d-sm-block\">la comunidad<\/span><\/h2>\n<div class=\"text-center fs-2 mb-4 pb-1\">MARA\u00ae<\/div>\n<p class=\"text-center w-sm-50 mx-auto px-sm-4 fs-5 mb-5 pb-2\">Comparte tu experiencia con otros usuarios a trav\u00e9s de tus redes sociales <strong>@mara #mara<\/strong><\/p>\n<ul class=\"unstyled d-flex justify-content-center gap-3 yellow-content mb-sm-5 mb-0\">\n<li><a class=\"link text-decoration-none display-4\" title=\"Facebook Medalab\"><i class=\"icon-facebook\">\u00a0<\/i><\/a><\/li>\n<li><a class=\"link text-decoration-none display-4\" title=\"Instagram Medalab\"><i class=\"icon-instagram\">\u00a0<\/i><\/a><\/li>\n<li><a class=\"link text-decoration-none display-4\" title=\"Youtube Medalab\"><i class=\"icon-youtube\">\u00a0<\/i><\/a><\/li>\n<\/ul>\n<\/div>\n<\/div>\n","protected":false},"excerpt":{"rendered":"<h1 class=\"product_title_own\"><span class=\"insert-mara-logo\"><strong class=\"hidden-text\">Mara Quantics<\/strong><\/span><\/h1>\n<p><!-- BEGIN PROMO --><\/p>\n<div class=\"blue-band p-sm-4 p-3 mb-4\">\n<div class=\"row align-items-center\">\n<div class=\"col-6\">Promoci\u00f3n <span class=\"d-block\">CDSGen + Mara<\/span><\/div>\n<div class=\"col-6 ps-0\">\n<div class=\"promo-pill\">-20% Dto.<\/div>\n<\/div>\n<\/div>\n<\/div>\n<style>\n.blue-band {background-color: #00DCF7;color: #fff;font-size: 1.875rem;font-weight: 300;text-align: center;line-height: 101.5%;}<br \/>\n.blue-band span{font-weight:500;}<br \/>\n.promo-pill{border-radius: 14px;font-size: 2.875rem;font-weight: 500;line-height: 117.5%;padding: 3px 5px;border: 2px solid #fff;}<br \/>\n@media (max-width: 767.5px){<br \/>\n.blue-band {font-size: 1.125rem;}<br \/>\n.promo-pill {font-size: 1.625rem;}<br \/>\n}<br \/>\n<\/style>\n<p><!-- END PROMO --><\/p>\n<h4><strong>Medidor de di\u00f3xido de cloro en agua por espectrofotometr\u00eda de amplio rango<\/strong><\/h4>\n<ul>\n<li>Primer instrumento capaz de medir di\u00f3xido de cloro en agua en un rango de 10 &#8211; 4,000 ppm.<\/li>\n<li>Tecnolog\u00eda de MARA ClO\u2082\u00ae Wide Range identifica huellas espectrofotom\u00e9tricas en segundos.<\/li>\n<li>Calcula concentraci\u00f3n y detecta contaminantes.<\/li>\n<\/ul>\n<ul class=\"unstyled d-lg-flex d-md-block d-sm-flex gap-4\">\n<li><i class=\"d-block text-center icon-no-drop\"><\/i>No requiere de reactivos o consumibles<\/li>\n<li><i class=\"d-block text-center icon-leafe-ok\"><\/i>Precisi\u00f3n: medici\u00f3n exacta de di\u00f3xido de cloro en agua<\/li>\n<li><i class=\"d-block text-center icon-hand-ok\"><\/i>Portabilidad: dise\u00f1o compacto para uso f\u00e1cil y conveniente<\/li>\n<\/ul>\n","protected":false},"featured_media":953,"comment_status":"open","ping_status":"closed","template":"","meta":[],"product_brand":[],"product_cat":[27],"product_tag":[38],"class_list":{"0":"post-951","1":"product","2":"type-product","3":"status-publish","4":"has-post-thumbnail","6":"product_cat-producto","7":"product_tag-mara","9":"first","10":"outofstock","11":"taxable","12":"shipping-taxable","13":"purchasable","14":"product-type-simple"},"bundled_by":["4147","4443"],"bundle_stock_status":"outofstock","bundle_stock_quantity":0,"bundle_virtual":false,"bundle_layout":"","bundle_add_to_cart_form_location":"","bundle_editable_in_cart":false,"bundle_sold_individually_context":"","bundle_item_grouping":"","bundle_min_size":"","bundle_max_size":"","bundle_price":[],"bundled_items":[],"bundle_sell_ids":[],"_links":{"self":[{"href":"https:\/\/medalab.us\/es\/wp-json\/wp\/v2\/product\/951","targetHints":{"allow":["GET"]}}],"collection":[{"href":"https:\/\/medalab.us\/es\/wp-json\/wp\/v2\/product"}],"about":[{"href":"https:\/\/medalab.us\/es\/wp-json\/wp\/v2\/types\/product"}],"replies":[{"embeddable":true,"href":"https:\/\/medalab.us\/es\/wp-json\/wp\/v2\/comments?post=951"}],"wp:featuredmedia":[{"embeddable":true,"href":"https:\/\/medalab.us\/es\/wp-json\/wp\/v2\/media\/953"}],"wp:attachment":[{"href":"https:\/\/medalab.us\/es\/wp-json\/wp\/v2\/media?parent=951"}],"wp:term":[{"taxonomy":"product_brand","embeddable":true,"href":"https:\/\/medalab.us\/es\/wp-json\/wp\/v2\/product_brand?post=951"},{"taxonomy":"product_cat","embeddable":true,"href":"https:\/\/medalab.us\/es\/wp-json\/wp\/v2\/product_cat?post=951"},{"taxonomy":"product_tag","embeddable":true,"href":"https:\/\/medalab.us\/es\/wp-json\/wp\/v2\/product_tag?post=951"}],"curies":[{"name":"wp","href":"https:\/\/api.w.org\/{rel}","templated":true}]}}