{"id":966,"date":"2024-10-11T16:02:40","date_gmt":"2024-10-11T16:02:40","guid":{"rendered":"https:\/\/medalab.us\/?post_type=product&#038;p=966"},"modified":"2026-04-30T15:19:38","modified_gmt":"2026-04-30T15:19:38","slug":"tapones-de-recambio-para-el-generador-de-clo2-modelo-1","status":"publish","type":"product","link":"https:\/\/medalab.us\/es\/product\/tapones-de-recambio-para-el-generador-de-clo2-modelo-1\/","title":{"rendered":"Tapones de recambio para el generador de CLO<sub>2<\/sub>"},"content":{"rendered":"<p class=\"blue-alert\"><strong>Impuestos no Incluidos.<\/strong> Ver\u00e1s el precio con los impuestos incluidos cuando selecciones tu pa\u00eds en la p\u00e1gina de compra.<\/p>\n<style>\n.entry-summary form.cart{display:block;}\n.woocommerce div.product form.cart .variations select{border: 1px solid #93928F;border-radius: 9px;padding: 4px 12px 4px;font-weight: 300;min-width: 180px;}\n.woocommerce div.product form.cart .variations th{width: 90px;padding-top: 6px;}\n.woocommerce .quantity .qty, .btn-add-cart, .woocommerce div.product p.stock{display:none;}\n.woocommerce:where(body:not(.woocommerce-block-theme-has-button-styles)) button.button.alt.single_add_to_cart_button{border: 1px solid #00dcf7;background-color: #00DCF7;color: #FFFEFD;padding: 10px 5%;margin-right: 1rem;width: 300px;text-align: center;border-radius: 9px;font-size: 1.3rem;font-weight: 500;}\n.woocommerce:where(body:not(.woocommerce-block-theme-has-button-styles)) button.button.alt.single_add_to_cart_button:hover{background-color: transparent;color: #00DCF7 !important;}\n.woocommerce-variation-price span.amount{font-size: 2rem;padding-bottom: 1rem;display: inline-block;}\n<\/style>\n","protected":false},"excerpt":{"rendered":"<p>Los tapones de repuesto para generadores de CLO<sub>2<\/sub> son componentes esenciales para mantener su equipo funcionando de manera \u00f3ptima. Fabricados con materiales de alta calidad, estos tapones est\u00e1n dise\u00f1ados para resistir el uso constante y proporcionar un sellado seguro, evitando fugas y garantizando la eficiencia del proceso de generaci\u00f3n de di\u00f3xido de cloro. Son f\u00e1ciles de instalar, permitiendo un mantenimiento r\u00e1pido y sin complicaciones de su generador.<\/p>\n","protected":false},"featured_media":967,"comment_status":"open","ping_status":"closed","template":"","meta":[],"product_brand":[],"product_cat":[21],"product_tag":[37],"class_list":{"0":"post-966","1":"product","2":"type-product","3":"status-publish","4":"has-post-thumbnail","6":"product_cat-cdsgen","7":"product_tag-cdsgen","9":"first","10":"instock","11":"taxable","12":"shipping-taxable","13":"purchasable","14":"product-type-variable"},"bundled_by":[],"bundle_stock_status":"instock","bundle_stock_quantity":10,"bundle_virtual":false,"bundle_layout":"","bundle_add_to_cart_form_location":"","bundle_editable_in_cart":false,"bundle_sold_individually_context":"","bundle_item_grouping":"","bundle_min_size":"","bundle_max_size":"","bundle_price":[],"bundled_items":[],"bundle_sell_ids":[],"_links":{"self":[{"href":"https:\/\/medalab.us\/es\/wp-json\/wp\/v2\/product\/966","targetHints":{"allow":["GET"]}}],"collection":[{"href":"https:\/\/medalab.us\/es\/wp-json\/wp\/v2\/product"}],"about":[{"href":"https:\/\/medalab.us\/es\/wp-json\/wp\/v2\/types\/product"}],"replies":[{"embeddable":true,"href":"https:\/\/medalab.us\/es\/wp-json\/wp\/v2\/comments?post=966"}],"wp:featuredmedia":[{"embeddable":true,"href":"https:\/\/medalab.us\/es\/wp-json\/wp\/v2\/media\/967"}],"wp:attachment":[{"href":"https:\/\/medalab.us\/es\/wp-json\/wp\/v2\/media?parent=966"}],"wp:term":[{"taxonomy":"product_brand","embeddable":true,"href":"https:\/\/medalab.us\/es\/wp-json\/wp\/v2\/product_brand?post=966"},{"taxonomy":"product_cat","embeddable":true,"href":"https:\/\/medalab.us\/es\/wp-json\/wp\/v2\/product_cat?post=966"},{"taxonomy":"product_tag","embeddable":true,"href":"https:\/\/medalab.us\/es\/wp-json\/wp\/v2\/product_tag?post=966"}],"curies":[{"name":"wp","href":"https:\/\/api.w.org\/{rel}","templated":true}]}}