{"id":978,"date":"2024-10-11T16:28:43","date_gmt":"2024-10-11T16:28:43","guid":{"rendered":"https:\/\/medalab.us\/?post_type=product&#038;p=978"},"modified":"2026-04-27T14:42:47","modified_gmt":"2026-04-27T14:42:47","slug":"bateria-del-biotrohn","status":"publish","type":"product","link":"https:\/\/medalab.us\/es\/product\/bateria-del-biotrohn\/","title":{"rendered":"Bater\u00eda del Biotrohn"},"content":{"rendered":"<p class=\"blue-alert\"><strong>Impuestos no Incluidos.<\/strong> Ver\u00e1s el precio con los impuestos incluidos cuando selecciones tu pa\u00eds en la p\u00e1gina de compra.<\/p>\n<style>\n.entry-summary form.cart{display:block;}<br \/>\n.woocommerce div.product form.cart .variations select{border: 1px solid #93928F;border-radius: 9px;padding: 4px 12px 4px;font-weight: 300;min-width: 210px;}<br \/>\n.woocommerce div.product form.cart .variations th{width: 90px;padding-top: 6px;}<br \/>\n.woocommerce .quantity .qty, .btn-add-cart{display:none;}<br \/>\n.woocommerce div.product p.stock{margin-top:-16px;}<br \/>\n.woocommerce:where(body:not(.woocommerce-block-theme-has-button-styles)) button.button.alt.single_add_to_cart_button{border: 1px solid #00dcf7;background-color: #00DCF7;color: #FFFEFD;padding: 10px 5%;margin-right: 1rem;width: 300px;text-align: center;border-radius: 9px;font-size: 1.3rem;font-weight: 500;}<br \/>\n.woocommerce:where(body:not(.woocommerce-block-theme-has-button-styles)) button.button.alt.single_add_to_cart_button:hover{background-color: transparent;color: #00DCF7 !important;}<br \/>\n.woocommerce-variation-price span.amount{font-size: 2rem;padding-bottom: 1rem;display: block;}<br \/>\n.woocommerce div.product form.cart .woocommerce-variation-description p {margin-bottom: .5em;background-color: #F4F2EF;padding: .5rem 1rem;font-size: 0.95rem;}<br \/>\n<\/style>\n","protected":false},"excerpt":{"rendered":"<p>La bater\u00eda para el Biotrohn es un componente esencial que garantiza el funcionamiento ininterrumpido de su dispositivo. Esta bater\u00eda de alta calidad est\u00e1 dise\u00f1ada para proporcionar una fuente de energ\u00eda confiable y duradera para su Biotrohn, permiti\u00e9ndole disfrutar de sus sesiones sin preocuparse por la vida de la bater\u00eda.<\/p>\n","protected":false},"featured_media":3323,"comment_status":"open","ping_status":"closed","template":"","meta":[],"product_brand":[],"product_cat":[19],"product_tag":[22],"class_list":{"0":"post-978","1":"product","2":"type-product","3":"status-publish","4":"has-post-thumbnail","6":"product_cat-biotrohn","7":"product_tag-biotrohn","9":"first","10":"instock","11":"taxable","12":"shipping-taxable","13":"purchasable","14":"product-type-variable"},"bundled_by":[],"bundle_stock_status":"instock","bundle_stock_quantity":null,"bundle_virtual":false,"bundle_layout":"","bundle_add_to_cart_form_location":"","bundle_editable_in_cart":false,"bundle_sold_individually_context":"","bundle_item_grouping":"","bundle_min_size":"","bundle_max_size":"","bundle_price":[],"bundled_items":[],"bundle_sell_ids":[],"_links":{"self":[{"href":"https:\/\/medalab.us\/es\/wp-json\/wp\/v2\/product\/978","targetHints":{"allow":["GET"]}}],"collection":[{"href":"https:\/\/medalab.us\/es\/wp-json\/wp\/v2\/product"}],"about":[{"href":"https:\/\/medalab.us\/es\/wp-json\/wp\/v2\/types\/product"}],"replies":[{"embeddable":true,"href":"https:\/\/medalab.us\/es\/wp-json\/wp\/v2\/comments?post=978"}],"wp:featuredmedia":[{"embeddable":true,"href":"https:\/\/medalab.us\/es\/wp-json\/wp\/v2\/media\/3323"}],"wp:attachment":[{"href":"https:\/\/medalab.us\/es\/wp-json\/wp\/v2\/media?parent=978"}],"wp:term":[{"taxonomy":"product_brand","embeddable":true,"href":"https:\/\/medalab.us\/es\/wp-json\/wp\/v2\/product_brand?post=978"},{"taxonomy":"product_cat","embeddable":true,"href":"https:\/\/medalab.us\/es\/wp-json\/wp\/v2\/product_cat?post=978"},{"taxonomy":"product_tag","embeddable":true,"href":"https:\/\/medalab.us\/es\/wp-json\/wp\/v2\/product_tag?post=978"}],"curies":[{"name":"wp","href":"https:\/\/api.w.org\/{rel}","templated":true}]}}