{"id":981,"date":"2024-10-11T16:31:58","date_gmt":"2024-10-11T16:31:58","guid":{"rendered":"https:\/\/medalab.us\/?post_type=product&#038;p=981"},"modified":"2026-04-21T13:57:51","modified_gmt":"2026-04-21T13:57:51","slug":"tiras-reactivas-para-medicion-de-clo2","status":"publish","type":"product","link":"https:\/\/medalab.us\/es\/product\/tiras-reactivas-para-medicion-de-clo2\/","title":{"rendered":"Tiras reactivas para medici\u00f3n de CLO2"},"content":{"rendered":"<p class=\"blue-alert\"><strong>Impuestos no Incluidos.<\/strong> Ver\u00e1s el precio con los impuestos incluidos cuando selecciones tu pa\u00eds en la p\u00e1gina de compra.<\/p>\n","protected":false},"excerpt":{"rendered":"<p>Las tiras reactivas para la medici\u00f3n de ppm de CLO2 son una herramienta esencial para aquellos que necesitan un seguimiento preciso y confiable de las concentraciones de di\u00f3xido de cloro en sus soluciones.<\/p>\n<p>Estas tiras son f\u00e1ciles de usar y proporcionan resultados r\u00e1pidos, lo que permite un monitoreo eficiente y efectivo. Su dise\u00f1o compacto y port\u00e1til las hace ideales para su uso en una variedad de entornos.<\/p>\n<p>Contiene 100 tiras reactivas.<\/p>\n","protected":false},"featured_media":2869,"comment_status":"open","ping_status":"closed","template":"","meta":[],"product_brand":[],"product_cat":[21],"product_tag":[37],"class_list":{"0":"post-981","1":"product","2":"type-product","3":"status-publish","4":"has-post-thumbnail","6":"product_cat-cdsgen","7":"product_tag-cdsgen","9":"first","10":"instock","11":"taxable","12":"shipping-taxable","13":"purchasable","14":"product-type-simple"},"bundled_by":[],"bundle_stock_status":"instock","bundle_stock_quantity":4,"bundle_virtual":false,"bundle_layout":"","bundle_add_to_cart_form_location":"","bundle_editable_in_cart":false,"bundle_sold_individually_context":"","bundle_item_grouping":"","bundle_min_size":"","bundle_max_size":"","bundle_price":[],"bundled_items":[],"bundle_sell_ids":[],"_links":{"self":[{"href":"https:\/\/medalab.us\/es\/wp-json\/wp\/v2\/product\/981","targetHints":{"allow":["GET"]}}],"collection":[{"href":"https:\/\/medalab.us\/es\/wp-json\/wp\/v2\/product"}],"about":[{"href":"https:\/\/medalab.us\/es\/wp-json\/wp\/v2\/types\/product"}],"replies":[{"embeddable":true,"href":"https:\/\/medalab.us\/es\/wp-json\/wp\/v2\/comments?post=981"}],"wp:featuredmedia":[{"embeddable":true,"href":"https:\/\/medalab.us\/es\/wp-json\/wp\/v2\/media\/2869"}],"wp:attachment":[{"href":"https:\/\/medalab.us\/es\/wp-json\/wp\/v2\/media?parent=981"}],"wp:term":[{"taxonomy":"product_brand","embeddable":true,"href":"https:\/\/medalab.us\/es\/wp-json\/wp\/v2\/product_brand?post=981"},{"taxonomy":"product_cat","embeddable":true,"href":"https:\/\/medalab.us\/es\/wp-json\/wp\/v2\/product_cat?post=981"},{"taxonomy":"product_tag","embeddable":true,"href":"https:\/\/medalab.us\/es\/wp-json\/wp\/v2\/product_tag?post=981"}],"curies":[{"name":"wp","href":"https:\/\/api.w.org\/{rel}","templated":true}]}}