{"id":984,"date":"2024-10-11T16:35:52","date_gmt":"2024-10-11T16:35:52","guid":{"rendered":"https:\/\/medalab.us\/?post_type=product&#038;p=984"},"modified":"2026-04-28T10:58:25","modified_gmt":"2026-04-28T10:58:25","slug":"electrodo-biotrohn","status":"publish","type":"product","link":"https:\/\/medalab.us\/es\/product\/electrodo-biotrohn\/","title":{"rendered":"Electrodo Biotrohn"},"content":{"rendered":"<p class=\"blue-alert\"><strong>Impuestos no Incluidos.<\/strong> Ver\u00e1s el precio con los impuestos incluidos cuando selecciones tu pa\u00eds en la p\u00e1gina de compra.<\/p>\n","protected":false},"excerpt":{"rendered":"<p>Los electrodos para el Biotrohn son dispositivos de contacto dise\u00f1ados para ser sostenidos por el usuario, permitiendo as\u00ed cerrar el circuito de corriente. Cada electrodo cuenta con un conector individual que se une en un conector estriado, ba\u00f1ado en oro, garantizando una transmisi\u00f3n de corriente eficiente y segura. Este dise\u00f1o \u00fanico asegura un buen paso de corriente, permitiendo al generador de microfrecuencias funcionar de manera \u00f3ptima. Los electrodos son ergon\u00f3micos, c\u00f3modos de sostener y seguros para el usuario, proporcionando una experiencia de uso eficiente y agradable.<\/p>\n","protected":false},"featured_media":3266,"comment_status":"open","ping_status":"closed","template":"","meta":[],"product_brand":[],"product_cat":[19],"product_tag":[22],"class_list":{"0":"post-984","1":"product","2":"type-product","3":"status-publish","4":"has-post-thumbnail","6":"product_cat-biotrohn","7":"product_tag-biotrohn","9":"first","10":"instock","11":"taxable","12":"shipping-taxable","13":"purchasable","14":"product-type-simple"},"bundled_by":[],"bundle_stock_status":"instock","bundle_stock_quantity":12,"bundle_virtual":false,"bundle_layout":"","bundle_add_to_cart_form_location":"","bundle_editable_in_cart":false,"bundle_sold_individually_context":"","bundle_item_grouping":"","bundle_min_size":"","bundle_max_size":"","bundle_price":[],"bundled_items":[],"bundle_sell_ids":[],"_links":{"self":[{"href":"https:\/\/medalab.us\/es\/wp-json\/wp\/v2\/product\/984","targetHints":{"allow":["GET"]}}],"collection":[{"href":"https:\/\/medalab.us\/es\/wp-json\/wp\/v2\/product"}],"about":[{"href":"https:\/\/medalab.us\/es\/wp-json\/wp\/v2\/types\/product"}],"replies":[{"embeddable":true,"href":"https:\/\/medalab.us\/es\/wp-json\/wp\/v2\/comments?post=984"}],"wp:featuredmedia":[{"embeddable":true,"href":"https:\/\/medalab.us\/es\/wp-json\/wp\/v2\/media\/3266"}],"wp:attachment":[{"href":"https:\/\/medalab.us\/es\/wp-json\/wp\/v2\/media?parent=984"}],"wp:term":[{"taxonomy":"product_brand","embeddable":true,"href":"https:\/\/medalab.us\/es\/wp-json\/wp\/v2\/product_brand?post=984"},{"taxonomy":"product_cat","embeddable":true,"href":"https:\/\/medalab.us\/es\/wp-json\/wp\/v2\/product_cat?post=984"},{"taxonomy":"product_tag","embeddable":true,"href":"https:\/\/medalab.us\/es\/wp-json\/wp\/v2\/product_tag?post=984"}],"curies":[{"name":"wp","href":"https:\/\/api.w.org\/{rel}","templated":true}]}}