{"id":990,"date":"2024-10-11T16:42:18","date_gmt":"2024-10-11T16:42:18","guid":{"rendered":"https:\/\/medalab.us\/?post_type=product&#038;p=990"},"modified":"2026-04-28T10:54:21","modified_gmt":"2026-04-28T10:54:21","slug":"cables-biotrohn","status":"publish","type":"product","link":"https:\/\/medalab.us\/es\/product\/cables-biotrohn\/","title":{"rendered":"Cables Biotrohn"},"content":{"rendered":"<p class=\"blue-alert\"><strong>Impuestos no Incluidos.<\/strong> Ver\u00e1s el precio con los impuestos incluidos cuando selecciones tu pa\u00eds en la p\u00e1gina de compra.<\/p>\n","protected":false},"excerpt":{"rendered":"<p>El cable conector para el Biotrohn es un componente vital que facilita la transmisi\u00f3n eficaz de la corriente el\u00e9ctrica. Este cable, se conecta a los electrodos y al generador de microfrecuencias, permitiendo que la corriente fluya de manera segura y constante. Su conector estriado garantiza un buen paso de corriente, asegurando un rendimiento \u00f3ptimo del Biotrohn. Este cable est\u00e1 dise\u00f1ado para soportar el uso regular, proporcionando una conexi\u00f3n confiable y estable en todo momento.<\/p>\n","protected":false},"featured_media":3263,"comment_status":"open","ping_status":"closed","template":"","meta":[],"product_brand":[],"product_cat":[19],"product_tag":[22],"class_list":{"0":"post-990","1":"product","2":"type-product","3":"status-publish","4":"has-post-thumbnail","6":"product_cat-biotrohn","7":"product_tag-biotrohn","9":"first","10":"instock","11":"taxable","12":"shipping-taxable","13":"purchasable","14":"product-type-simple"},"bundled_by":[],"bundle_stock_status":"instock","bundle_stock_quantity":5,"bundle_virtual":false,"bundle_layout":"","bundle_add_to_cart_form_location":"","bundle_editable_in_cart":false,"bundle_sold_individually_context":"","bundle_item_grouping":"","bundle_min_size":"","bundle_max_size":"","bundle_price":[],"bundled_items":[],"bundle_sell_ids":[],"_links":{"self":[{"href":"https:\/\/medalab.us\/es\/wp-json\/wp\/v2\/product\/990","targetHints":{"allow":["GET"]}}],"collection":[{"href":"https:\/\/medalab.us\/es\/wp-json\/wp\/v2\/product"}],"about":[{"href":"https:\/\/medalab.us\/es\/wp-json\/wp\/v2\/types\/product"}],"replies":[{"embeddable":true,"href":"https:\/\/medalab.us\/es\/wp-json\/wp\/v2\/comments?post=990"}],"wp:featuredmedia":[{"embeddable":true,"href":"https:\/\/medalab.us\/es\/wp-json\/wp\/v2\/media\/3263"}],"wp:attachment":[{"href":"https:\/\/medalab.us\/es\/wp-json\/wp\/v2\/media?parent=990"}],"wp:term":[{"taxonomy":"product_brand","embeddable":true,"href":"https:\/\/medalab.us\/es\/wp-json\/wp\/v2\/product_brand?post=990"},{"taxonomy":"product_cat","embeddable":true,"href":"https:\/\/medalab.us\/es\/wp-json\/wp\/v2\/product_cat?post=990"},{"taxonomy":"product_tag","embeddable":true,"href":"https:\/\/medalab.us\/es\/wp-json\/wp\/v2\/product_tag?post=990"}],"curies":[{"name":"wp","href":"https:\/\/api.w.org\/{rel}","templated":true}]}}