{"id":2307,"date":"2024-11-06T11:43:49","date_gmt":"2024-11-06T11:43:49","guid":{"rendered":"https:\/\/medalab.us\/politica-de-cookies\/"},"modified":"2025-01-13T08:52:24","modified_gmt":"2025-01-13T08:52:24","slug":"politica-de-cookies","status":"publish","type":"page","link":"https:\/\/medalab.us\/pt-pt\/politica-de-cookies\/","title":{"rendered":"Pol\u00edtica de cookies"},"content":{"rendered":"\n<div class=\"container my-5 py-md-3\">\n<div class=\"row\">\n\n<div class=\"col-md-4 px-3 mb-5 pb-3\">\n<nav class=\"legal-menu\">\n<h3 class=\"pb-3 border-bottom\"><strong>POL\u00cdTICA DE COOKIES<\/strong><\/h3>\n<ul class=\"unstyled\">\n<li class=\"py-3 border-bottom\"><h3><a href=\"#tc1\">1. Cookies utilizados neste s\u00edtio Web<\/a><\/h3><\/li>\n<li class=\"py-3 border-bottom\"><h3><a href=\"#tc2\">2. Desativar ou apagar cookies<\/a><\/h3><\/li>\n<li class=\"py-3 border-bottom\"><h3><a href=\"#tc3\">3. Notas adicionais<\/a><\/h3><\/li>\n<\/ul>\n<\/nav>\n<\/div>\n\n<div class=\"col-md-8 px-3\">\n\n<p>Um cookie \u00e9 um pequeno ficheiro de texto que \u00e9 armazenado no teu browser quando visitas quase todos os s\u00edtios Web. \u00c9 \u00fatil para o s\u00edtio Web poder recordar a tua visita quando regressas a essa p\u00e1gina. Os cookies armazenam geralmente informa\u00e7\u00f5es de natureza t\u00e9cnica, prefer\u00eancias pessoais, personaliza\u00e7\u00e3o de conte\u00fados, estat\u00edsticas de utiliza\u00e7\u00e3o, liga\u00e7\u00f5es a redes sociais, acesso a contas de utilizador, etc. O objetivo do cookie \u00e9 adaptar o conte\u00fado do s\u00edtio Web ao teu perfil e \u00e0s tuas necessidades. Sem os cookies, os servi\u00e7os oferecidos por qualquer p\u00e1gina seriam significativamente reduzidos.<\/p>\n\n<h3 class=\"mb-4 mt-5\" id=\"tc1\">1. Cookies utilizados neste s\u00edtio Web<\/h3>\n\n<p>Seguindo as diretrizes da Ag\u00eancia Espanhola de Prote\u00e7\u00e3o de Dados procedemos a detalhar o uso de cookies que faz este site, a fim de informar-te com a maior precis\u00e3o poss\u00edvel.<\/p>\n\n<p>Este s\u00edtio Web utiliza os seguintes cookies pr\u00f3prios:<\/p>\n\n<ul><li>Cookies de sess\u00e3o, para garantir que os utilizadores que publicam coment\u00e1rios no blogue s\u00e3o humanos e n\u00e3o aplica\u00e7\u00f5es automatizadas. Esta \u00e9 a forma de combater o spam.<\/li><\/ul>\n\n<p>Este s\u00edtio Web utiliza os seguintes cookies de terceiros:<\/p>\n\n<ul>\n<li>Google Analytics: Armazena cookies para compilar estat\u00edsticas sobre o tr\u00e1fego e o volume de visitas a este s\u00edtio Web. Ao utilizar este Web site, consente que a Google processe os seus dados. Por conseguinte, deves exercer os teus direitos a este respeito contactando diretamente a Google.<\/li>\n<li>Redes sociais: Cada rede social utiliza os seus pr\u00f3prios cookies para te permitir clicar nos bot\u00f5es &#8220;Gosto&#8221; ou &#8220;Partilhar&#8221;.<\/li>\n<\/ul>\n\n<h3 class=\"mb-4 mt-5\" id=\"tc2\">2. Desativar ou apagar cookies<\/h3>\n\n<p>Podes exercer o teu direito de desativar ou eliminar os cookies deste s\u00edtio Web em qualquer altura. Estas ac\u00e7\u00f5es s\u00e3o executadas de forma diferente consoante o browser que est\u00e1s a utilizar. Segue-se um guia r\u00e1pido para os browsers mais populares.<\/p>\n\n<h3 class=\"mb-4 mt-5\" id=\"tc3\">3. Notas adicionais<\/h3>\n\n<ul>\n<li>Nem este s\u00edtio Web nem os seus representantes legais s\u00e3o respons\u00e1veis pelo conte\u00fado ou pela veracidade das pol\u00edticas de privacidade dos terceiros mencionados na presente pol\u00edtica de cookies.<\/li>\n<li>Os navegadores Web s\u00e3o as ferramentas respons\u00e1veis pelo armazenamento de cookies e \u00e9 aqui que deves exercer o teu direito de os apagar ou desativar. Nem este site nem os seus representantes legais podem garantir o tratamento correto ou incorreto dos cookies pelos navegadores acima mencionados.<\/li>\n<li>Em alguns casos, \u00e9 necess\u00e1rio instalar cookies para que o browser n\u00e3o se esque\u00e7a da tua decis\u00e3o de n\u00e3o os aceitar.<\/li>\n<li>No caso dos cookies do Google Analytics, esta empresa armazena os cookies em servidores localizados nos Estados Unidos e compromete-se a n\u00e3o os partilhar com terceiros, exceto nos casos em que tal seja necess\u00e1rio para o funcionamento do sistema ou quando exigido por lei. De acordo com a Google, n\u00e3o guarda o teu endere\u00e7o IP. Google Inc. \u00e9 membro do Acordo de Porto Seguro, que garante que todos os dados transferidos ser\u00e3o tratados com um n\u00edvel de prote\u00e7\u00e3o em conformidade com a regulamenta\u00e7\u00e3o europeia. Se quiseres obter informa\u00e7\u00f5es sobre a forma como a Google utiliza os cookies, <a href=\"https:\/\/developers.google.com\/analytics\/legacy\/universal-analytics?hl=es&#038;csw=1\" target=\"_blank\" rel=\"noopener\">segue esta liga\u00e7\u00e3o.<\/a><\/li>\n<li>Se tiveres alguma d\u00favida ou pergunta sobre esta pol\u00edtica de cookies, n\u00e3o hesites em contactar-nos atrav\u00e9s da sec\u00e7\u00e3o de contactos.<\/li>\n\n<\/ul><\/div>\n\n<\/div>\n<\/div>\n\n\n\n<style>header {position: relative;background-color: #00dcf7;box-shadow: 0px 3px 6px #00000029;}\n.cart-menu-item a {background-color: #FFFEFD;color: #00dcf7 !important;}\n.menu > li > a:hover {color: #008CA0 !important;}\n.logo-menu svg {fill: #FFFEFD;}\n.wpml-ls-item .sub-menu {background: #00000029;}\n<\/style>\n","protected":false},"excerpt":{"rendered":"<p>POL\u00cdTICA DE COOKIES 1. Cookies utilizados neste s\u00edtio Web 2. Desativar ou apagar cookies 3. Notas adicionais Um cookie \u00e9 um pequeno ficheiro de texto que \u00e9 armazenado no teu browser quando visitas quase todos os s\u00edtios Web. \u00c9 \u00fatil para o s\u00edtio Web poder recordar a tua visita quando regressas a essa p\u00e1gina. Os [&hellip;]<\/p>\n","protected":false},"author":1,"featured_media":0,"parent":0,"menu_order":0,"comment_status":"closed","ping_status":"closed","template":"","meta":{"footnotes":""},"class_list":["post-2307","page","type-page","status-publish","hentry"],"_links":{"self":[{"href":"https:\/\/medalab.us\/pt-pt\/wp-json\/wp\/v2\/pages\/2307","targetHints":{"allow":["GET"]}}],"collection":[{"href":"https:\/\/medalab.us\/pt-pt\/wp-json\/wp\/v2\/pages"}],"about":[{"href":"https:\/\/medalab.us\/pt-pt\/wp-json\/wp\/v2\/types\/page"}],"author":[{"embeddable":true,"href":"https:\/\/medalab.us\/pt-pt\/wp-json\/wp\/v2\/users\/1"}],"replies":[{"embeddable":true,"href":"https:\/\/medalab.us\/pt-pt\/wp-json\/wp\/v2\/comments?post=2307"}],"version-history":[{"count":4,"href":"https:\/\/medalab.us\/pt-pt\/wp-json\/wp\/v2\/pages\/2307\/revisions"}],"predecessor-version":[{"id":2411,"href":"https:\/\/medalab.us\/pt-pt\/wp-json\/wp\/v2\/pages\/2307\/revisions\/2411"}],"wp:attachment":[{"href":"https:\/\/medalab.us\/pt-pt\/wp-json\/wp\/v2\/media?parent=2307"}],"curies":[{"name":"wp","href":"https:\/\/api.w.org\/{rel}","templated":true}]}}