{"id":2310,"date":"2024-11-06T11:50:37","date_gmt":"2024-11-06T11:50:37","guid":{"rendered":"https:\/\/medalab.us\/programa-de-filiacao\/"},"modified":"2025-02-20T15:41:39","modified_gmt":"2025-02-20T15:41:39","slug":"programa-de-filiacao","status":"publish","type":"page","link":"https:\/\/medalab.us\/pt-pt\/programa-de-filiacao\/","title":{"rendered":"Programa de filia\u00e7\u00e3o"},"content":{"rendered":"\n<div class=\"container my-5 py-md-3\">\n<div class=\"row\">\n\n<div class=\"col-md-4 px-3 mb-5 pb-3\">\n<nav class=\"legal-menu\">\n<h3 class=\"pb-3 border-bottom\"><strong>PROGRAMA DE ADES\u00c3O AO MEDALAB<\/strong><\/h3>\n<ul class=\"unstyled\">\n<li class=\"py-3 border-bottom\"><h3><a href=\"#tc1\">1. Elegibilidade para o programa<\/a><\/h3><\/li>\n<li class=\"py-3 border-bottom\"><h3><a href=\"#tc2\">2. Procedimento<\/a><\/h3><\/li>\n<li class=\"py-3 border-bottom\"><h3><a href=\"#tc3\">3. Pagamento de comiss\u00f5es<\/a><\/h3><\/li>\n<li class=\"py-3 border-bottom\"><h3><a href=\"#tc4\">4. Condi\u00e7\u00f5es de perman\u00eancia<\/a><\/h3><\/li>\n<li class=\"py-3 border-bottom\"><h3><a href=\"#tc5\">5. Canais de comunica\u00e7\u00e3o<\/a><\/h3><\/li>\n<li class=\"py-3 border-bottom\"><h3><a href=\"#tc6\">6. Utiliza\u00e7\u00e3o de materiais Medalab<\/a><\/h3><\/li>\n<li class=\"py-3 border-bottom\"><h3><a href=\"#tc7\">7. Condi\u00e7\u00f5es de utiliza\u00e7\u00e3o e pr\u00e1ticas proibidas<\/a><\/h3><\/li>\n<li class=\"py-3 border-bottom\"><h3><a href=\"#tc8\">8. Altera\u00e7\u00f5es na pol\u00edtica de ades\u00e3o<\/a><\/h3><\/li>\n<\/ul>\n<\/nav>\n<\/div>\n\n<div class=\"col-md-8 px-3\">\n<p>A presente pol\u00edtica de afilia\u00e7\u00e3o estabelece os termos e condi\u00e7\u00f5es sob os quais a Distribuciones Samvete S.L (NIF: B13889324), com endere\u00e7o em Madfrid, C\/ Princesa 31 2\u00aa-3 e correio eletr\u00f3nico info@medalab.com, oferece o seu programa de afilia\u00e7\u00e3o. Ao participar no programa de afiliados, aceita cumprir as condi\u00e7\u00f5es aqui estabelecidas. <\/p>\n\n<h3 class=\"mb-4 mt-5\" id=\"tc1\">1. Elegibilidade para o programa<\/h3>\n\n<p>O Afiliado deve estar diretamente relacionado com associa\u00e7\u00f5es, grupos, s\u00edtios Web, redes sociais, etc&#8230; relacionados com o bem-estar, a sa\u00fade, a medicina alternativa ou sectores semelhantes.<\/p>\n\n<p>Pode ser uma pessoa singular ou uma empresa, e deve poder emitir uma fatura para poder pagar as suas comiss\u00f5es.<\/p>\n\n<h3 class=\"mb-4 mt-5\" id=\"tc2\">2. Procedimento<\/h3>\n\n<p>Distribuciones Samvete S.L. fornecer\u00e1 ao Afiliado um URL espec\u00edfico que dever\u00e1 utilizar para promover os produtos. As compras efectuadas atrav\u00e9s deste URL geram comiss\u00f5es que podem ser controladas a partir do painel de afiliados do site Medalab (URL do painel de afiliados). <\/p>\n\n<p>Para este efeito, o afiliado receber\u00e1 um nome de utilizador e uma palavra-passe que lhe permitir\u00e3o aceder ao resumo das suas vendas e comiss\u00f5es. Em anexo, encontra informa\u00e7\u00f5es pormenorizadas sobre o funcionamento deste sistema. <\/p>\n\n<p>Os produtos eleg\u00edveis para a coloca\u00e7\u00e3o em funcionamento s\u00e3o: Plasmatrohn, Biotrohn, Gerador de <sub>ClO2<\/sub> e Mara.<\/p>\n\n<h3 class=\"mb-4 mt-5\" id=\"tc3\">3. Pagamento de comiss\u00f5es<\/h3>\n\n<p>A comiss\u00e3o \u00e9 fixada em 10% do montante de cada venda (excluindo impostos). Exceto no caso da Plasmatrohn onde a comiss\u00e3o \u00e9 de 5%. <\/p>\n\n<p>Se um cliente devolver o produto dentro do prazo legal de retrata\u00e7\u00e3o, a comiss\u00e3o \u00e9 automaticamente anulada.<\/p>\n\n<p>As comiss\u00f5es s\u00e3o pagas de tr\u00eas em tr\u00eas meses, entre os dias 15 e 30 dos meses de janeiro, abril, julho e outubro.<\/p>\n\n<p>As comiss\u00f5es geradas ser\u00e3o pagas se atingirem um m\u00ednimo de 300 euros nos tr\u00eas meses anteriores ao m\u00eas em que a comiss\u00e3o \u00e9 paga.<\/p>\n\n<p>O m\u00e9todo de pagamento das comiss\u00f5es ser\u00e1 o PayPal. O Afiliado deve ter uma conta PayPal onde estas comiss\u00f5es possam ser pagas. <\/p>\n\n<p>Se as condi\u00e7\u00f5es m\u00ednimas para o pagamento das comiss\u00f5es de um per\u00edodo n\u00e3o forem cumpridas, as comiss\u00f5es ser\u00e3o pagas no per\u00edodo de pagamento seguinte, desde que a quota m\u00ednima de comiss\u00f5es seja atingida (300 euros nos tr\u00eas meses anteriores ao m\u00eas de pagamento das comiss\u00f5es).<\/p>\n\n<p>O afiliado \u00e9 o \u00fanico respons\u00e1vel pelo controlo da sua atividade na \u00e1rea de afiliados e pelo envio das facturas a Distribuciones Samvete S.L. dentro do prazo estabelecido (segunda quinzena de janeiro, abril, julho e outubro). Se o afiliado n\u00e3o se responsabilizar pelo envio das facturas dentro do prazo acordado, Distribuciones Samvete S.L. n\u00e3o efectuar\u00e1 o pagamento ap\u00f3s esse prazo. Distribuciones Samvete S.L. n\u00e3o realizar\u00e1 nenhuma comunica\u00e7\u00e3o que informe sobre os prazos de pagamento ou sobre o n\u00e3o envio das facturas correspondentes.  <\/p>\n\n<p>O afiliado tem a possibilidade de oferecer um cup\u00e3o de desconto de 5% aos seus clientes. Neste caso, o afiliado receber\u00e1 uma comiss\u00e3o de 5% sobre o montante da compra menos o cup\u00e3o de desconto. Se o afiliado desejar beneficiar desta possibilidade, deve indic\u00e1-lo no formul\u00e1rio de candidatura e ser\u00e1 criado um cup\u00e3o \u00fanico para o afiliado, que este poder\u00e1 oferecer aos seus clientes. <\/p>\n\n<h3 class=\"mb-4 mt-5\" id=\"tc4\">4. Condi\u00e7\u00f5es de perman\u00eancia<\/h3>\n\n<p>Para permanecer no Programa de Afiliados, o Afiliado deve gerar um m\u00ednimo de 1.200 euros em comiss\u00f5es um ano ap\u00f3s a data de inscri\u00e7\u00e3o no programa.<\/p>\n\n<p>Se estas condi\u00e7\u00f5es n\u00e3o forem cumpridas, a Distribuciones Samvete S.L. encerrar\u00e1 a conta do Afiliado e pagar\u00e1 as comiss\u00f5es pendentes do Afiliado, desde que este tenha gerado pelo menos 300 euros em comiss\u00f5es durante o per\u00edodo de um ano.<\/p>\n\n<h3 class=\"mb-4 mt-5\" id=\"tc5\">5. Canais de comunica\u00e7\u00e3o<\/h3>\n\n<p>O Afiliado dever\u00e1 fornecer informa\u00e7\u00f5es sobre os canais de comunica\u00e7\u00e3o que prefere utilizar para fazer o acompanhamento dos potenciais clientes, tais como o s\u00edtio Web, os perfis nas redes sociais ou qualquer outro canal onde os produtos da Medalab sejam promovidos.<\/p>\n\n<h3 class=\"mb-4 mt-5\" id=\"tc6\">6. Utiliza\u00e7\u00e3o de materiais com a marca Medalab<\/h3>\n\n<p>O Afiliado n\u00e3o pode modificar os ficheiros multim\u00e9dia ou de branding fornecidos pela marca. Todo o material fornecido pela marca deve ser utilizado tal como foi entregue.<\/p>\n\n<h3 class=\"mb-4 mt-5\" id=\"tc7\">7. Condi\u00e7\u00f5es de utiliza\u00e7\u00e3o e pr\u00e1ticas proibidas<\/h3>\n\n<p>N\u00e3o podes fazer uma compra utilizando a tua pr\u00f3pria liga\u00e7\u00e3o de afiliado. Esta pr\u00e1tica ser\u00e1 considerada um abuso da plataforma e poder\u00e1 resultar no bloqueio permanente da conta do Afiliado.<\/p>\n\n<p>Al\u00e9m disso, estas ser\u00e3o consideradas pr\u00e1ticas proibidas e ter\u00e3o como consequ\u00eancia o bloqueio da conta e a perda dos montantes n\u00e3o utilizados:<\/p>\n\n<ul>\n<li>A cria\u00e7\u00e3o de contas falsas ou m\u00faltiplas para beneficiar de comiss\u00f5es.<\/li>\n<li>A utiliza\u00e7\u00e3o de t\u00e9cnicas de spamming para promover os produtos da Empresa.<\/li>\n<li>Participar em qualquer atividade ilegal ou fraudulenta relacionada com o Programa de Afiliados.<\/li>\n<\/ul>\n\n<h3 class=\"mb-4 mt-5\" id=\"tc8\">8. Altera\u00e7\u00f5es na pol\u00edtica de ades\u00e3o<\/h3>\n\n<p>Distribuciones Samvete S.L. reserva-se o direito de efetuar altera\u00e7\u00f5es ou modifica\u00e7\u00f5es na presta\u00e7\u00e3o do servi\u00e7o de afilia\u00e7\u00e3o sem aviso pr\u00e9vio.<\/p>\n\n<p>Os afiliados ser\u00e3o notificados das altera\u00e7\u00f5es \u00e0 pol\u00edtica de afiliados atrav\u00e9s do seu endere\u00e7o de correio eletr\u00f3nico registado ou atrav\u00e9s de uma atualiza\u00e7\u00e3o no painel de controlo dos afiliados. \u00c9 da responsabilidade dos membros manterem-se informados das actualiza\u00e7\u00f5es e cumprirem as altera\u00e7\u00f5es \u00e0 pol\u00edtica de filia\u00e7\u00e3o.<\/p>\n\n<p>Ao participar no programa de afiliados da Distribuciones Samvete S.L., concordas e reconheces que leste, compreendeste e aceitaste os termos e condi\u00e7\u00f5es estabelecidos na presente pol\u00edtica de afiliados. Se tiveres alguma d\u00favida ou preocupa\u00e7\u00e3o, n\u00e3o hesites em contactar-nos atrav\u00e9s de info@medalab.com ou 682640553.\n<\/p> \n\n<\/div>\n\n<\/div>\n<\/div>\n\n\n\n<style>header {position: relative;background-color: #00dcf7;box-shadow: 0px 3px 6px #00000029;}\n.cart-menu-item a {background-color: #FFFEFD;color: #00dcf7 !important;}\n.menu > li > a:hover {color: #008CA0 !important;}\n.logo-menu svg {fill: #FFFEFD;}\n.wpml-ls-item .sub-menu {background: #00000029;}\n<\/style>\n","protected":false},"excerpt":{"rendered":"<p>PROGRAMA DE ADES\u00c3O AO MEDALAB 1. Elegibilidade para o programa 2. Procedimento 3. Pagamento de comiss\u00f5es 4. Condi\u00e7\u00f5es de perman\u00eancia 5. Canais de comunica\u00e7\u00e3o 6. Utiliza\u00e7\u00e3o de materiais Medalab 7. Condi\u00e7\u00f5es de utiliza\u00e7\u00e3o e pr\u00e1ticas proibidas 8. Altera\u00e7\u00f5es na pol\u00edtica de ades\u00e3o A presente pol\u00edtica de afilia\u00e7\u00e3o estabelece os termos e condi\u00e7\u00f5es sob os quais [&hellip;]<\/p>\n","protected":false},"author":1,"featured_media":0,"parent":0,"menu_order":0,"comment_status":"closed","ping_status":"closed","template":"","meta":{"footnotes":""},"class_list":["post-2310","page","type-page","status-publish","hentry"],"_links":{"self":[{"href":"https:\/\/medalab.us\/pt-pt\/wp-json\/wp\/v2\/pages\/2310","targetHints":{"allow":["GET"]}}],"collection":[{"href":"https:\/\/medalab.us\/pt-pt\/wp-json\/wp\/v2\/pages"}],"about":[{"href":"https:\/\/medalab.us\/pt-pt\/wp-json\/wp\/v2\/types\/page"}],"author":[{"embeddable":true,"href":"https:\/\/medalab.us\/pt-pt\/wp-json\/wp\/v2\/users\/1"}],"replies":[{"embeddable":true,"href":"https:\/\/medalab.us\/pt-pt\/wp-json\/wp\/v2\/comments?post=2310"}],"version-history":[{"count":3,"href":"https:\/\/medalab.us\/pt-pt\/wp-json\/wp\/v2\/pages\/2310\/revisions"}],"predecessor-version":[{"id":2857,"href":"https:\/\/medalab.us\/pt-pt\/wp-json\/wp\/v2\/pages\/2310\/revisions\/2857"}],"wp:attachment":[{"href":"https:\/\/medalab.us\/pt-pt\/wp-json\/wp\/v2\/media?parent=2310"}],"curies":[{"name":"wp","href":"https:\/\/api.w.org\/{rel}","templated":true}]}}