{"id":2313,"date":"2024-11-04T13:10:28","date_gmt":"2024-11-04T13:10:28","guid":{"rendered":"https:\/\/medalab.us\/contacto\/"},"modified":"2026-04-14T07:59:36","modified_gmt":"2026-04-14T07:59:36","slug":"contacto","status":"publish","type":"page","link":"https:\/\/medalab.us\/pt-pt\/contacto\/","title":{"rendered":"Contacto"},"content":{"rendered":"\n<div class=\"container mx-auto max-w-1000 my-5 pt-md-3 px-3\">\n<div class=\"row\">\n\n<div class=\"col-md-6 px-3 mb-5 pb-3\">\n<h3 class=\"fs-5 mb-2 pb-1\">CONTACTO<\/h3>\n<h2 class=\"lh-1 mb-4 like-woocommerce\"><i>Estamos aqui para te ajudar<\/i><br\/><strong>n\u00e3o hesites em entrar em contacto<\/strong><\/h2>\n<p>Tens perguntas, precisas de mais informa\u00e7\u00f5es?<\/p>\n<p>Estamos dispon\u00edveis atrav\u00e9s do formul\u00e1rio que pode encontrar nesta p\u00e1gina ou por e-mail para lhe oferecer todo o apoio de que necessite.<\/p>\n<p class=\"pb-4\"><strong>O teu sucesso \u00e9 a nossa prioridade.<\/strong><\/p>\n<a href=\"tel:+529995142016\" class=\"btn btn-fill d-none px-3 py-2 justify-content-start rounded-0 mt-1\">\n<i class=\"icon-user-contact display-4 max-h-50\"><\/i>\n<span class=\"fs-6 text-start fw-normal ps-2\">Tlf. +52 999 514 2016<br\/><span class=\"d-none\">Hor\u00e1rio de abertura: Das 00:00 \u00e0s 00:00h (CEST)<\/span><\/span>\n<\/a>\n<a href=\"mailto:sales@medalab.mx\" class=\"btn btn-fill d-flex px-3 py-2 justify-content-start rounded-0 mt-1\">\n<i class=\"icon-mail display-5 max-h-45\"><\/i>\n<span class=\"fs-6 text-start fw-normal ps-2\">sales@medalab.mx<\/span>\n<\/a>\n<\/div>\n\n<div class=\"col-md-6 px-3\">\n<div class=\"wpcf7 no-js\" id=\"wpcf7-f2321-o1\" lang=\"pt-PT\" dir=\"ltr\" data-wpcf7-id=\"2321\">\n<div class=\"screen-reader-response\"><p role=\"status\" aria-live=\"polite\" aria-atomic=\"true\"><\/p> <ul><\/ul><\/div>\n<form action=\"\/pt-pt\/wp-json\/wp\/v2\/pages\/2313#wpcf7-f2321-o1\" method=\"post\" class=\"wpcf7-form init\" aria-label=\"Formul\u00e1rio de contacto\" novalidate=\"novalidate\" data-status=\"init\">\n<fieldset class=\"hidden-fields-container\"><input type=\"hidden\" name=\"_wpcf7\" value=\"2321\" \/><input type=\"hidden\" name=\"_wpcf7_version\" value=\"6.1.5\" \/><input type=\"hidden\" name=\"_wpcf7_locale\" value=\"pt_PT\" \/><input type=\"hidden\" name=\"_wpcf7_unit_tag\" value=\"wpcf7-f2321-o1\" \/><input type=\"hidden\" name=\"_wpcf7_container_post\" value=\"0\" \/><input type=\"hidden\" name=\"_wpcf7_posted_data_hash\" value=\"\" \/><input type=\"hidden\" name=\"_wpcf7_recaptcha_response\" value=\"\" \/>\n<\/fieldset>\n<p><label> Nome e apelido<span class=\"red\">*<\/span><\/label><br \/>\n<span class=\"wpcf7-form-control-wrap\" data-name=\"your-name\"><input size=\"40\" maxlength=\"400\" class=\"wpcf7-form-control wpcf7-text wpcf7-validates-as-required\" autocomplete=\"name\" aria-required=\"true\" aria-invalid=\"false\" value=\"\" type=\"text\" name=\"your-name\" \/><\/span>\n<\/p>\n<p><label> Email<span class=\"red\">*<\/span><\/label><br \/>\n<span class=\"wpcf7-form-control-wrap\" data-name=\"your-email\"><input size=\"40\" maxlength=\"400\" class=\"wpcf7-form-control wpcf7-email wpcf7-validates-as-required wpcf7-text wpcf7-validates-as-email\" autocomplete=\"email\" aria-required=\"true\" aria-invalid=\"false\" value=\"\" type=\"email\" name=\"your-email\" \/><\/span>\n<\/p>\n<p><label> Como te podemos ajudar<\/label><br \/>\n<span class=\"wpcf7-form-control-wrap\" data-name=\"your-message\"><textarea cols=\"40\" rows=\"10\" maxlength=\"2000\" class=\"wpcf7-form-control wpcf7-textarea\" aria-invalid=\"false\" name=\"your-message\"><\/textarea><\/span>\n<\/p>\n<p><label><strong>Acordo GDPR<\/strong><span class=\"red\">*<\/span><\/label><br \/>\n<span class=\"wpcf7-form-control-wrap\" data-name=\"rgpd\"><span class=\"wpcf7-form-control wpcf7-acceptance\"><span class=\"wpcf7-list-item\"><label><input type=\"checkbox\" name=\"rgpd\" value=\"1\" aria-invalid=\"false\" \/><span class=\"wpcf7-list-item-label\">Li e aceito a pol\u00edtica de privacidade.<\/span><\/label><\/span><\/span><\/span>\n<\/p>\n<p><input class=\"wpcf7-form-control wpcf7-submit has-spinner\" type=\"submit\" value=\"ENVIA\" \/>\n<\/p><div class=\"wpcf7-response-output\" aria-hidden=\"true\"><\/div>\n<\/form>\n<\/div>\n<\/div>\n\n<\/div>\n<\/div>\n\n\n\n<style>header {\n  position: relative;\n  background-color: #00dcf7;\n  box-shadow: 0px 3px 6px #00000029;\n}\n.cart-menu-item a {\n  background-color: #FFFEFD;\n  color: #00dcf7 !important;\n}\n.menu > li > a:hover {\n    color: #008CA0 !important;\n  }\n.logo-menu svg {\n  fill: #FFFEFD;\n}\n.wpml-ls-item .sub-menu {background: #00000029;}\n<\/style>\n","protected":false},"excerpt":{"rendered":"<p>CONTACTO Estamos aqui para te ajudarn\u00e3o hesites em entrar em contacto Tens perguntas, precisas de mais informa\u00e7\u00f5es? Estamos dispon\u00edveis atrav\u00e9s do formul\u00e1rio que pode encontrar nesta p\u00e1gina ou por e-mail para lhe oferecer todo o apoio de que necessite. O teu sucesso \u00e9 a nossa prioridade. Tlf. +52 999 514 2016Hor\u00e1rio de abertura: Das 00:00 [&hellip;]<\/p>\n","protected":false},"author":1,"featured_media":0,"parent":0,"menu_order":0,"comment_status":"closed","ping_status":"closed","template":"","meta":{"footnotes":""},"class_list":["post-2313","page","type-page","status-publish","hentry"],"_links":{"self":[{"href":"https:\/\/medalab.us\/pt-pt\/wp-json\/wp\/v2\/pages\/2313","targetHints":{"allow":["GET"]}}],"collection":[{"href":"https:\/\/medalab.us\/pt-pt\/wp-json\/wp\/v2\/pages"}],"about":[{"href":"https:\/\/medalab.us\/pt-pt\/wp-json\/wp\/v2\/types\/page"}],"author":[{"embeddable":true,"href":"https:\/\/medalab.us\/pt-pt\/wp-json\/wp\/v2\/users\/1"}],"replies":[{"embeddable":true,"href":"https:\/\/medalab.us\/pt-pt\/wp-json\/wp\/v2\/comments?post=2313"}],"version-history":[{"count":6,"href":"https:\/\/medalab.us\/pt-pt\/wp-json\/wp\/v2\/pages\/2313\/revisions"}],"predecessor-version":[{"id":5047,"href":"https:\/\/medalab.us\/pt-pt\/wp-json\/wp\/v2\/pages\/2313\/revisions\/5047"}],"wp:attachment":[{"href":"https:\/\/medalab.us\/pt-pt\/wp-json\/wp\/v2\/media?parent=2313"}],"curies":[{"name":"wp","href":"https:\/\/api.w.org\/{rel}","templated":true}]}}