{"id":2403,"date":"2024-10-14T08:48:30","date_gmt":"2024-10-14T08:48:30","guid":{"rendered":"https:\/\/medalab.us\/acessorios-cdsgen\/"},"modified":"2025-01-13T08:49:25","modified_gmt":"2025-01-13T08:49:25","slug":"acessorios-cdsgen","status":"publish","type":"page","link":"https:\/\/medalab.us\/pt-pt\/acessorios-cdsgen\/","title":{"rendered":"Acess\u00f3rios CDSGEN"},"content":{"rendered":"\n<div class=\"header-accesorios-cdsgen\">\n<div class=\"container d-flex justify-content-lg-start justify-content-center pb-md-5 pt-5\">\n<div class=\"text-lg-start text-center pb-3 page-title-section header-purple text-white pt-5 mt-5\">\n   <h1 class=\"mx-lg-0 mx-auto accesorios-page lh-1 py-3 mt-5\"><i class=\"fw-lighter\">Acess\u00f3rios<\/i><br\/><span class=\"insert-cdsgen-logo accesorios-en-logo\"><span class=\"hidden-text\">CDSGEN<\/span><\/span><\/h1>\n<\/div>\n<\/div>\n<\/div>\n\n<div class=\"container section pt-md-5 pt-4 pb-4 accesorios long-acc mb-5\"><div class=\"woocommerce columns-4 home-gallery\"><ul class=\"products columns-4\">\n<li class=\"product type-product post-2316 status-publish first instock product_cat-cds-gen-pt-pt product_tag-cds-gen-pt-pt has-post-thumbnail taxable shipping-taxable purchasable product-type-simple\"><div class=\"inner-product\">\n\t<a href=\"https:\/\/medalab.us\/pt-pt\/product\/bomba-de-ar-do-gerador-de-clo2\/\" class=\"woocommerce-LoopProduct-link woocommerce-loop-product__link\"><img loading=\"lazy\" decoding=\"async\" width=\"300\" height=\"299\" src=\"https:\/\/medalab.us\/wp-content\/uploads\/2024\/10\/Bomba-de-aire-Generador-300x299.png\" class=\"attachment-woocommerce_thumbnail size-woocommerce_thumbnail\" alt=\"Bomba de ar do gerador de ClO&lt;sub&gt;2&lt;\/sub&gt;\" srcset=\"https:\/\/medalab.us\/wp-content\/uploads\/2024\/10\/Bomba-de-aire-Generador-300x299.png 300w, https:\/\/medalab.us\/wp-content\/uploads\/2024\/10\/Bomba-de-aire-Generador-600x598.png 600w, https:\/\/medalab.us\/wp-content\/uploads\/2024\/10\/Bomba-de-aire-Generador-100x100.png 100w, https:\/\/medalab.us\/wp-content\/uploads\/2024\/10\/Bomba-de-aire-Generador.png 602w\" sizes=\"auto, (max-width: 300px) 100vw, 300px\" \/><h2 class=\"woocommerce-loop-product__title\">Bomba de ar do gerador de ClO<sub>2<\/sub><\/h2>\n\t<span class=\"price\"><span class=\"woocommerce-Price-amount amount\"><bdi><span class=\"woocommerce-Price-currencySymbol\">&#36;<\/span>&nbsp;190.00<\/bdi><\/span> <small class=\"woocommerce-price-suffix\">impostos n\u00e3o inclu\u00eddos<\/small><\/span>\n<\/a><a href=\"\/pt-pt\/wp-json\/wp\/v2\/pages\/2403?add-to-cart=2316\" aria-describedby=\"woocommerce_loop_add_to_cart_link_describedby_2316\" data-quantity=\"1\" class=\"button product_type_simple add_to_cart_button ajax_add_to_cart\" data-product_id=\"2316\" data-product_sku=\"central_bomba_cds_gen\" aria-label=\"Adiciona ao carrinho: &ldquo;Bomba de ar do gerador de ClO2&rdquo;\" rel=\"nofollow\" data-success_message=\"&ldquo;Bomba de ar do gerador de ClO&lt;sub&gt;2&lt;\/sub&gt;&rdquo; foi adicionado ao seu carrinho\">Comprar<\/a>\t<span id=\"woocommerce_loop_add_to_cart_link_describedby_2316\" class=\"screen-reader-text\">\n\t\t\t<\/span>\n<span class=\"gtm4wp_productdata\" style=\"display:none; visibility:hidden;\" data-gtm4wp_product_data=\"{&quot;internal_id&quot;:2316,&quot;item_id&quot;:2316,&quot;item_name&quot;:&quot;Bomba de ar do gerador de ClO&lt;sub&gt;2&lt;\\\/sub&gt;&quot;,&quot;sku&quot;:&quot;central_bomba_cds_gen&quot;,&quot;price&quot;:190,&quot;stocklevel&quot;:9,&quot;stockstatus&quot;:&quot;instock&quot;,&quot;google_business_vertical&quot;:&quot;retail&quot;,&quot;item_category&quot;:&quot;CDS GEN&quot;,&quot;id&quot;:2316,&quot;productlink&quot;:&quot;https:\\\/\\\/medalab.us\\\/pt-pt\\\/product\\\/bomba-de-ar-do-gerador-de-clo2\\\/&quot;,&quot;item_list_name&quot;:&quot;General Product List&quot;,&quot;index&quot;:1,&quot;product_type&quot;:&quot;simple&quot;,&quot;item_brand&quot;:&quot;&quot;}\"><\/span><\/div><\/li>\n<li class=\"product type-product post-2342 status-publish instock product_cat-cds-gen-pt-pt product_tag-cds-gen-pt-pt has-post-thumbnail taxable shipping-taxable purchasable product-type-simple\"><div class=\"inner-product\">\n\t<a href=\"https:\/\/medalab.us\/pt-pt\/product\/cabo-de-ligacao-do-gerador-clo2\/\" class=\"woocommerce-LoopProduct-link woocommerce-loop-product__link\"><img loading=\"lazy\" decoding=\"async\" width=\"300\" height=\"299\" src=\"https:\/\/medalab.us\/wp-content\/uploads\/2024\/10\/Cable-conector-300x299.png\" class=\"attachment-woocommerce_thumbnail size-woocommerce_thumbnail\" alt=\"Cabo de liga\u00e7\u00e3o do gerador CLO&lt;sub&gt;2&lt;\/sub&gt;\" srcset=\"https:\/\/medalab.us\/wp-content\/uploads\/2024\/10\/Cable-conector-300x299.png 300w, https:\/\/medalab.us\/wp-content\/uploads\/2024\/10\/Cable-conector-600x598.png 600w, https:\/\/medalab.us\/wp-content\/uploads\/2024\/10\/Cable-conector-100x100.png 100w, https:\/\/medalab.us\/wp-content\/uploads\/2024\/10\/Cable-conector.png 602w\" sizes=\"auto, (max-width: 300px) 100vw, 300px\" \/><h2 class=\"woocommerce-loop-product__title\">Cabo de liga\u00e7\u00e3o do gerador CLO<sub>2<\/sub><\/h2>\n\t<span class=\"price\"><span class=\"woocommerce-Price-amount amount\"><bdi><span class=\"woocommerce-Price-currencySymbol\">&#36;<\/span>&nbsp;25.00<\/bdi><\/span> <small class=\"woocommerce-price-suffix\">impostos n\u00e3o inclu\u00eddos<\/small><\/span>\n<\/a><a href=\"\/pt-pt\/wp-json\/wp\/v2\/pages\/2403?add-to-cart=2342\" aria-describedby=\"woocommerce_loop_add_to_cart_link_describedby_2342\" data-quantity=\"1\" class=\"button product_type_simple add_to_cart_button ajax_add_to_cart\" data-product_id=\"2342\" data-product_sku=\"cable_conector_cds_gen\" aria-label=\"Adiciona ao carrinho: &ldquo;Cabo de liga\u00e7\u00e3o do gerador CLO2&rdquo;\" rel=\"nofollow\" data-success_message=\"&ldquo;Cabo de liga\u00e7\u00e3o do gerador CLO&lt;sub&gt;2&lt;\/sub&gt;&rdquo; foi adicionado ao seu carrinho\">Comprar<\/a>\t<span id=\"woocommerce_loop_add_to_cart_link_describedby_2342\" class=\"screen-reader-text\">\n\t\t\t<\/span>\n<span class=\"gtm4wp_productdata\" style=\"display:none; visibility:hidden;\" data-gtm4wp_product_data=\"{&quot;internal_id&quot;:2342,&quot;item_id&quot;:2342,&quot;item_name&quot;:&quot;Cabo de liga\\u00e7\\u00e3o do gerador CLO&lt;sub&gt;2&lt;\\\/sub&gt;&quot;,&quot;sku&quot;:&quot;cable_conector_cds_gen&quot;,&quot;price&quot;:25,&quot;stocklevel&quot;:9,&quot;stockstatus&quot;:&quot;instock&quot;,&quot;google_business_vertical&quot;:&quot;retail&quot;,&quot;item_category&quot;:&quot;CDS GEN&quot;,&quot;id&quot;:2342,&quot;productlink&quot;:&quot;https:\\\/\\\/medalab.us\\\/pt-pt\\\/product\\\/cabo-de-ligacao-do-gerador-clo2\\\/&quot;,&quot;item_list_name&quot;:&quot;General Product List&quot;,&quot;index&quot;:2,&quot;product_type&quot;:&quot;simple&quot;,&quot;item_brand&quot;:&quot;&quot;}\"><\/span><\/div><\/li>\n<li class=\"product type-product post-2339 status-publish instock product_cat-cds-gen-pt-pt product_tag-cds-gen-pt-pt has-post-thumbnail taxable shipping-taxable purchasable product-type-simple\"><div class=\"inner-product\">\n\t<a href=\"https:\/\/medalab.us\/pt-pt\/product\/carregador-de-gerador-clo2\/\" class=\"woocommerce-LoopProduct-link woocommerce-loop-product__link\"><img loading=\"lazy\" decoding=\"async\" width=\"300\" height=\"299\" src=\"https:\/\/medalab.us\/wp-content\/uploads\/2024\/10\/Cargador_Generador-300x299.png\" class=\"attachment-woocommerce_thumbnail size-woocommerce_thumbnail\" alt=\"Carregador de gerador CLO&lt;sub&gt;2&lt;\/sub&gt;\" srcset=\"https:\/\/medalab.us\/wp-content\/uploads\/2024\/10\/Cargador_Generador-300x299.png 300w, https:\/\/medalab.us\/wp-content\/uploads\/2024\/10\/Cargador_Generador-600x598.png 600w, https:\/\/medalab.us\/wp-content\/uploads\/2024\/10\/Cargador_Generador-100x100.png 100w, https:\/\/medalab.us\/wp-content\/uploads\/2024\/10\/Cargador_Generador.png 602w\" sizes=\"auto, (max-width: 300px) 100vw, 300px\" \/><h2 class=\"woocommerce-loop-product__title\">Carregador de gerador CLO<sub>2<\/sub><\/h2>\n\t<span class=\"price\"><span class=\"woocommerce-Price-amount amount\"><bdi><span class=\"woocommerce-Price-currencySymbol\">&#36;<\/span>&nbsp;20.00<\/bdi><\/span> <small class=\"woocommerce-price-suffix\">impostos n\u00e3o inclu\u00eddos<\/small><\/span>\n<\/a><a href=\"\/pt-pt\/wp-json\/wp\/v2\/pages\/2403?add-to-cart=2339\" aria-describedby=\"woocommerce_loop_add_to_cart_link_describedby_2339\" data-quantity=\"1\" class=\"button product_type_simple add_to_cart_button ajax_add_to_cart\" data-product_id=\"2339\" data-product_sku=\"cargador_cds_gen\" aria-label=\"Adiciona ao carrinho: &ldquo;Carregador de gerador CLO2&rdquo;\" rel=\"nofollow\" data-success_message=\"&ldquo;Carregador de gerador CLO&lt;sub&gt;2&lt;\/sub&gt;&rdquo; foi adicionado ao seu carrinho\">Comprar<\/a>\t<span id=\"woocommerce_loop_add_to_cart_link_describedby_2339\" class=\"screen-reader-text\">\n\t\t\t<\/span>\n<span class=\"gtm4wp_productdata\" style=\"display:none; visibility:hidden;\" data-gtm4wp_product_data=\"{&quot;internal_id&quot;:2339,&quot;item_id&quot;:2339,&quot;item_name&quot;:&quot;Carregador de gerador CLO&lt;sub&gt;2&lt;\\\/sub&gt;&quot;,&quot;sku&quot;:&quot;cargador_cds_gen&quot;,&quot;price&quot;:20,&quot;stocklevel&quot;:12,&quot;stockstatus&quot;:&quot;instock&quot;,&quot;google_business_vertical&quot;:&quot;retail&quot;,&quot;item_category&quot;:&quot;CDS GEN&quot;,&quot;id&quot;:2339,&quot;productlink&quot;:&quot;https:\\\/\\\/medalab.us\\\/pt-pt\\\/product\\\/carregador-de-gerador-clo2\\\/&quot;,&quot;item_list_name&quot;:&quot;General Product List&quot;,&quot;index&quot;:3,&quot;product_type&quot;:&quot;simple&quot;,&quot;item_brand&quot;:&quot;&quot;}\"><\/span><\/div><\/li>\n<li class=\"product type-product post-2346 status-publish last instock product_cat-cds-gen-pt-pt product_tag-cds-gen-pt-pt has-post-thumbnail taxable shipping-taxable purchasable product-type-variable\"><div class=\"inner-product\">\n\t<a href=\"https:\/\/medalab.us\/pt-pt\/product\/fichas-de-substituicao-para-o-gerador-clo2-modelo-1\/\" class=\"woocommerce-LoopProduct-link woocommerce-loop-product__link\"><img loading=\"lazy\" decoding=\"async\" width=\"300\" height=\"299\" src=\"https:\/\/medalab.us\/wp-content\/uploads\/2024\/10\/Tapones-y-valvulas-300x299.png\" class=\"attachment-woocommerce_thumbnail size-woocommerce_thumbnail\" alt=\"Tamp\u00f5es de substitui\u00e7\u00e3o para o gerador CLO&lt;sub&gt;2&lt;\/sub&gt;\" srcset=\"https:\/\/medalab.us\/wp-content\/uploads\/2024\/10\/Tapones-y-valvulas-300x299.png 300w, https:\/\/medalab.us\/wp-content\/uploads\/2024\/10\/Tapones-y-valvulas-600x598.png 600w, https:\/\/medalab.us\/wp-content\/uploads\/2024\/10\/Tapones-y-valvulas-100x100.png 100w, https:\/\/medalab.us\/wp-content\/uploads\/2024\/10\/Tapones-y-valvulas.png 602w\" sizes=\"auto, (max-width: 300px) 100vw, 300px\" \/><h2 class=\"woocommerce-loop-product__title\">Tamp\u00f5es de substitui\u00e7\u00e3o para o gerador CLO<sub>2<\/sub><\/h2>\n\t<span class=\"price\"><span class=\"woocommerce-Price-amount amount\" aria-hidden=\"true\"><bdi><span class=\"woocommerce-Price-currencySymbol\">&#36;<\/span>&nbsp;2.95<\/bdi><\/span> <span aria-hidden=\"true\">&ndash;<\/span> <span class=\"woocommerce-Price-amount amount\" aria-hidden=\"true\"><bdi><span class=\"woocommerce-Price-currencySymbol\">&#36;<\/span>&nbsp;3.95<\/bdi><\/span><span class=\"screen-reader-text\">Price range: &#36;&nbsp;2.95 through &#36;&nbsp;3.95<\/span> <small class=\"woocommerce-price-suffix\">impostos n\u00e3o inclu\u00eddos<\/small><\/span>\n<\/a><a href=\"https:\/\/medalab.us\/pt-pt\/product\/fichas-de-substituicao-para-o-gerador-clo2-modelo-1\/\" aria-describedby=\"woocommerce_loop_add_to_cart_link_describedby_2346\" data-quantity=\"1\" class=\"button product_type_variable add_to_cart_button\" data-product_id=\"2346\" data-product_sku=\"\" aria-label=\"Seleccione as op\u00e7\u00f5es para &ldquo;Tamp\u00f5es de substitui\u00e7\u00e3o para o gerador CLO2&rdquo;\" rel=\"nofollow\">Ver op\u00e7\u00f5es<\/a>\t<span id=\"woocommerce_loop_add_to_cart_link_describedby_2346\" class=\"screen-reader-text\">\n\t\tThis product has multiple variants. The options may be chosen on the product page\t<\/span>\n<span class=\"gtm4wp_productdata\" style=\"display:none; visibility:hidden;\" data-gtm4wp_product_data=\"{&quot;internal_id&quot;:2346,&quot;item_id&quot;:2346,&quot;item_name&quot;:&quot;Tamp\\u00f5es de substitui\\u00e7\\u00e3o para o gerador CLO&lt;sub&gt;2&lt;\\\/sub&gt;&quot;,&quot;sku&quot;:2346,&quot;price&quot;:2.95,&quot;stocklevel&quot;:10,&quot;stockstatus&quot;:&quot;instock&quot;,&quot;google_business_vertical&quot;:&quot;retail&quot;,&quot;item_category&quot;:&quot;CDS GEN&quot;,&quot;id&quot;:2346,&quot;productlink&quot;:&quot;https:\\\/\\\/medalab.us\\\/pt-pt\\\/product\\\/fichas-de-substituicao-para-o-gerador-clo2-modelo-1\\\/&quot;,&quot;item_list_name&quot;:&quot;General Product List&quot;,&quot;index&quot;:4,&quot;product_type&quot;:&quot;variable&quot;,&quot;item_brand&quot;:&quot;&quot;}\"><\/span><\/div><\/li>\n<li class=\"product type-product post-2324 status-publish first instock product_cat-cds-gen-pt-pt product_tag-cds-gen-pt-pt has-post-thumbnail taxable shipping-taxable purchasable product-type-simple\"><div class=\"inner-product\">\n\t<a href=\"https:\/\/medalab.us\/pt-pt\/product\/tiras-reactivas-para-medicion-de-clo2\/\" class=\"woocommerce-LoopProduct-link woocommerce-loop-product__link\"><img loading=\"lazy\" decoding=\"async\" width=\"300\" height=\"299\" src=\"https:\/\/medalab.us\/wp-content\/uploads\/2024\/10\/tiras-reactivas-100-300x299.png\" class=\"attachment-woocommerce_thumbnail size-woocommerce_thumbnail\" alt=\"Tiras de teste para medi\u00e7\u00e3o de CLO2\" srcset=\"https:\/\/medalab.us\/wp-content\/uploads\/2024\/10\/tiras-reactivas-100-300x299.png 300w, https:\/\/medalab.us\/wp-content\/uploads\/2024\/10\/tiras-reactivas-100-600x598.png 600w, https:\/\/medalab.us\/wp-content\/uploads\/2024\/10\/tiras-reactivas-100-100x100.png 100w, https:\/\/medalab.us\/wp-content\/uploads\/2024\/10\/tiras-reactivas-100.png 602w\" sizes=\"auto, (max-width: 300px) 100vw, 300px\" \/><h2 class=\"woocommerce-loop-product__title\">Tiras de teste para medi\u00e7\u00e3o de CLO2<\/h2>\n\t<span class=\"price\"><span class=\"woocommerce-Price-amount amount\"><bdi><span class=\"woocommerce-Price-currencySymbol\">&#36;<\/span>&nbsp;27.90<\/bdi><\/span> <small class=\"woocommerce-price-suffix\">impostos n\u00e3o inclu\u00eddos<\/small><\/span>\n<\/a><a href=\"\/pt-pt\/wp-json\/wp\/v2\/pages\/2403?add-to-cart=2324\" aria-describedby=\"woocommerce_loop_add_to_cart_link_describedby_2324\" data-quantity=\"1\" class=\"button product_type_simple add_to_cart_button ajax_add_to_cart\" data-product_id=\"2324\" data-product_sku=\"tiras_reactivas\" aria-label=\"Adiciona ao carrinho: &ldquo;Tiras de teste para medi\u00e7\u00e3o de CLO2&rdquo;\" rel=\"nofollow\" data-success_message=\"&ldquo;Tiras de teste para medi\u00e7\u00e3o de CLO2&rdquo; foi adicionado ao seu carrinho\">Comprar<\/a>\t<span id=\"woocommerce_loop_add_to_cart_link_describedby_2324\" class=\"screen-reader-text\">\n\t\t\t<\/span>\n<span class=\"gtm4wp_productdata\" style=\"display:none; visibility:hidden;\" data-gtm4wp_product_data=\"{&quot;internal_id&quot;:2324,&quot;item_id&quot;:2324,&quot;item_name&quot;:&quot;Tiras de teste para medi\\u00e7\\u00e3o de CLO2&quot;,&quot;sku&quot;:&quot;tiras_reactivas&quot;,&quot;price&quot;:27.9,&quot;stocklevel&quot;:4,&quot;stockstatus&quot;:&quot;instock&quot;,&quot;google_business_vertical&quot;:&quot;retail&quot;,&quot;item_category&quot;:&quot;CDS GEN&quot;,&quot;id&quot;:2324,&quot;productlink&quot;:&quot;https:\\\/\\\/medalab.us\\\/pt-pt\\\/product\\\/tiras-reactivas-para-medicion-de-clo2\\\/&quot;,&quot;item_list_name&quot;:&quot;General Product List&quot;,&quot;index&quot;:5,&quot;product_type&quot;:&quot;simple&quot;,&quot;item_brand&quot;:&quot;&quot;}\"><\/span><\/div><\/li>\n<\/ul>\n<\/div><\/div>\n","protected":false},"excerpt":{"rendered":"<p>Acess\u00f3riosCDSGEN<\/p>\n","protected":false},"author":1,"featured_media":0,"parent":0,"menu_order":0,"comment_status":"closed","ping_status":"closed","template":"","meta":{"footnotes":""},"class_list":["post-2403","page","type-page","status-publish","hentry"],"_links":{"self":[{"href":"https:\/\/medalab.us\/pt-pt\/wp-json\/wp\/v2\/pages\/2403","targetHints":{"allow":["GET"]}}],"collection":[{"href":"https:\/\/medalab.us\/pt-pt\/wp-json\/wp\/v2\/pages"}],"about":[{"href":"https:\/\/medalab.us\/pt-pt\/wp-json\/wp\/v2\/types\/page"}],"author":[{"embeddable":true,"href":"https:\/\/medalab.us\/pt-pt\/wp-json\/wp\/v2\/users\/1"}],"replies":[{"embeddable":true,"href":"https:\/\/medalab.us\/pt-pt\/wp-json\/wp\/v2\/comments?post=2403"}],"version-history":[{"count":1,"href":"https:\/\/medalab.us\/pt-pt\/wp-json\/wp\/v2\/pages\/2403\/revisions"}],"predecessor-version":[{"id":2404,"href":"https:\/\/medalab.us\/pt-pt\/wp-json\/wp\/v2\/pages\/2403\/revisions\/2404"}],"wp:attachment":[{"href":"https:\/\/medalab.us\/pt-pt\/wp-json\/wp\/v2\/media?parent=2403"}],"curies":[{"name":"wp","href":"https:\/\/api.w.org\/{rel}","templated":true}]}}