{"id":2317,"date":"2024-10-11T16:42:18","date_gmt":"2024-10-11T16:42:18","guid":{"rendered":"https:\/\/medalab.us\/product\/cabos-biotrohn\/"},"modified":"2026-04-21T14:02:04","modified_gmt":"2026-04-21T14:02:04","slug":"cabos-biotrohn","status":"publish","type":"product","link":"https:\/\/medalab.us\/pt-pt\/product\/cabos-biotrohn\/","title":{"rendered":"Cabos Biotrohn"},"content":{"rendered":"<p class=\"blue-alert\"><strong>Impostos n\u00e3o inclu\u00eddos.<\/strong>  Ver\u00e1s o pre\u00e7o com imposto inclu\u00eddo quando seleccionares o teu pa\u00eds na p\u00e1gina de pagamento.<\/p>\n","protected":false},"excerpt":{"rendered":"<p>O cabo de liga\u00e7\u00e3o para o Biotrohn \u00e9 um componente vital que facilita a transmiss\u00e3o eficiente da corrente el\u00e9ctrica. Este cabo \u00e9 ligado aos el\u00e9ctrodos e ao gerador de microfrequ\u00eancias, permitindo que a corrente flua de forma segura e constante. O seu conetor serrilhado garante um bom fluxo de corrente, assegurando um desempenho \u00f3timo do Biotrohn. Este cabo foi concebido para resistir a uma utiliza\u00e7\u00e3o regular, proporcionando sempre uma liga\u00e7\u00e3o fi\u00e1vel e est\u00e1vel.<\/p>\n","protected":false},"featured_media":3262,"comment_status":"open","ping_status":"closed","template":"","meta":[],"product_brand":[],"product_cat":[127],"product_tag":[129],"class_list":{"0":"post-2317","1":"product","2":"type-product","3":"status-publish","4":"has-post-thumbnail","6":"product_cat-biotrohn-pt-pt","7":"product_tag-biotrohn-pt-pt","9":"first","10":"instock","11":"taxable","12":"shipping-taxable","13":"purchasable","14":"product-type-simple"},"bundled_by":[],"bundle_stock_status":"instock","bundle_stock_quantity":5,"bundle_virtual":false,"bundle_layout":"","bundle_add_to_cart_form_location":"","bundle_editable_in_cart":false,"bundle_sold_individually_context":"","bundle_item_grouping":"","bundle_min_size":"","bundle_max_size":"","bundle_price":[],"bundled_items":[],"bundle_sell_ids":[],"_links":{"self":[{"href":"https:\/\/medalab.us\/pt-pt\/wp-json\/wp\/v2\/product\/2317","targetHints":{"allow":["GET"]}}],"collection":[{"href":"https:\/\/medalab.us\/pt-pt\/wp-json\/wp\/v2\/product"}],"about":[{"href":"https:\/\/medalab.us\/pt-pt\/wp-json\/wp\/v2\/types\/product"}],"replies":[{"embeddable":true,"href":"https:\/\/medalab.us\/pt-pt\/wp-json\/wp\/v2\/comments?post=2317"}],"wp:featuredmedia":[{"embeddable":true,"href":"https:\/\/medalab.us\/pt-pt\/wp-json\/wp\/v2\/media\/3262"}],"wp:attachment":[{"href":"https:\/\/medalab.us\/pt-pt\/wp-json\/wp\/v2\/media?parent=2317"}],"wp:term":[{"taxonomy":"product_brand","embeddable":true,"href":"https:\/\/medalab.us\/pt-pt\/wp-json\/wp\/v2\/product_brand?post=2317"},{"taxonomy":"product_cat","embeddable":true,"href":"https:\/\/medalab.us\/pt-pt\/wp-json\/wp\/v2\/product_cat?post=2317"},{"taxonomy":"product_tag","embeddable":true,"href":"https:\/\/medalab.us\/pt-pt\/wp-json\/wp\/v2\/product_tag?post=2317"}],"curies":[{"name":"wp","href":"https:\/\/api.w.org\/{rel}","templated":true}]}}