{"id":2320,"date":"2024-10-11T16:28:43","date_gmt":"2024-10-11T16:28:43","guid":{"rendered":"https:\/\/medalab.us\/product\/bateria-biotrohn\/"},"modified":"2026-04-21T14:03:45","modified_gmt":"2026-04-21T14:03:45","slug":"bateria-biotrohn","status":"publish","type":"product","link":"https:\/\/medalab.us\/pt-pt\/product\/bateria-biotrohn\/","title":{"rendered":"Bateria Biotrohn"},"content":{"rendered":"<p class=\"blue-alert\"><strong>Impostos n\u00e3o inclu\u00eddos.<\/strong>  Ver\u00e1s o pre\u00e7o com imposto inclu\u00eddo quando seleccionares o teu pa\u00eds na p\u00e1gina de pagamento.<\/p>\n<style>\n.entry-summary form.cart{display:block;}\n.woocommerce div.product form.cart .variations select{border: 1px solid #93928F;border-radius: 9px;padding: 4px 12px 4px;font-weight: 300;min-width: 210px;}\n.woocommerce div.product form.cart .variations th{width: 90px;padding-top: 6px;}\n.woocommerce .quantity .qty, .btn-add-cart{display:none;}\n.woocommerce div.product p.stock{margin-top:-16px;}\n.woocommerce:where(body:not(.woocommerce-block-theme-has-button-styles)) button.button.alt.single_add_to_cart_button{border: 1px solid #00dcf7;background-color: #00DCF7;color: #FFFEFD;padding: 10px 5%;margin-right: 1rem;width: 300px;text-align: center;border-radius: 9px;font-size: 1.3rem;font-weight: 500;}\n.woocommerce:where(body:not(.woocommerce-block-theme-has-button-styles)) button.button.alt.single_add_to_cart_button:hover{background-color: transparent;color: #00DCF7 !important;}\n.woocommerce-variation-price span.amount{font-size: 2rem;padding-bottom: 1rem;display: block;}\n.woocommerce div.product form.cart .woocommerce-variation-description p {margin-bottom: .5em;background-color: #F4F2EF;padding: .5rem 1rem;font-size: 0.95rem;}\n<\/style>\n","protected":false},"excerpt":{"rendered":"<p>A bateria do Biotrohn \u00e9 um componente essencial que assegura o funcionamento ininterrupto do teu aparelho. Esta bateria de alta qualidade foi concebida para fornecer uma fonte de energia fi\u00e1vel e duradoura para o teu Biotrohn, permitindo-te desfrutar das tuas sess\u00f5es sem te preocupares com a dura\u00e7\u00e3o da bateria.<\/p>\n","protected":false},"featured_media":3325,"comment_status":"open","ping_status":"closed","template":"","meta":[],"product_brand":[],"product_cat":[127],"product_tag":[129],"class_list":{"0":"post-2320","1":"product","2":"type-product","3":"status-publish","4":"has-post-thumbnail","6":"product_cat-biotrohn-pt-pt","7":"product_tag-biotrohn-pt-pt","9":"first","10":"instock","11":"taxable","12":"shipping-taxable","13":"purchasable","14":"product-type-variable"},"bundled_by":[],"bundle_stock_status":"instock","bundle_stock_quantity":null,"bundle_virtual":false,"bundle_layout":"","bundle_add_to_cart_form_location":"","bundle_editable_in_cart":false,"bundle_sold_individually_context":"","bundle_item_grouping":"","bundle_min_size":"","bundle_max_size":"","bundle_price":[],"bundled_items":[],"bundle_sell_ids":[],"_links":{"self":[{"href":"https:\/\/medalab.us\/pt-pt\/wp-json\/wp\/v2\/product\/2320","targetHints":{"allow":["GET"]}}],"collection":[{"href":"https:\/\/medalab.us\/pt-pt\/wp-json\/wp\/v2\/product"}],"about":[{"href":"https:\/\/medalab.us\/pt-pt\/wp-json\/wp\/v2\/types\/product"}],"replies":[{"embeddable":true,"href":"https:\/\/medalab.us\/pt-pt\/wp-json\/wp\/v2\/comments?post=2320"}],"wp:featuredmedia":[{"embeddable":true,"href":"https:\/\/medalab.us\/pt-pt\/wp-json\/wp\/v2\/media\/3325"}],"wp:attachment":[{"href":"https:\/\/medalab.us\/pt-pt\/wp-json\/wp\/v2\/media?parent=2320"}],"wp:term":[{"taxonomy":"product_brand","embeddable":true,"href":"https:\/\/medalab.us\/pt-pt\/wp-json\/wp\/v2\/product_brand?post=2320"},{"taxonomy":"product_cat","embeddable":true,"href":"https:\/\/medalab.us\/pt-pt\/wp-json\/wp\/v2\/product_cat?post=2320"},{"taxonomy":"product_tag","embeddable":true,"href":"https:\/\/medalab.us\/pt-pt\/wp-json\/wp\/v2\/product_tag?post=2320"}],"curies":[{"name":"wp","href":"https:\/\/api.w.org\/{rel}","templated":true}]}}