{"id":2331,"date":"2024-10-11T16:35:52","date_gmt":"2024-10-11T16:35:52","guid":{"rendered":"https:\/\/medalab.us\/product\/cabos-e-electrodos-biotrohn\/"},"modified":"2026-04-21T14:03:15","modified_gmt":"2026-04-21T14:03:15","slug":"electrodos-biotrohn","status":"publish","type":"product","link":"https:\/\/medalab.us\/pt-pt\/product\/electrodos-biotrohn\/","title":{"rendered":"El\u00e9ctrodos Biotrohn"},"content":{"rendered":"<p class=\"blue-alert\"><strong>Impostos n\u00e3o inclu\u00eddos.<\/strong>  Ver\u00e1s o pre\u00e7o com imposto inclu\u00eddo quando seleccionares o teu pa\u00eds na p\u00e1gina de pagamento.<\/p>\n","protected":false},"excerpt":{"rendered":"<p>Os el\u00e9ctrodos do Biotrohn s\u00e3o dispositivos de contacto concebidos para serem segurados pelo utilizador, permitindo assim fechar o circuito de corrente. Cada el\u00e9trodo tem um conetor individual que \u00e9 unido num conetor com nervuras, banhado a ouro, garantindo uma transmiss\u00e3o de corrente eficiente e segura. Este design \u00fanico assegura um bom fluxo de corrente, permitindo que o gerador de microfrequ\u00eancias funcione de forma \u00f3ptima. Os el\u00e9ctrodos s\u00e3o ergon\u00f3micos, confort\u00e1veis de segurar e seguros para o utilizador, proporcionando uma experi\u00eancia de utiliza\u00e7\u00e3o eficiente e agrad\u00e1vel.<\/p>\n","protected":false},"featured_media":3265,"comment_status":"open","ping_status":"closed","template":"","meta":[],"product_brand":[],"product_cat":[127],"product_tag":[129],"class_list":{"0":"post-2331","1":"product","2":"type-product","3":"status-publish","4":"has-post-thumbnail","6":"product_cat-biotrohn-pt-pt","7":"product_tag-biotrohn-pt-pt","9":"first","10":"instock","11":"taxable","12":"shipping-taxable","13":"purchasable","14":"product-type-simple"},"bundled_by":[],"bundle_stock_status":"instock","bundle_stock_quantity":12,"bundle_virtual":false,"bundle_layout":"","bundle_add_to_cart_form_location":"","bundle_editable_in_cart":false,"bundle_sold_individually_context":"","bundle_item_grouping":"","bundle_min_size":"","bundle_max_size":"","bundle_price":[],"bundled_items":[],"bundle_sell_ids":[],"_links":{"self":[{"href":"https:\/\/medalab.us\/pt-pt\/wp-json\/wp\/v2\/product\/2331","targetHints":{"allow":["GET"]}}],"collection":[{"href":"https:\/\/medalab.us\/pt-pt\/wp-json\/wp\/v2\/product"}],"about":[{"href":"https:\/\/medalab.us\/pt-pt\/wp-json\/wp\/v2\/types\/product"}],"replies":[{"embeddable":true,"href":"https:\/\/medalab.us\/pt-pt\/wp-json\/wp\/v2\/comments?post=2331"}],"wp:featuredmedia":[{"embeddable":true,"href":"https:\/\/medalab.us\/pt-pt\/wp-json\/wp\/v2\/media\/3265"}],"wp:attachment":[{"href":"https:\/\/medalab.us\/pt-pt\/wp-json\/wp\/v2\/media?parent=2331"}],"wp:term":[{"taxonomy":"product_brand","embeddable":true,"href":"https:\/\/medalab.us\/pt-pt\/wp-json\/wp\/v2\/product_brand?post=2331"},{"taxonomy":"product_cat","embeddable":true,"href":"https:\/\/medalab.us\/pt-pt\/wp-json\/wp\/v2\/product_cat?post=2331"},{"taxonomy":"product_tag","embeddable":true,"href":"https:\/\/medalab.us\/pt-pt\/wp-json\/wp\/v2\/product_tag?post=2331"}],"curies":[{"name":"wp","href":"https:\/\/api.w.org\/{rel}","templated":true}]}}