{"id":2363,"date":"2024-10-10T10:50:17","date_gmt":"2024-10-10T10:50:17","guid":{"rendered":"https:\/\/medalab.us\/product\/mara-quantics\/"},"modified":"2026-04-21T14:22:57","modified_gmt":"2026-04-21T14:22:57","slug":"medidor-de-dioxido-de-cloro-ppm-mara","status":"publish","type":"product","link":"https:\/\/medalab.us\/pt-pt\/product\/medidor-de-dioxido-de-cloro-ppm-mara\/","title":{"rendered":"Mara Quantics"},"content":{"rendered":"<p class=\"blue-alert\"><strong>Impostos n\u00e3o inclu\u00eddos.<\/strong>  Ver\u00e1s o pre\u00e7o com imposto inclu\u00eddo quando seleccionares o teu pa\u00eds na p\u00e1gina de pagamento.<\/p>\n<div class=\"metabox-own\">\n<div class=\"bg-yellow\">\n<div class=\"container py-5 fs-4\">\n<div class=\"col-12 mx-auto p-sm-5 mb-5\">\n<h2 class=\"has-text-align-center mx-md-5 pb-3 mb-3 fw-lighter lh-1\"><i>Muito mais do que um <\/i> <strong class=\"fw-light\">dispositivo<\/strong><\/h2>\n<h4 class=\"has-text-align-center mx-sm-5\">Com a compra do MARA, ter\u00e1s acesso a conte\u00fados exclusivos que te permitir\u00e3o usufruir da sua utiliza\u00e7\u00e3o de uma forma eficiente.<\/h4>\n<\/div>\n<div class=\"col-xl-9 row mx-auto pb-sm-5 mb-5\">\n<div class=\"col-6 text-center px-sm-5 border-end border-color-dark fs-sm-4 fs-6\"><i class=\"icon-docs d-block text-center display-1\"><\/i>Manuais completos e informa\u00e7\u00f5es alargadas sobre as perguntas mais frequentes.<\/div>\n<div class=\"col-6 text-center px-sm-5 fs-sm-4 fs-6\"><i class=\"icon-video-docs d-block text-center display-1\"><\/i>Documenta\u00e7\u00e3o e v\u00eddeos exclusivos relacionados com as terapias.<\/div>\n<\/div>\n<div class=\"col-xl-9 row mx-auto pb-sm-5 mb-5\">\n<div class=\"col-6 text-center px-sm-5 border-end border-color-dark fs-sm-4 fs-6\"><i class=\"icon-promos d-block text-center display-1\"><\/i>Promo\u00e7\u00f5es exclusivas e acesso priorit\u00e1rio a novos conte\u00fados.<\/div>\n<div class=\"col-6 text-center px-sm-5 fs-sm-4 fs-6\"><i class=\"icon-user-contact d-block text-center display-1\"><\/i>Assist\u00eancia t\u00e9cnica internacional<\/div>\n<\/div>\n<\/div>\n<\/div>\n<p><!-- EXCELENCIA --><\/p>\n<div class=\"bg-dark-green\">\n<div class=\"container py-sm-5 py-1 fs-4\">\n<div class=\"col-xl-4 col-sm-6 col-9 mx-auto py-5\">\n<i class=\"icon-excellence d-block text-center display-1\"> <\/i><\/p>\n<h4 class=\"has-text-align-center\">Compromisso com a excel\u00eancia<\/h4>\n<\/div>\n<div class=\"col-xl-9 mx-auto mb-5 text-center fs-sm-4 fs-6\">Na Medalab, o nosso compromisso com a excel\u00eancia \u00e9 absoluto. Compreendemos que o apoio e a forma\u00e7\u00e3o s\u00e3o cruciais para o sucesso da utiliza\u00e7\u00e3o das nossas tecnologias avan\u00e7adas, pelo que nos esfor\u00e7amos por assegurar que cada cliente n\u00e3o s\u00f3 recebe um produto de qualidade como o CDS GEN, mas tamb\u00e9m o conhecimento e o apoio necess\u00e1rios para o utilizar eficazmente.<\/div>\n<\/div>\n<\/div>\n<p><!-- REDES SOCIALES --><\/p>\n<div class=\"container py-5 d-none\">\n<h2 class=\"has-text-align-center mb-3 fw-lighter lh-1 pt-sm-5 mt-sm-3\">Junta-te \u00e0 <span class=\"fw-light d-sm-block\">comunidade<\/span><\/h2>\n<div class=\"text-center fs-2 mb-4 pb-1\">MARA<\/div>\n<p class=\"text-center w-sm-50 mx-auto px-sm-4 fs-5 mb-5 pb-2\">Partilha a tua experi\u00eancia com outros utilizadores atrav\u00e9s das tuas redes sociais <strong>@mara #mara<\/strong><\/p>\n<ul class=\"unstyled d-flex justify-content-center gap-3 yellow-content mb-sm-5 mb-0\">\n<li><a class=\"link text-decoration-none display-4\" title=\"Facebook Medalab\"><i class=\"icon-facebook\"> <\/i><\/a><\/li>\n<li><a class=\"link text-decoration-none display-4\" title=\"Instagram Medalab\"><i class=\"icon-instagram\"> <\/i><\/a><\/li>\n<li><a class=\"link text-decoration-none display-4\" title=\"Youtube Medalab\"><i class=\"icon-youtube\"> <\/i><\/a><\/li>\n<\/ul>\n<\/div>\n<\/div>\n","protected":false},"excerpt":{"rendered":"<h1 class=\"product_title_own\"><span class=\"insert-mara-logo\"><strong class=\"hidden-text\">Mara Quantics<\/strong><\/span><\/h1>\n<p><!-- BEGIN PROMO --><\/p>\n<div class=\"blue-band p-sm-4 p-3 mb-4\">\n<div class=\"row align-items-center\">\n<div class=\"col-6\">Promo\u00e7\u00e3o<span class=\"d-block\">CDSGen + Mara<\/span><\/div>\n<div class=\"col-6 ps-0\">\n<div class=\"promo-pill\">-20% Descto.<\/div>\n<\/div>\n<\/div>\n<\/div>\n<style>\n.blue-band {background-color: #00DCF7;color: #fff;font-size: 1.875rem;font-weight: 300;text-align: center;line-height: 101.5%;}\n.blue-band span{font-weight:500;}\n.promo-pill{border-radius: 14px;font-size: 2.875rem;font-weight: 500;line-height: 117.5%;padding: 3px 5px;border: 2px solid #fff;}\n@media (max-width: 767.5px){\n.blue-band {font-size: 1.125rem;}\n.promo-pill {font-size: 1.625rem;}\n}\n<\/style>\n<p><!-- END PROMO --><\/p>\n<h4><strong>Medidor espetrofotom\u00e9trico de di\u00f3xido de cloro de amplo alcance para di\u00f3xido de cloro na \u00e1gua<\/strong><\/h4>\n<ul>\n<li>Primeiro instrumento capaz de medir o di\u00f3xido de cloro na \u00e1gua na gama de 10 &#8211; 4.000 ppm.<\/li>\n<li>A tecnologia MARA ClO\u2082\u00ae Wide Range identifica impress\u00f5es digitais espectrofotom\u00e9tricas em segundos.<\/li>\n<li>Calcula a concentra\u00e7\u00e3o e detecta os contaminantes.<\/li>\n<\/ul>\n<ul class=\"unstyled d-lg-flex d-md-block d-sm-flex gap-4\">\n<li><i class=\"d-block text-center icon-no-drop\"><\/i>N\u00e3o necessita de reagentes ou consum\u00edveis<\/li>\n<li><i class=\"d-block text-center icon-leafe-ok\"><\/i>Precis\u00e3o: medi\u00e7\u00e3o exacta do di\u00f3xido de cloro na \u00e1gua<\/li>\n<li><i class=\"d-block text-center icon-hand-ok\"><\/i>Portabilidade: design compacto para uma utiliza\u00e7\u00e3o f\u00e1cil e c\u00f3moda<\/li>\n<\/ul>\n","protected":false},"featured_media":2382,"comment_status":"open","ping_status":"closed","template":"","meta":[],"product_brand":[],"product_cat":[135],"product_tag":[136],"class_list":{"0":"post-2363","1":"product","2":"type-product","3":"status-publish","4":"has-post-thumbnail","6":"product_cat-produto","7":"product_tag-mara-pt-pt","9":"first","10":"outofstock","11":"taxable","12":"shipping-taxable","13":"purchasable","14":"product-type-simple"},"bundled_by":["4167","4442"],"bundle_stock_status":"outofstock","bundle_stock_quantity":0,"bundle_virtual":false,"bundle_layout":"","bundle_add_to_cart_form_location":"","bundle_editable_in_cart":false,"bundle_sold_individually_context":"","bundle_item_grouping":"","bundle_min_size":"","bundle_max_size":"","bundle_price":[],"bundled_items":[],"bundle_sell_ids":[],"_links":{"self":[{"href":"https:\/\/medalab.us\/pt-pt\/wp-json\/wp\/v2\/product\/2363","targetHints":{"allow":["GET"]}}],"collection":[{"href":"https:\/\/medalab.us\/pt-pt\/wp-json\/wp\/v2\/product"}],"about":[{"href":"https:\/\/medalab.us\/pt-pt\/wp-json\/wp\/v2\/types\/product"}],"replies":[{"embeddable":true,"href":"https:\/\/medalab.us\/pt-pt\/wp-json\/wp\/v2\/comments?post=2363"}],"wp:featuredmedia":[{"embeddable":true,"href":"https:\/\/medalab.us\/pt-pt\/wp-json\/wp\/v2\/media\/2382"}],"wp:attachment":[{"href":"https:\/\/medalab.us\/pt-pt\/wp-json\/wp\/v2\/media?parent=2363"}],"wp:term":[{"taxonomy":"product_brand","embeddable":true,"href":"https:\/\/medalab.us\/pt-pt\/wp-json\/wp\/v2\/product_brand?post=2363"},{"taxonomy":"product_cat","embeddable":true,"href":"https:\/\/medalab.us\/pt-pt\/wp-json\/wp\/v2\/product_cat?post=2363"},{"taxonomy":"product_tag","embeddable":true,"href":"https:\/\/medalab.us\/pt-pt\/wp-json\/wp\/v2\/product_tag?post=2363"}],"curies":[{"name":"wp","href":"https:\/\/api.w.org\/{rel}","templated":true}]}}