{"id":2866,"date":"2024-09-03T11:57:15","date_gmt":"2024-09-03T11:57:15","guid":{"rendered":"https:\/\/medalab.us\/product\/generador-de-frecuencias-biotrohn\/"},"modified":"2026-04-21T14:24:14","modified_gmt":"2026-04-21T14:24:14","slug":"gerador-de-frequencias-biotrohn","status":"publish","type":"product","link":"https:\/\/medalab.us\/pt-pt\/product\/gerador-de-frequencias-biotrohn\/","title":{"rendered":"Biotrohn\u00ae"},"content":{"rendered":"<p class=\"blue-alert\"><strong>Impostos n\u00e3o inclu\u00eddos.<\/strong>  Ver\u00e1s o pre\u00e7o com imposto inclu\u00eddo quando seleccionares o teu pa\u00eds na p\u00e1gina de pagamento.<\/p>\n<div class=\"metabox-own\">\n<div class=\"bg-purple\">\n<div class=\"container py-5 fs-4\">\n<div class=\"col-12 mx-auto p-sm-5 mb-5\">\n<h2 class=\"has-text-align-center mx-md-5 pb-3 mb-3 fw-lighter lh-1\"><i>Muito mais do que um <\/i> <strong class=\"fw-light\">dispositivo<\/strong><\/h2>\n<h4 class=\"has-text-align-center mx-sm-5\">Com a compra do Biotrohn, ter\u00e1s acesso a conte\u00fados exclusivos que te permitir\u00e3o usufruir da sua utiliza\u00e7\u00e3o de uma forma eficiente.<\/h4>\n<\/div>\n<div class=\"col-xl-9 row mx-auto pb-sm-5 mb-5\">\n<div class=\"col-6 text-center px-sm-5 border-end border-white fs-sm-4 fs-6\"><i class=\"icon-docs d-block text-center display-1\"><\/i>Manuais completos e informa\u00e7\u00f5es alargadas sobre as perguntas mais frequentes.<\/div>\n<div class=\"col-6 text-center px-sm-5 fs-sm-4 fs-6\"><i class=\"icon-video-docs d-block text-center display-1\"><\/i>Documenta\u00e7\u00e3o e v\u00eddeos exclusivos relacionados com as terapias.<\/div>\n<\/div>\n<div class=\"col-xl-9 row mx-auto pb-sm-5 mb-5\">\n<div class=\"col-6 text-center px-sm-5 border-end border-white fs-sm-4 fs-6\"><i class=\"icon-promos d-block text-center display-1\"><\/i>Promo\u00e7\u00f5es exclusivas e acesso priorit\u00e1rio a novos conte\u00fados.<\/div>\n<div class=\"col-6 text-center px-sm-5 fs-sm-4 fs-6\"><i class=\"icon-user-contact d-block text-center display-1\"><\/i>Assist\u00eancia t\u00e9cnica internacional<\/div>\n<\/div>\n<\/div>\n<\/div>\n<p><!-- TESTIMONIALS --><\/p>\n<div id=\"reviews\" class=\"container py-5 purple-page\">\n<div class=\"p-sm-5 mb-4\">\n<h2 class=\"has-text-align-center fw-lighter lh-1\">Experi\u00eancias <strong class=\"fw-light d-block\">do utilizador<\/strong><\/h2>\n<\/div>\n<div class=\"cr-reviews-grid\" id=\"cr-reviews-grid-69f4c7d89c3d3\" style=\"border-color:;\" data-attributes=\"{&quot;count&quot;:6,&quot;show_products&quot;:false,&quot;product_links&quot;:false,&quot;sort_by&quot;:&quot;date&quot;,&quot;sort&quot;:&quot;DESC&quot;,&quot;categories&quot;:[],&quot;products&quot;:[277],&quot;color_ex_brdr&quot;:&quot;&quot;,&quot;color_brdr&quot;:&quot;#e8e6e1&quot;,&quot;color_ex_bcrd&quot;:&quot;&quot;,&quot;color_bcrd&quot;:&quot;#ffffff&quot;,&quot;color_pr_bcrd&quot;:&quot;&quot;,&quot;color_stars&quot;:&quot;#BD26FF&quot;,&quot;shop_reviews&quot;:false,&quot;count_shop_reviews&quot;:1,&quot;inactive_products&quot;:false,&quot;avatars&quot;:&quot;false&quot;,&quot;show_more&quot;:6,&quot;count_total&quot;:0,&quot;product_tags&quot;:[],&quot;tags&quot;:[&quot;biotrohn&quot;],&quot;max_chars&quot;:0,&quot;min_chars&quot;:100,&quot;show_summary_bar&quot;:false,&quot;add_review&quot;:false,&quot;schema_markup&quot;:false,&quot;comment__not_in&quot;:[]}\">\n\t\t<div class=\"cr-reviews-grid-inner\">\n\t\t<div class=\"cr-reviews-grid-col cr-reviews-grid-col1\"><\/div>\n\t\t<div class=\"cr-reviews-grid-col cr-reviews-grid-col2\"><\/div>\n\t\t<div class=\"cr-reviews-grid-col cr-reviews-grid-col3\"><\/div>\n\t\t\t\t\t<div class=\"cr-review-card cr-card-product abrir-modal\" style=\"border-color:#e8e6e1;background-color:#ffffff;\" data-reviewid=\"117\">\n\t\t\t\t<div class=\"cr-review-card-content\">\n\t\t\t\t\t\t\t\t\t\t\n\t\t\t\t\t\n\t\t\t\t\t<div class=\"middle-row p-0 bg-transparent border-0 mt-3\">\n\t\t\t\t\t\t<div class=\"review-content\">\n\t\t\t\t\t\t\t<p><strong>Biotrohn y dolor de garganta<\/strong><br \/>\nComentarios sobre el programa 129: El mi\u00e9rcoles de la semana pasada, mi hija tuvo de repente dolor de garganta y apenas pod\u00eda hablar. Las am\u00edgdalas estaban muy inflamadas. El cl\u00e1sico, el s\u00e1bado deb\u00edamos irnos de vacaciones. As\u00ed que, sin m\u00e1s dilaci\u00f3n, utilic\u00e9 Biotrohn P129 2x. Ya con 1x mi hija dijo que sent\u00eda que algo le corr\u00eda por la garganta, evidentemente algo se hab\u00eda desprendido. Luego un poco de CDL, plata coloidal para hacer g\u00e1rgaras y tema terminado. Realmente me impresion\u00f3 el efecto positivo y r\u00e1pido del P129 en estos s\u00edntomas.<\/p>\n\t\t\t\t\t\t<\/div>\n\t\t\t\t\t\t\t\t\t\t\t\t\n\t\t\t\t\t<\/div>\n\t\t\t\t\t<div class=\"rating-row pb-0\">\n\t\t\t\t\t\t<div class=\"rating\">\n\t\t\t\t\t\t\t<div class=\"crstar-rating\" style=\"#BD26FF\"><span style=\"width:100%;\"><\/span><\/div>\n\t\t\t\t\t\t<\/div>\n\t\t\t\t\t\t<div class=\"rating-label\">\n\t\t\t\t\t\t\t5\/5\t\t\t\t\t\t<\/div>\n\t\t\t\t\t<\/div>\n\t\t\t\t\t<div class=\"top-row border-0 pt-0\">\n\t\t\t\t\t\t<div class=\"reviewer\">\n\t\t\t\t\t\t\t<div class=\"reviewer-name\">\n\t\t\t\t\t\t\t\tInvitado\t\t\t\t\t\t\t<\/div>\n\t\t\t\t\t\t\t<div class=\"datetime\">\n\t\t\t\t\t\t\t\tH\u00e1 2 anos\t\t\t\t\t\t\t<\/div>\n\t\t\t\t\t\t<\/div>\n\t\t\t\t\t<\/div>\n\t\t\t\t\t\t\t\t\t\t\t\t\t\t<\/div>\n\t\t\t<\/div>\n\t\t\t\t\t<div class=\"cr-review-card cr-card-product abrir-modal\" style=\"border-color:#e8e6e1;background-color:#ffffff;\" data-reviewid=\"96\">\n\t\t\t\t<div class=\"cr-review-card-content\">\n\t\t\t\t\t\t\t\t\t\t\n\t\t\t\t\t\n\t\t\t\t\t<div class=\"middle-row p-0 bg-transparent border-0 mt-3\">\n\t\t\t\t\t\t<div class=\"review-content\">\n\t\t\t\t\t\t\t<p><strong>Biotrohn y Herpes Zoster<\/strong><br \/>\nA mi madre le empez\u00f3 a salir un sarpullido en la espalda y el m\u00e9dico le dijo que era herpes zoster.<br \/>\nA pesar de que nos hab\u00eda dado una crema no la usamos.<br \/>\nAl llegar a casa le pusimos el programa 31 (3 veces al d\u00eda) y al segundo d\u00eda ya se le hab\u00eda reducido y al 4 d\u00eda hab\u00eda desaparecido.<\/p>\n<p>Ahora estamos us\u00e1ndolo unos d\u00edas m\u00e1s para prevenirlo.<\/p>\n<p>Comentar que tambi\u00e9n hab\u00eda un motivo emocional, ya que tuvo visita en casa que ella no quer\u00eda, por lo que tambi\u00e9n pusimos foco a esta situaci\u00f3n.<\/p>\n\t\t\t\t\t\t<\/div>\n\t\t\t\t\t\t\t\t\t\t\t\t\n\t\t\t\t\t<\/div>\n\t\t\t\t\t<div class=\"rating-row pb-0\">\n\t\t\t\t\t\t<div class=\"rating\">\n\t\t\t\t\t\t\t<div class=\"crstar-rating\" style=\"#BD26FF\"><span style=\"width:100%;\"><\/span><\/div>\n\t\t\t\t\t\t<\/div>\n\t\t\t\t\t\t<div class=\"rating-label\">\n\t\t\t\t\t\t\t5\/5\t\t\t\t\t\t<\/div>\n\t\t\t\t\t<\/div>\n\t\t\t\t\t<div class=\"top-row border-0 pt-0\">\n\t\t\t\t\t\t<div class=\"reviewer\">\n\t\t\t\t\t\t\t<div class=\"reviewer-name\">\n\t\t\t\t\t\t\t\tInvitado\t\t\t\t\t\t\t<\/div>\n\t\t\t\t\t\t\t<div class=\"datetime\">\n\t\t\t\t\t\t\t\tH\u00e1 2 anos\t\t\t\t\t\t\t<\/div>\n\t\t\t\t\t\t<\/div>\n\t\t\t\t\t<\/div>\n\t\t\t\t\t\t\t\t\t\t\t\t\t\t<\/div>\n\t\t\t<\/div>\n\t\t\t\t\t<div class=\"cr-review-card cr-card-product abrir-modal\" style=\"border-color:#e8e6e1;background-color:#ffffff;\" data-reviewid=\"97\">\n\t\t\t\t<div class=\"cr-review-card-content\">\n\t\t\t\t\t\t\t\t\t\t\n\t\t\t\t\t\n\t\t\t\t\t<div class=\"middle-row p-0 bg-transparent border-0 mt-3\">\n\t\t\t\t\t\t<div class=\"review-content\">\n\t\t\t\t\t\t\t<p><strong>Biotrohn und Fieberbl\u00e4schen<\/strong><br \/>\nIch bin gestern morgen mit einem Herpes an der Lippe aufgewacht und habe mich zuerst mit Teebaum\u00f6l und WPO, \u00e4u\u00dferlich angewendet, behandelt!<\/p>\n<p>Mittags hab ich dann das Programm 29 \u201cHerpes Simplex \u201d durchlaufen lassen und w\u00e4hrenddessen merkte ich im Herpes ein Pochen, da tat sich schon w\u00e4hrend der Anwendung was! Nach Ende des Programms, war ich der Meinung, dass die Herpesblase wesentlich kleiner war.<\/p>\n<p>Heute morgen war sie fast weg, nur noch ein kleiner Teil mit einer Kruste drauf!<\/p>\n\t\t\t\t\t\t<\/div>\n\t\t\t\t\t\t\t\t\t\t\t\t\n\t\t\t\t\t<\/div>\n\t\t\t\t\t<div class=\"rating-row pb-0\">\n\t\t\t\t\t\t<div class=\"rating\">\n\t\t\t\t\t\t\t<div class=\"crstar-rating\" style=\"#BD26FF\"><span style=\"width:100%;\"><\/span><\/div>\n\t\t\t\t\t\t<\/div>\n\t\t\t\t\t\t<div class=\"rating-label\">\n\t\t\t\t\t\t\t5\/5\t\t\t\t\t\t<\/div>\n\t\t\t\t\t<\/div>\n\t\t\t\t\t<div class=\"top-row border-0 pt-0\">\n\t\t\t\t\t\t<div class=\"reviewer\">\n\t\t\t\t\t\t\t<div class=\"reviewer-name\">\n\t\t\t\t\t\t\t\tInvitado\t\t\t\t\t\t\t<\/div>\n\t\t\t\t\t\t\t<div class=\"datetime\">\n\t\t\t\t\t\t\t\tH\u00e1 2 anos\t\t\t\t\t\t\t<\/div>\n\t\t\t\t\t\t<\/div>\n\t\t\t\t\t<\/div>\n\t\t\t\t\t\t\t\t\t\t\t\t\t\t<\/div>\n\t\t\t<\/div>\n\t\t\t\t\t<div class=\"cr-review-card cr-card-product abrir-modal\" style=\"border-color:#e8e6e1;background-color:#ffffff;\" data-reviewid=\"98\">\n\t\t\t\t<div class=\"cr-review-card-content\">\n\t\t\t\t\t\t\t\t\t\t\n\t\t\t\t\t\n\t\t\t\t\t<div class=\"middle-row p-0 bg-transparent border-0 mt-3\">\n\t\t\t\t\t\t<div class=\"review-content\">\n\t\t\t\t\t\t\t<p><strong>Biotrohn daily use<\/strong><br \/>\nI have been using (Zapper\/Biotrohn) every night before bed for 12 years. I can say that I fall asleep very quickly and sleep deeply. First time I used Zapper for Oxiuros worms. In the morning the toilet was full of little worms\u2026 it was amazing.<br \/>\nThe experience with the Biotrohn is fantastic, with so many solutions for all kinds of health problems. Recommended for every home in the world.<\/p>\n\t\t\t\t\t\t<\/div>\n\t\t\t\t\t\t\t\t\t\t\t\t\n\t\t\t\t\t<\/div>\n\t\t\t\t\t<div class=\"rating-row pb-0\">\n\t\t\t\t\t\t<div class=\"rating\">\n\t\t\t\t\t\t\t<div class=\"crstar-rating\" style=\"#BD26FF\"><span style=\"width:100%;\"><\/span><\/div>\n\t\t\t\t\t\t<\/div>\n\t\t\t\t\t\t<div class=\"rating-label\">\n\t\t\t\t\t\t\t5\/5\t\t\t\t\t\t<\/div>\n\t\t\t\t\t<\/div>\n\t\t\t\t\t<div class=\"top-row border-0 pt-0\">\n\t\t\t\t\t\t<div class=\"reviewer\">\n\t\t\t\t\t\t\t<div class=\"reviewer-name\">\n\t\t\t\t\t\t\t\tInvitado\t\t\t\t\t\t\t<\/div>\n\t\t\t\t\t\t\t<div class=\"datetime\">\n\t\t\t\t\t\t\t\tH\u00e1 2 anos\t\t\t\t\t\t\t<\/div>\n\t\t\t\t\t\t<\/div>\n\t\t\t\t\t<\/div>\n\t\t\t\t\t\t\t\t\t\t\t\t\t\t<\/div>\n\t\t\t<\/div>\n\t\t\t\t\t<div class=\"cr-review-card cr-card-product abrir-modal\" style=\"border-color:#e8e6e1;background-color:#ffffff;\" data-reviewid=\"68\">\n\t\t\t\t<div class=\"cr-review-card-content\">\n\t\t\t\t\t\t\t\t\t\t\n\t\t\t\t\t\n\t\t\t\t\t<div class=\"middle-row p-0 bg-transparent border-0 mt-3\">\n\t\t\t\t\t\t<div class=\"review-content\">\n\t\t\t\t\t\t\t<p><strong>Plasmatrohn, Biotrohn y C\u00e1ncer de huesos\/mama<\/strong><br \/>\nEn septiembre del 23 me diagnosticaron c\u00e1ncer de mama y met\u00e1stasis en huesos.<\/p>\n<p>Me operaron y me lo extrajeron. En noviembre comenc\u00e9 a tomar CDS. En enero se produjo una proliferaci\u00f3n del tumor a nivel cut\u00e1neo. Llevaba 2 meses tomando CDS y no entend\u00eda como algo as\u00ed podr\u00eda haber pasado pero nunca perd\u00ed la confianza en el CDS y persist\u00ed.<\/p>\n<p>Comenc\u00e9 tratamiento hormonal porque pens\u00e9 que ser\u00eda un refuerzo pero el onc\u00f3logo me dec\u00eda que nunca tendr\u00eda una remisi\u00f3n total y que con los huesos lo que pasar\u00eda es que o mejoraba un poco o por lo menos parar\u00edamos la evoluci\u00f3n de la enfermedad pero nunca remisi\u00f3n total.<br \/>\nYo segu\u00ed con el CDS: protocolo C hasta llegar a los 30-50 ml\/dia, enemas 2 veces por semana, vaginal tambi\u00e9n desde hace 2 meses 1-2 veces semana.<\/p>\n<p>Desde hace un par de meses tambi\u00e9n uso Biotrohn y Plasmatrohn.<\/p>\n<p>He tomado adapt\u00f3genos y me hice 2 endovenosos con CDS y DMSO. Tomo Zeolita y hago dieta alcalina. La gran noticia es que el c\u00e1ncer ha desaparecido en los huesos, hay residuos dice el informe.<\/p>\n<p>Estoy que no me lo creo!!!!! As\u00ed que contin\u00fao con el CDS sin parar!!!!!!!<\/p>\n<p>Lo de la mama est\u00e1 yendo m\u00e1s lento pero s\u00e9 que debo hacer desparasitaci\u00f3n y otros protocolos de CDS.<\/p>\n<p>Ha habido momentos de ansiedad, dudas de si a mi me funcionar\u00eda como a otros y desesperaci\u00f3n pero mi mensaje es que siempre siempre se puede hacer algo m\u00e1s de lo que se hace y siempre se puede seguir luchando.<\/p>\n<p>\u00c1nimo a todos<\/p>\n\t\t\t\t\t\t<\/div>\n\t\t\t\t\t\t\t\t\t\t\t\t\n\t\t\t\t\t<\/div>\n\t\t\t\t\t<div class=\"rating-row pb-0\">\n\t\t\t\t\t\t<div class=\"rating\">\n\t\t\t\t\t\t\t<div class=\"crstar-rating\" style=\"#BD26FF\"><span style=\"width:100%;\"><\/span><\/div>\n\t\t\t\t\t\t<\/div>\n\t\t\t\t\t\t<div class=\"rating-label\">\n\t\t\t\t\t\t\t5\/5\t\t\t\t\t\t<\/div>\n\t\t\t\t\t<\/div>\n\t\t\t\t\t<div class=\"top-row border-0 pt-0\">\n\t\t\t\t\t\t<div class=\"reviewer\">\n\t\t\t\t\t\t\t<div class=\"reviewer-name\">\n\t\t\t\t\t\t\t\tInvitado\t\t\t\t\t\t\t<\/div>\n\t\t\t\t\t\t\t<div class=\"datetime\">\n\t\t\t\t\t\t\t\tH\u00e1 2 anos\t\t\t\t\t\t\t<\/div>\n\t\t\t\t\t\t<\/div>\n\t\t\t\t\t<\/div>\n\t\t\t\t\t\t\t\t\t\t\t\t\t\t<\/div>\n\t\t\t<\/div>\n\t\t\t\t\t<div class=\"cr-review-card cr-card-product abrir-modal\" style=\"border-color:#e8e6e1;background-color:#ffffff;\" data-reviewid=\"101\">\n\t\t\t\t<div class=\"cr-review-card-content\">\n\t\t\t\t\t\t\t\t\t\t\n\t\t\t\t\t\n\t\t\t\t\t<div class=\"middle-row p-0 bg-transparent border-0 mt-3\">\n\t\t\t\t\t\t<div class=\"review-content\">\n\t\t\t\t\t\t\t<p><strong>Biotrohn e Inflamaci\u00f3n<\/strong><br \/>\nPues la verdad es que me he quedado impresionado, por no decir alucinado.<\/p>\n<p>Tengo dolores muy fuertes en la zona lumbar desde hace a\u00f1os cada vez que realizo un sobreesfuerzo y a veces sin hacerlo. Ayer me exced\u00ed levantando un peso y el dolor regres\u00f3, no pod\u00eda aguantar en ninguna posici\u00f3n, ni de pie ni tumbado, como de costumbre. Pero esta ocasi\u00f3n en vez de inflarme a antiinflamatorios durante d\u00edas y sufriendo al mismo tiempo, us\u00e9 el Biotrohn con el programa 24 (inflamaciones) colocando los electrodos en la zona afectada.<\/p>\n<p>Pude notar la mejora mientras transcurr\u00eda el programa. Con la primera sesi\u00f3n por la ma\u00f1ana el dolor baj\u00f3 de 7 a 2. Con la segunda sesi\u00f3n por la tarde desapareci\u00f3 del todo. Parece magia. Estoy impresionado con los resultados.<\/p>\n\t\t\t\t\t\t<\/div>\n\t\t\t\t\t\t\t\t\t\t\t\t\n\t\t\t\t\t<\/div>\n\t\t\t\t\t<div class=\"rating-row pb-0\">\n\t\t\t\t\t\t<div class=\"rating\">\n\t\t\t\t\t\t\t<div class=\"crstar-rating\" style=\"#BD26FF\"><span style=\"width:100%;\"><\/span><\/div>\n\t\t\t\t\t\t<\/div>\n\t\t\t\t\t\t<div class=\"rating-label\">\n\t\t\t\t\t\t\t5\/5\t\t\t\t\t\t<\/div>\n\t\t\t\t\t<\/div>\n\t\t\t\t\t<div class=\"top-row border-0 pt-0\">\n\t\t\t\t\t\t<div class=\"reviewer\">\n\t\t\t\t\t\t\t<div class=\"reviewer-name\">\n\t\t\t\t\t\t\t\tInvitado\t\t\t\t\t\t\t<\/div>\n\t\t\t\t\t\t\t<div class=\"datetime\">\n\t\t\t\t\t\t\t\tH\u00e1 2 anos\t\t\t\t\t\t\t<\/div>\n\t\t\t\t\t\t<\/div>\n\t\t\t\t\t<\/div>\n\t\t\t\t\t\t\t\t\t\t\t\t\t\t<\/div>\n\t\t\t<\/div>\n\t\t\t<\/div>\n\t\t\t<div class=\"cr-show-more\">\n\t\t\t<button class=\"cr-show-more-button\" type=\"button\">Mostrar mais<\/button>\n\t\t\t<span class=\"cr-show-more-spinner\" style=\"display:none;\"><\/span>\n\t\t<\/div>\n\t<\/div>\n\n\n<!-- Modal HTML -->\n<div class=\"testimonial-modal modal fade\">\n\t<div class=\"modal-dialog modal-dialog-centered modal-lg\">\n  \t\t<div class=\"modal-content\">\n\t\t\t<div class=\"modal-body\">\n    \t\t<!-- Aqu\u00ed se cargar\u00e1 el contenido completo del testimonio -->\n\t\t\t<\/div>\n\t\t\t<button class=\"close-modal\"><\/button>\n\t\t<\/div>\n\t<\/div>\n<\/div>\n<\/div>\n<p><!-- EXCELENCIA --><\/p>\n<div class=\"bg-dark-green\">\n<div class=\"container py-sm-5 py-1 fs-4\">\n<div class=\"col-xl-4 col-sm-6 col-9 mx-auto py-5\">\n<p><i class=\"icon-excellence d-block text-center display-1\"> <\/i><\/p>\n<h4 class=\"has-text-align-center\">Compromisso com a excel\u00eancia<\/h4>\n<\/div>\n<div class=\"col-xl-9 mx-auto mb-5 text-center fs-sm-4 fs-6\">Na Medalab, o nosso compromisso com a excel\u00eancia \u00e9 absoluto. Compreendemos que o apoio e a forma\u00e7\u00e3o s\u00e3o cruciais para a utiliza\u00e7\u00e3o bem sucedida das nossas tecnologias avan\u00e7adas, pelo que nos esfor\u00e7amos por garantir que cada cliente n\u00e3o s\u00f3 recebe um produto de qualidade como o Biotrohn, mas tamb\u00e9m o conhecimento e o apoio necess\u00e1rios para o utilizar eficazmente.<\/div>\n<\/div>\n<\/div>\n<p><!-- REDES SOCIALES --><\/p>\n<div class=\"container py-5 d-none\">\n<h2 class=\"has-text-align-center mb-3 fw-lighter lh-1 pt-sm-5 mt-sm-3\">Junta-te \u00e0 <span class=\"fw-light d-sm-block\">comunidade<\/span><\/h2>\n<div class=\"text-center fs-2 mb-4 pb-1\">BIOTROHN\u00ae<\/div>\n<p class=\"text-center w-sm-50 mx-auto px-sm-4 fs-5 mb-5 pb-2\">Partilha a tua experi\u00eancia com outros utilizadores atrav\u00e9s das tuas redes sociais <strong>@biotrohn #biotrohn<\/strong><\/p>\n<ul class=\"unstyled d-flex justify-content-center gap-3 purple-content mb-sm-5 mb-0\">\n<li><a class=\"link text-decoration-none display-4\" title=\"Facebook Medalab\"><i class=\"icon-facebook\"> <\/i><\/a><\/li>\n<li><a class=\"link text-decoration-none display-4\" title=\"Instagram Medalab\"><i class=\"icon-instagram\"> <\/i><\/a><\/li>\n<li><a class=\"link text-decoration-none display-4\" title=\"Youtube Medalab\"><i class=\"icon-youtube\"> <\/i><\/a><\/li>\n<\/ul>\n<\/div>\n<p><!-- REEL --><\/p>\n<div class=\"d-flex overflow-hidden justify-content-center\">\n<div class=\"col-sm-3 col-6\"><img decoding=\"async\" class=\"w-100\" src=\"https:\/\/medalab.us\/wp-content\/uploads\/2024\/09\/reel-img-biotrohn-1.jpg\"><\/div>\n<div class=\"col-sm-3 col-6 icon-facebook reel-item overflow-hidden\"><img decoding=\"async\" class=\"w-100\" src=\"https:\/\/medalab.us\/wp-content\/uploads\/2024\/09\/reel-img-biotrohn-2.jpg\"><\/div>\n<div class=\"col-sm-3 col-6 icon-instagram reel-item overflow-hidden\"><img decoding=\"async\" class=\"w-100\" src=\"https:\/\/medalab.us\/wp-content\/uploads\/2024\/09\/reel-img-biotrohn-3.jpg\"><\/div>\n<div class=\"col-sm-3 col-6 icon-youtube reel-item overflow-hidden\"><img decoding=\"async\" class=\"w-100\" src=\"https:\/\/medalab.us\/wp-content\/uploads\/2024\/09\/reel-img-biotrohn-4.jpg\"><\/div>\n<div class=\"col-sm-3 col-6\"><img decoding=\"async\" class=\"w-100\" src=\"https:\/\/medalab.us\/wp-content\/uploads\/2024\/09\/reel-img-biotrohn-5.jpg\"><\/div>\n<\/div>\n<\/div>\n<style>\n.entry-summary form.cart{display:block}\n.woocommerce div.product form.cart .variations th{display:none;}\n.woocommerce div.product form.cart .variations{margin-bottom:1.5rem!important;}\n<\/style>\n","protected":false},"excerpt":{"rendered":"<h1 class=\"product_title_own\"><span class=\"d-flex flex-wrap\"><span class=\"insert-biotrohn-logo entry-logo\"><strong class=\"hidden-text\">Biotrohn\u00ae &#8211; Biotrohn<\/strong><\/span><span class=\"insert-firma entry-sign\"><strong class=\"hidden-text\"> por Dr.Kalcker<\/strong><\/span><\/span><\/h1>\n<h4><strong>Gerador port\u00e1til de micro-frequ\u00eancias para harmoniza\u00e7\u00e3o celular<\/strong><\/h4>\n<ul>\n<li>135 programas para agentes patog\u00e9nicos espec\u00edficos.<\/li>\n<li>Ajuda a reduzir o stress e a melhorar a qualidade do sono.<\/li>\n<li>Tecnologia avan\u00e7ada baseada na biof\u00edsica natural.<\/li>\n<\/ul>\n<ul class=\"unstyled d-lg-flex d-md-block d-sm-flex gap-4\">\n<li><i class=\"d-block text-center icon-leafe-ok\"><\/i>Software optimizado para cada gama de frequ\u00eancias<\/li>\n<li><i class=\"d-block text-center icon-heart-star\"><\/i>Programa\u00e7\u00e3o interna exclusiva do Dr. Kalcker<\/li>\n<li><i class=\"d-block text-center icon-heart-star-in\"><\/i>Trata de tudo, desde doen\u00e7as menores a doen\u00e7as cr\u00f3nicas<\/li>\n<\/ul>\n<p class=\"m-0 fw-bolder d-block border-top pt-3\">Idioma do dispositivo<\/p>\n<p style=\"font-size: .8rem;\" class=\"mb-2\">Entregue j\u00e1 configurado no idioma selecionado<\/p>\n","protected":false},"featured_media":3259,"comment_status":"open","ping_status":"closed","template":"","meta":[],"product_brand":[],"product_cat":[135],"product_tag":[129],"class_list":{"0":"post-2866","1":"product","2":"type-product","3":"status-publish","4":"has-post-thumbnail","6":"product_cat-produto","7":"product_tag-biotrohn-pt-pt","9":"first","10":"instock","11":"taxable","12":"shipping-taxable","13":"purchasable","14":"product-type-variable"},"bundled_by":["4153"],"bundle_stock_status":"instock","bundle_stock_quantity":60,"bundle_virtual":false,"bundle_layout":"","bundle_add_to_cart_form_location":"","bundle_editable_in_cart":false,"bundle_sold_individually_context":"","bundle_item_grouping":"","bundle_min_size":"","bundle_max_size":"","bundle_price":[],"bundled_items":[],"bundle_sell_ids":[],"_links":{"self":[{"href":"https:\/\/medalab.us\/pt-pt\/wp-json\/wp\/v2\/product\/2866","targetHints":{"allow":["GET"]}}],"collection":[{"href":"https:\/\/medalab.us\/pt-pt\/wp-json\/wp\/v2\/product"}],"about":[{"href":"https:\/\/medalab.us\/pt-pt\/wp-json\/wp\/v2\/types\/product"}],"replies":[{"embeddable":true,"href":"https:\/\/medalab.us\/pt-pt\/wp-json\/wp\/v2\/comments?post=2866"}],"wp:featuredmedia":[{"embeddable":true,"href":"https:\/\/medalab.us\/pt-pt\/wp-json\/wp\/v2\/media\/3259"}],"wp:attachment":[{"href":"https:\/\/medalab.us\/pt-pt\/wp-json\/wp\/v2\/media?parent=2866"}],"wp:term":[{"taxonomy":"product_brand","embeddable":true,"href":"https:\/\/medalab.us\/pt-pt\/wp-json\/wp\/v2\/product_brand?post=2866"},{"taxonomy":"product_cat","embeddable":true,"href":"https:\/\/medalab.us\/pt-pt\/wp-json\/wp\/v2\/product_cat?post=2866"},{"taxonomy":"product_tag","embeddable":true,"href":"https:\/\/medalab.us\/pt-pt\/wp-json\/wp\/v2\/product_tag?post=2866"}],"curies":[{"name":"wp","href":"https:\/\/api.w.org\/{rel}","templated":true}]}}