{"id":3034,"date":"2025-03-20T10:41:25","date_gmt":"2025-03-20T10:41:25","guid":{"rendered":"https:\/\/medalab.us\/product\/estuche-de-celdas-para-mara\/"},"modified":"2026-04-21T14:33:46","modified_gmt":"2026-04-21T14:33:46","slug":"estojo-de-celulas-para-mara","status":"publish","type":"product","link":"https:\/\/medalab.us\/pt-pt\/product\/estojo-de-celulas-para-mara\/","title":{"rendered":"Caixa de telem\u00f3vel para a Mara"},"content":{"rendered":"<p class=\"blue-alert\"><strong>Impostos n\u00e3o inclu\u00eddos.<\/strong>  Ver\u00e1s o pre\u00e7o com imposto inclu\u00eddo quando seleccionares o teu pa\u00eds na p\u00e1gina de pagamento.<\/p>\n","protected":false},"excerpt":{"rendered":"<p>Esta caixa cont\u00e9m oito c\u00e9lulas de vidro especialmente concebidas para utiliza\u00e7\u00e3o com o Mara ClO2\u00a9 (medidor de di\u00f3xido de cloro na \u00e1gua). A sua conce\u00e7\u00e3o permite uma leitura precisa e sem erros da concentra\u00e7\u00e3o de <sub>ClO2<\/sub>.<\/p>\n","protected":false},"featured_media":3038,"comment_status":"open","ping_status":"closed","template":"","meta":[],"product_brand":[],"product_cat":[177],"product_tag":[],"class_list":{"0":"post-3034","1":"product","2":"type-product","3":"status-publish","4":"has-post-thumbnail","6":"product_cat-mara-pt-pt","8":"first","9":"outofstock","10":"taxable","11":"shipping-taxable","12":"purchasable","13":"product-type-simple"},"bundled_by":[],"bundle_stock_status":"outofstock","bundle_stock_quantity":0,"bundle_virtual":false,"bundle_layout":"","bundle_add_to_cart_form_location":"","bundle_editable_in_cart":false,"bundle_sold_individually_context":"","bundle_item_grouping":"","bundle_min_size":"","bundle_max_size":"","bundle_price":[],"bundled_items":[],"bundle_sell_ids":[],"_links":{"self":[{"href":"https:\/\/medalab.us\/pt-pt\/wp-json\/wp\/v2\/product\/3034","targetHints":{"allow":["GET"]}}],"collection":[{"href":"https:\/\/medalab.us\/pt-pt\/wp-json\/wp\/v2\/product"}],"about":[{"href":"https:\/\/medalab.us\/pt-pt\/wp-json\/wp\/v2\/types\/product"}],"replies":[{"embeddable":true,"href":"https:\/\/medalab.us\/pt-pt\/wp-json\/wp\/v2\/comments?post=3034"}],"wp:featuredmedia":[{"embeddable":true,"href":"https:\/\/medalab.us\/pt-pt\/wp-json\/wp\/v2\/media\/3038"}],"wp:attachment":[{"href":"https:\/\/medalab.us\/pt-pt\/wp-json\/wp\/v2\/media?parent=3034"}],"wp:term":[{"taxonomy":"product_brand","embeddable":true,"href":"https:\/\/medalab.us\/pt-pt\/wp-json\/wp\/v2\/product_brand?post=3034"},{"taxonomy":"product_cat","embeddable":true,"href":"https:\/\/medalab.us\/pt-pt\/wp-json\/wp\/v2\/product_cat?post=3034"},{"taxonomy":"product_tag","embeddable":true,"href":"https:\/\/medalab.us\/pt-pt\/wp-json\/wp\/v2\/product_tag?post=3034"}],"curies":[{"name":"wp","href":"https:\/\/api.w.org\/{rel}","templated":true}]}}