{"id":4894,"date":"2026-03-11T10:56:00","date_gmt":"2026-03-11T10:56:00","guid":{"rendered":"https:\/\/medalab.us\/?post_type=product&#038;p=4894"},"modified":"2026-04-16T10:01:51","modified_gmt":"2026-04-16T10:01:51","slug":"cds-starter-kit-preparacao-segura-pelo-dr-kalcker","status":"publish","type":"product","link":"https:\/\/medalab.us\/pt-pt\/product\/cds-starter-kit-preparacao-segura-pelo-dr-kalcker\/","title":{"rendered":"CDS Starter Kit \u2013 Prepara\u00e7\u00e3o Segura pelo Dr. Kalcker"},"content":{"rendered":"<p class=\"blue-alert mb-1\"><strong>Impostos n\u00e3o inclu\u00eddos.<\/strong> Ver\u00e1s o pre\u00e7o com imposto inclu\u00eddo quando seleccionares o teu pa\u00eds na p\u00e1gina de pagamento.<\/p>\n<p class=\"blue-alert\">Podem existir direitos aduaneiros em pa\u00edses n\u00e3o pertencentes \u00e0 UE.<\/p>\n","protected":false},"excerpt":{"rendered":"<p>O CDS Starter Kit re\u00fane numa \u00fanica caixa o material necess\u00e1rio para preparar CDS de forma mais simples, organizada e orientada.<\/p>\n<p class=\"border-bottom pb-4 mb-3\">Cada elemento do kit foi selecionado para facilitar o processo e evitar improvisa\u00e7\u00f5es, de modo que qualquer pessoa possa contar com as ferramentas adequadas para seguir o m\u00e9todo do Dr. Kalcker.<\/p>\n","protected":false},"featured_media":5053,"comment_status":"closed","ping_status":"closed","template":"","meta":[],"product_brand":[],"product_cat":[65],"product_tag":[],"class_list":{"0":"post-4894","1":"product","2":"type-product","3":"status-publish","4":"has-post-thumbnail","6":"product_cat-sem-categoria","8":"first","9":"instock","10":"virtual","11":"taxable","12":"purchasable","13":"product-type-bundle"},"bundled_by":[],"bundle_stock_status":"instock","bundle_stock_quantity":74,"bundle_virtual":false,"bundle_layout":"default","bundle_add_to_cart_form_location":"default","bundle_editable_in_cart":false,"bundle_sold_individually_context":"product","bundle_item_grouping":"parent","bundle_min_size":"","bundle_max_size":"","bundle_price":{"price":{"min":{"incl_tax":"43.9","excl_tax":"43.9"},"max":{"incl_tax":"43.9","excl_tax":"43.9"}},"regular_price":{"min":{"incl_tax":"43.9","excl_tax":"43.9"},"max":{"incl_tax":"43.9","excl_tax":"43.9"}}},"bundled_items":[{"bundled_item_id":52,"product_id":4872,"menu_order":0,"quantity_min":1,"quantity_max":1,"quantity_default":1,"priced_individually":false,"shipped_individually":false,"override_title":true,"title":"","override_description":true,"description":"","optional":false,"hide_thumbnail":false,"discount":"","override_variations":true,"allowed_variations":[4873,4874,4875,4876,4877],"override_default_variation_attributes":false,"default_variation_attributes":[],"single_product_visibility":"visible","cart_visibility":"visible","order_visibility":"visible","single_product_price_visibility":"visible","cart_price_visibility":"visible","order_price_visibility":"visible","stock_status":"in_stock"}],"bundle_sell_ids":[],"_links":{"self":[{"href":"https:\/\/medalab.us\/pt-pt\/wp-json\/wp\/v2\/product\/4894","targetHints":{"allow":["GET"]}}],"collection":[{"href":"https:\/\/medalab.us\/pt-pt\/wp-json\/wp\/v2\/product"}],"about":[{"href":"https:\/\/medalab.us\/pt-pt\/wp-json\/wp\/v2\/types\/product"}],"replies":[{"embeddable":true,"href":"https:\/\/medalab.us\/pt-pt\/wp-json\/wp\/v2\/comments?post=4894"}],"wp:featuredmedia":[{"embeddable":true,"href":"https:\/\/medalab.us\/pt-pt\/wp-json\/wp\/v2\/media\/5053"}],"wp:attachment":[{"href":"https:\/\/medalab.us\/pt-pt\/wp-json\/wp\/v2\/media?parent=4894"}],"wp:term":[{"taxonomy":"product_brand","embeddable":true,"href":"https:\/\/medalab.us\/pt-pt\/wp-json\/wp\/v2\/product_brand?post=4894"},{"taxonomy":"product_cat","embeddable":true,"href":"https:\/\/medalab.us\/pt-pt\/wp-json\/wp\/v2\/product_cat?post=4894"},{"taxonomy":"product_tag","embeddable":true,"href":"https:\/\/medalab.us\/pt-pt\/wp-json\/wp\/v2\/product_tag?post=4894"}],"curies":[{"name":"wp","href":"https:\/\/api.w.org\/{rel}","templated":true}]}}